{"id":107,"date":"2020-03-19T09:01:00","date_gmt":"2020-03-19T09:01:00","guid":{"rendered":"http:\/\/remotion.brandbar.eu\/?page_id=107"},"modified":"2023-03-12T16:01:31","modified_gmt":"2023-03-12T15:01:31","slug":"achilles","status":"publish","type":"page","link":"https:\/\/remotion.no\/pt\/our-systems\/achilles\/","title":{"rendered":"ACHILLES"},"content":{"rendered":"<p>Achilles \u00e9 um rob\u00f4 magn\u00e9tico el\u00e9trico de alta mobilidade projetado principalmente para opera\u00e7\u00f5es subaqu\u00e1ticas. A dire\u00e7\u00e3o \u00fanica e a tra\u00e7\u00e3o nas quatro rodas permitem que o rob\u00f4 enfrente geometrias muito diversas. O rob\u00f4 \u00e9 muito delicado com a superf\u00edcie tratada, minimizando o atrito torsional durante a manobra.<\/p>\n\n\n\n<p>Originalmente desenvolvido como o ve\u00edculo Helios, parte do sistema RoboCoat, uma joint venture formada pela Remotion AS e Aker BP para enfrentar o problema global da polui\u00e7\u00e3o por micropl\u00e1sticos.<\/p>\n\n\n\n<figure class=\"wp-block-image size-full\"><img decoding=\"async\" width=\"247\" height=\"300\" src=\"https:\/\/remotion.no\/wp-content\/uploads\/2022\/09\/Achilles-deployment.jpg\" alt=\"\" class=\"wp-image-1923\" srcset=\"https:\/\/remotion.no\/wp-content\/uploads\/2022\/09\/Achilles-deployment.jpg 247w, https:\/\/remotion.no\/wp-content\/uploads\/2022\/09\/Achilles-deployment-169x205.jpg 169w\" sizes=\"(max-width: 247px) 100vw, 247px\" \/><\/figure>\n\n\n\n<p>Achilles \u00e9 um ve\u00edculo compacto com uma pegada pequena e alta for\u00e7a magn\u00e9tica de aproximadamente 1.600 kg. \u00c9 um sistema totalmente el\u00e9trico, alimentado por meio de um cabo umbilical a partir de um ponto superior. Est\u00e1 equipado com duas c\u00e2meras pan &amp; tilt e quatro c\u00e2meras HD fixas.<\/p>\n\n\n\n<p>Achilles cruza estruturas com facilidade. Rodas de grande di\u00e2metro combinadas com uma suspens\u00e3o magn\u00e9tica adaptativa mant\u00eam os \u00edm\u00e3s paralelos \u00e0 superf\u00edcie e a for\u00e7a magn\u00e9tica constante. Dessa forma, os \u00edm\u00e3s se alinham automaticamente com a geometria em mudan\u00e7a da superf\u00edcie ferromagn\u00e9tica.<\/p>\n\n\n\n<figure class=\"wp-block-image size-full\"><img decoding=\"async\" width=\"750\" height=\"588\" src=\"https:\/\/remotion.no\/wp-content\/uploads\/2022\/09\/Achilles07-1.jpg\" alt=\"\" class=\"wp-image-1924\" srcset=\"https:\/\/remotion.no\/wp-content\/uploads\/2022\/09\/Achilles07-1.jpg 750w, https:\/\/remotion.no\/wp-content\/uploads\/2022\/09\/Achilles07-1-261x205.jpg 261w\" sizes=\"(max-width: 750px) 100vw, 750px\" \/><\/figure>\n\n\n\n<p>Com um Sistema de Libera\u00e7\u00e3o R\u00e1pida de Emerg\u00eancia (EQD), o ve\u00edculo pode ser desconectado e recuperado de volta ao conv\u00e9s se a comunica\u00e7\u00e3o for perdida.<\/p>\n\n\n\n<p>Achilles \u00e9 otimizado para opera\u00e7\u00f5es subaqu\u00e1ticas que exigem carga mais leve e movimento e manobra estendidos. Ele foi usado com sucesso para inspe\u00e7\u00f5es, veda\u00e7\u00e3o e limpeza, mas tamb\u00e9m pode transportar outras ferramentas. Por exemplo: o rob\u00f4 pode mergulhar com uma placa de cofragem de 450 mm entre as rodas, operada por dois atuadores lineares el\u00e9tricos e com uma ferramenta linear na frente. Ou pode operar com uma m\u00e1quina de moer el\u00e9trica e uma ferramenta de limpeza. Alguns exemplos de ferramentas adequados est\u00e3o ilustrados abaixo.<\/p>\n\n\n\n<figure class=\"wp-block-image size-full\"><img decoding=\"async\" width=\"641\" height=\"383\" src=\"https:\/\/remotion.no\/wp-content\/uploads\/2022\/09\/bilde-1.png\" alt=\"\" class=\"wp-image-1925\" srcset=\"https:\/\/remotion.no\/wp-content\/uploads\/2022\/09\/bilde-1.png 641w, https:\/\/remotion.no\/wp-content\/uploads\/2022\/09\/bilde-1-343x205.png 343w\" sizes=\"(max-width: 641px) 100vw, 641px\" \/><figcaption>Achilles com ferramenta linear de limpeza e moagem. <\/figcaption><\/figure>\n\n\n\n<figure class=\"wp-block-image size-full\"><img decoding=\"async\" width=\"570\" height=\"349\" src=\"https:\/\/remotion.no\/wp-content\/uploads\/2022\/09\/bilde-4.png\" alt=\"\" class=\"wp-image-1926\" srcset=\"https:\/\/remotion.no\/wp-content\/uploads\/2022\/09\/bilde-4.png 570w, https:\/\/remotion.no\/wp-content\/uploads\/2022\/09\/bilde-4-335x205.png 335w\" sizes=\"(max-width: 570px) 100vw, 570px\" \/><figcaption>Achilles com ferramenta de veda\u00e7\u00e3o de 24 polegadas.<\/figcaption><\/figure>\n\n\n\n<figure class=\"wp-block-image size-full\"><img decoding=\"async\" width=\"2560\" height=\"975\" src=\"https:\/\/remotion.no\/wp-content\/uploads\/2022\/09\/Achilles-with-Cleaning-Tool-Habitat-Right-Side-scaled.bmp\" alt=\"\" class=\"wp-image-1927\" srcset=\"https:\/\/remotion.no\/wp-content\/uploads\/2022\/09\/Achilles-with-Cleaning-Tool-Habitat-Right-Side-scaled.bmp 2560w, https:\/\/remotion.no\/wp-content\/uploads\/2022\/09\/Achilles-with-Cleaning-Tool-Habitat-Right-Side-1536x585.jpg 1536w, https:\/\/remotion.no\/wp-content\/uploads\/2022\/09\/Achilles-with-Cleaning-Tool-Habitat-Right-Side-2048x780.jpg 2048w, https:\/\/remotion.no\/wp-content\/uploads\/2022\/09\/Achilles-with-Cleaning-Tool-Habitat-Right-Side-538x205.jpg 538w\" sizes=\"(max-width: 2560px) 100vw, 2560px\" \/><figcaption>Achilles com ferramentas na frente e placa de cofragem de 450 mm entre as rodas.<\/figcaption><\/figure>\n\n\n\n<figure class=\"wp-block-table\"><table><tbody><tr><td><strong>Dados T\u00e9cnicos<\/strong><\/td><\/tr><tr><td>Dimens\u00f5es (C x L x A)<\/td><td>977mm x 1110mm x 700mm<\/td><\/tr><tr><td>Peso, seco<\/td><td>250 kg<\/td><\/tr><tr><td>For\u00e7a Magn\u00e9tica<\/td><td>1200 kg<\/td><\/tr><tr><td>Classifica\u00e7\u00e3o de profundidade<\/td><td>150m<\/td><\/tr><tr><td>Carga \u00fatil<\/td><td>100 kg<\/td><\/tr><tr><td>Outros<\/td><td>Sistema totalmente el\u00e9trico. Telemetria de fibra.<\/td><\/tr><\/tbody><\/table><\/figure>","protected":false},"excerpt":{"rendered":"<p>M-ROV totalmente el\u00e9trico, de alta mobilidade e leve<\/p>","protected":false},"author":12,"featured_media":656,"parent":25,"menu_order":40,"comment_status":"closed","ping_status":"closed","template":"templates\/our-systems-details.php","meta":{"_acf_changed":false,"footnotes":""},"class_list":["post-107","page","type-page","status-publish","has-post-thumbnail","hentry"],"acf":[],"yoast_head":"<!-- This site is optimized with the Yoast SEO plugin v26.8 - https:\/\/yoast.com\/product\/yoast-seo-wordpress\/ -->\n<title>ACHILLES - Remotion<\/title>\n<meta name=\"description\" content=\"Achilles is a high mobility, electric magnetic vehicle for subsea operations. With its unique steering and wheel drive it can tackle a high variety of geometries while it is gentle to the surface by minimising the torsional friction during manoeuvres. %\" \/>\n<meta name=\"robots\" content=\"index, follow, max-snippet:-1, max-image-preview:large, max-video-preview:-1\" \/>\n<link rel=\"canonical\" href=\"https:\/\/remotion.no\/pt\/our-systems\/achilles\/\" \/>\n<meta property=\"og:locale\" content=\"pt_PT\" \/>\n<meta property=\"og:type\" content=\"article\" \/>\n<meta property=\"og:title\" content=\"ACHILLES - Remotion\" \/>\n<meta property=\"og:description\" content=\"Achilles is a high mobility, electric magnetic vehicle for subsea operations. With its unique steering and wheel drive it can tackle a high variety of geometries while it is gentle to the surface by minimising the torsional friction during manoeuvres. %\" \/>\n<meta property=\"og:url\" content=\"https:\/\/remotion.no\/pt\/our-systems\/achilles\/\" \/>\n<meta property=\"og:site_name\" content=\"Remotion\" \/>\n<meta property=\"article:modified_time\" content=\"2023-03-12T15:01:31+00:00\" \/>\n<meta property=\"og:image\" content=\"https:\/\/remotion.no\/wp-content\/uploads\/2020\/11\/Achilles00.jpg\" \/>\n\t<meta property=\"og:image:width\" content=\"795\" \/>\n\t<meta property=\"og:image:height\" content=\"450\" \/>\n\t<meta property=\"og:image:type\" content=\"image\/jpeg\" \/>\n<meta name=\"twitter:card\" content=\"summary_large_image\" \/>\n<meta name=\"twitter:label1\" content=\"Est. reading time\" \/>\n\t<meta name=\"twitter:data1\" content=\"3 minutes\" \/>\n<script type=\"application\/ld+json\" class=\"yoast-schema-graph\">{\"@context\":\"https:\/\/schema.org\",\"@graph\":[{\"@type\":\"WebPage\",\"@id\":\"https:\/\/remotion.no\/our-systems\/achilles\/\",\"url\":\"https:\/\/remotion.no\/our-systems\/achilles\/\",\"name\":\"ACHILLES - Remotion\",\"isPartOf\":{\"@id\":\"https:\/\/remotion.no\/#website\"},\"primaryImageOfPage\":{\"@id\":\"https:\/\/remotion.no\/our-systems\/achilles\/#primaryimage\"},\"image\":{\"@id\":\"https:\/\/remotion.no\/our-systems\/achilles\/#primaryimage\"},\"thumbnailUrl\":\"https:\/\/remotion.no\/wp-content\/uploads\/2020\/11\/Achilles00.jpg\",\"datePublished\":\"2020-03-19T09:01:00+00:00\",\"dateModified\":\"2023-03-12T15:01:31+00:00\",\"description\":\"Achilles is a high mobility, electric magnetic vehicle for subsea operations. With its unique steering and wheel drive it can tackle a high variety of geometries while it is gentle to the surface by minimising the torsional friction during manoeuvres. %\",\"breadcrumb\":{\"@id\":\"https:\/\/remotion.no\/our-systems\/achilles\/#breadcrumb\"},\"inLanguage\":\"pt-PT\",\"potentialAction\":[{\"@type\":\"ReadAction\",\"target\":[\"https:\/\/remotion.no\/our-systems\/achilles\/\"]}]},{\"@type\":\"ImageObject\",\"inLanguage\":\"pt-PT\",\"@id\":\"https:\/\/remotion.no\/our-systems\/achilles\/#primaryimage\",\"url\":\"https:\/\/remotion.no\/wp-content\/uploads\/2020\/11\/Achilles00.jpg\",\"contentUrl\":\"https:\/\/remotion.no\/wp-content\/uploads\/2020\/11\/Achilles00.jpg\",\"width\":795,\"height\":450},{\"@type\":\"BreadcrumbList\",\"@id\":\"https:\/\/remotion.no\/our-systems\/achilles\/#breadcrumb\",\"itemListElement\":[{\"@type\":\"ListItem\",\"position\":1,\"name\":\"Home\",\"item\":\"https:\/\/remotion.no\/\"},{\"@type\":\"ListItem\",\"position\":2,\"name\":\"Our Robots\",\"item\":\"https:\/\/remotion.no\/our-systems\/\"},{\"@type\":\"ListItem\",\"position\":3,\"name\":\"ACHILLES\"}]},{\"@type\":\"WebSite\",\"@id\":\"https:\/\/remotion.no\/#website\",\"url\":\"https:\/\/remotion.no\/\",\"name\":\"Remotion\",\"description\":\"\",\"potentialAction\":[{\"@type\":\"SearchAction\",\"target\":{\"@type\":\"EntryPoint\",\"urlTemplate\":\"https:\/\/remotion.no\/?s={search_term_string}\"},\"query-input\":{\"@type\":\"PropertyValueSpecification\",\"valueRequired\":true,\"valueName\":\"search_term_string\"}}],\"inLanguage\":\"pt-PT\"}]}<\/script>\n<!-- \/ Yoast SEO plugin. -->","yoast_head_json":{"title":"ACHILLES - Remotion","description":"Achilles is a high mobility, electric magnetic vehicle for subsea operations. With its unique steering and wheel drive it can tackle a high variety of geometries while it is gentle to the surface by minimising the torsional friction during manoeuvres. %","robots":{"index":"index","follow":"follow","max-snippet":"max-snippet:-1","max-image-preview":"max-image-preview:large","max-video-preview":"max-video-preview:-1"},"canonical":"https:\/\/remotion.no\/pt\/our-systems\/achilles\/","og_locale":"pt_PT","og_type":"article","og_title":"ACHILLES - Remotion","og_description":"Achilles is a high mobility, electric magnetic vehicle for subsea operations. With its unique steering and wheel drive it can tackle a high variety of geometries while it is gentle to the surface by minimising the torsional friction during manoeuvres. %","og_url":"https:\/\/remotion.no\/pt\/our-systems\/achilles\/","og_site_name":"Remotion","article_modified_time":"2023-03-12T15:01:31+00:00","og_image":[{"width":795,"height":450,"url":"https:\/\/remotion.no\/wp-content\/uploads\/2020\/11\/Achilles00.jpg","type":"image\/jpeg"}],"twitter_card":"summary_large_image","twitter_misc":{"Est. reading time":"3 minutes"},"schema":{"@context":"https:\/\/schema.org","@graph":[{"@type":"WebPage","@id":"https:\/\/remotion.no\/our-systems\/achilles\/","url":"https:\/\/remotion.no\/our-systems\/achilles\/","name":"ACHILLES - Remotion","isPartOf":{"@id":"https:\/\/remotion.no\/#website"},"primaryImageOfPage":{"@id":"https:\/\/remotion.no\/our-systems\/achilles\/#primaryimage"},"image":{"@id":"https:\/\/remotion.no\/our-systems\/achilles\/#primaryimage"},"thumbnailUrl":"https:\/\/remotion.no\/wp-content\/uploads\/2020\/11\/Achilles00.jpg","datePublished":"2020-03-19T09:01:00+00:00","dateModified":"2023-03-12T15:01:31+00:00","description":"Achilles is a high mobility, electric magnetic vehicle for subsea operations. With its unique steering and wheel drive it can tackle a high variety of geometries while it is gentle to the surface by minimising the torsional friction during manoeuvres. %","breadcrumb":{"@id":"https:\/\/remotion.no\/our-systems\/achilles\/#breadcrumb"},"inLanguage":"pt-PT","potentialAction":[{"@type":"ReadAction","target":["https:\/\/remotion.no\/our-systems\/achilles\/"]}]},{"@type":"ImageObject","inLanguage":"pt-PT","@id":"https:\/\/remotion.no\/our-systems\/achilles\/#primaryimage","url":"https:\/\/remotion.no\/wp-content\/uploads\/2020\/11\/Achilles00.jpg","contentUrl":"https:\/\/remotion.no\/wp-content\/uploads\/2020\/11\/Achilles00.jpg","width":795,"height":450},{"@type":"BreadcrumbList","@id":"https:\/\/remotion.no\/our-systems\/achilles\/#breadcrumb","itemListElement":[{"@type":"ListItem","position":1,"name":"Home","item":"https:\/\/remotion.no\/"},{"@type":"ListItem","position":2,"name":"Our Robots","item":"https:\/\/remotion.no\/our-systems\/"},{"@type":"ListItem","position":3,"name":"ACHILLES"}]},{"@type":"WebSite","@id":"https:\/\/remotion.no\/#website","url":"https:\/\/remotion.no\/","name":"Remotion","description":"","potentialAction":[{"@type":"SearchAction","target":{"@type":"EntryPoint","urlTemplate":"https:\/\/remotion.no\/?s={search_term_string}"},"query-input":{"@type":"PropertyValueSpecification","valueRequired":true,"valueName":"search_term_string"}}],"inLanguage":"pt-PT"}]}},"_links":{"self":[{"href":"https:\/\/remotion.no\/pt\/wp-json\/wp\/v2\/pages\/107","targetHints":{"allow":["GET"]}}],"collection":[{"href":"https:\/\/remotion.no\/pt\/wp-json\/wp\/v2\/pages"}],"about":[{"href":"https:\/\/remotion.no\/pt\/wp-json\/wp\/v2\/types\/page"}],"author":[{"embeddable":true,"href":"https:\/\/remotion.no\/pt\/wp-json\/wp\/v2\/users\/12"}],"replies":[{"embeddable":true,"href":"https:\/\/remotion.no\/pt\/wp-json\/wp\/v2\/comments?post=107"}],"version-history":[{"count":22,"href":"https:\/\/remotion.no\/pt\/wp-json\/wp\/v2\/pages\/107\/revisions"}],"predecessor-version":[{"id":2032,"href":"https:\/\/remotion.no\/pt\/wp-json\/wp\/v2\/pages\/107\/revisions\/2032"}],"up":[{"embeddable":true,"href":"https:\/\/remotion.no\/pt\/wp-json\/wp\/v2\/pages\/25"}],"wp:featuredmedia":[{"embeddable":true,"href":"https:\/\/remotion.no\/pt\/wp-json\/wp\/v2\/media\/656"}],"wp:attachment":[{"href":"https:\/\/remotion.no\/pt\/wp-json\/wp\/v2\/media?parent=107"}],"curies":[{"name":"wp","href":"https:\/\/api.w.org\/{rel}","templated":true}]}}