{"id":110,"date":"2020-02-19T09:01:23","date_gmt":"2020-02-19T09:01:23","guid":{"rendered":"http:\/\/remotion.brandbar.eu\/?page_id=110"},"modified":"2023-03-12T15:40:07","modified_gmt":"2023-03-12T14:40:07","slug":"icarus","status":"publish","type":"page","link":"https:\/\/remotion.no\/pt\/our-systems\/icarus\/","title":{"rendered":"ICARUS"},"content":{"rendered":"<p>A equipe da Remotion desenvolveu o Icarus em 2017 para reformar condutores em uma das plataformas do mar do Norte da Noruega. Inicialmente, o operador da plataforma planejava realizar o trabalho ao longo de tr\u00eas anos, com t\u00e9cnicos de acesso por corda executando as tarefas necess\u00e1rias durante o ver\u00e3o. Enquanto isso, o rob\u00f4 Icarus concluiu a prepara\u00e7\u00e3o da superf\u00edcie em seis semanas, ilustrando o enorme potencial de efici\u00eancia do tratamento de superf\u00edcie rob\u00f3tico.<\/p>\n\n\n\n<p>A tecnologia est\u00e1 em conformidade com os padr\u00f5es offshore NORSOK Z-015 e \u00e9 aprovada para a Zona 02 ATEX. Em 2019 e 2020, o Icarus trabalhou em estruturas de jaqueta no campo de Oseberg, no mar do Norte na Noruega.<\/p>\n\n\n\n<p>Em 2021, os engenheiros da Remotion atualizaram o rob\u00f4 para realizar a coleta a v\u00e1cuo de detritos. Pouco depois, o Icarus realizou uma campanha de condutores na plataforma Sleipner A, no mar do Norte na Noruega.<\/p>\n\n\n\n<p>Ao contr\u00e1rio de outros modelos da Remotion, o Icarus usa tra\u00e7\u00e3o baseada em fric\u00e7\u00e3o, n\u00e3o magn\u00e9tica. Um mecanismo inspirado em grampo submarino de 4 pontos e uma estrutura com um atuador de fixa\u00e7\u00e3o com mola contra a tubula\u00e7\u00e3o. O acionamento el\u00e9trico do motor servo em todas as 16 rodas proporciona ao rob\u00f4 o m\u00e1ximo de fric\u00e7\u00e3o. \u00c9 uma m\u00e1quina leve que pode ser adaptada a v\u00e1rios tamanhos de tubo dentro da faixa de di\u00e2metro externo de 20 a 36 polegadas. Para tubula\u00e7\u00f5es maiores, um rob\u00f4 projetado sob medida est\u00e1 dispon\u00edvel mediante solicita\u00e7\u00e3o.<\/p>\n\n\n\n<p>A instala\u00e7\u00e3o sob o conv\u00e9s da plataforma requer a assist\u00eancia de t\u00e9cnicos de acesso. Uma vez instalado, o rob\u00f4 \u00e9 operado em modo semi-aut\u00f4nomo a partir de um controle remoto e monitorado a partir de um gabinete de controle na parte superior.<\/p>\n\n\n\n<p><strong>Icarus v1 em uma estrutura de jaqueta<\/strong><\/p>\n\n\n\n<figure class=\"wp-block-image size-full\"><img decoding=\"async\" width=\"1511\" height=\"1125\" src=\"https:\/\/remotion.no\/wp-content\/uploads\/2022\/09\/image-2.png\" alt=\"\" class=\"wp-image-1938\" srcset=\"https:\/\/remotion.no\/wp-content\/uploads\/2022\/09\/image-2.png 1511w, https:\/\/remotion.no\/wp-content\/uploads\/2022\/09\/image-2-275x205.png 275w\" sizes=\"(max-width: 1511px) 100vw, 1511px\" \/><\/figure>\n\n\n\n<p>O rob\u00f4 Icarus carrega um atuador circular de alcance de 360\u00ba que transporta v\u00e1rias ferramentas de limpeza e inspe\u00e7\u00e3o, incluindo bicos de jateamento UHP e HP, um coletor a v\u00e1cuo para detritos, envolvimento, c\u00e2meras, equipamentos de Ensaios N\u00e3o Destrutivos (END) e outros sensores.<\/p>\n\n\n\n<p><strong>Opera\u00e7\u00e3o de envolvimento offshore do Icarus v2<\/strong><\/p>\n\n\n\n<figure class=\"wp-block-image size-full\"><img decoding=\"async\" width=\"2560\" height=\"1704\" src=\"https:\/\/remotion.no\/wp-content\/uploads\/2022\/09\/DSC01734-scaled.jpg\" alt=\"\" class=\"wp-image-1940\" srcset=\"https:\/\/remotion.no\/wp-content\/uploads\/2022\/09\/DSC01734-scaled.jpg 2560w, https:\/\/remotion.no\/wp-content\/uploads\/2022\/09\/DSC01734-1536x1022.jpg 1536w, https:\/\/remotion.no\/wp-content\/uploads\/2022\/09\/DSC01734-2048x1363.jpg 2048w, https:\/\/remotion.no\/wp-content\/uploads\/2022\/09\/DSC01734-308x205.jpg 308w\" sizes=\"(max-width: 2560px) 100vw, 2560px\" \/><\/figure>\n\n\n\n<p><strong>Icarus v2 com ferramenta de envolvimento<\/strong><\/p>\n\n\n\n<figure class=\"wp-block-image size-full\"><img decoding=\"async\" width=\"746\" height=\"480\" src=\"https:\/\/remotion.no\/wp-content\/uploads\/2022\/09\/RM-05342-Small-1.jpg\" alt=\"\" class=\"wp-image-1939\" srcset=\"https:\/\/remotion.no\/wp-content\/uploads\/2022\/09\/RM-05342-Small-1.jpg 746w, https:\/\/remotion.no\/wp-content\/uploads\/2022\/09\/RM-05342-Small-1-319x205.jpg 319w\" sizes=\"(max-width: 746px) 100vw, 746px\" \/><\/figure>\n\n\n\n<p><strong>Veja o Icarus em a\u00e7\u00e3o:<\/strong><\/p>\n\n\n\n<div class=\"wp-block-group\"><div class=\"wp-block-group__inner-container is-layout-flow wp-block-group-is-layout-flow\">\n<div class=\"wp-block-columns is-layout-flex wp-container-core-columns-is-layout-9d6595d7 wp-block-columns-is-layout-flex\">\n<div class=\"wp-block-column is-layout-flow wp-block-column-is-layout-flow\" style=\"flex-basis:100%\">\n<div style=\"height:20px\" aria-hidden=\"true\" class=\"wp-block-spacer\"><\/div>\n\n\n\n<div style=\"padding:56.25% 0 0 0;position:relative;\"><iframe src=\"https:\/\/player.vimeo.com\/video\/730945258?h=ebdf10114b\" style=\"position:absolute;top:0;left:0;width:100%;height:100%;\" frameborder=\"0\" allow=\"autoplay; fullscreen; picture-in-picture\" allowfullscreen><\/iframe><\/div><script src=\"https:\/\/player.vimeo.com\/api\/player.js\"><\/script>\n<p><a href=\"https:\/\/vimeo.com\/730945258\">ICARUS Pipe Robot \u2013 Ferramenta de embrulho da Remotion no Vimeo.<\/a> from <a href=\"https:\/\/vimeo.com\/mrov\">Remotion<\/a> on <a href=\"https:\/\/vimeo.com\">Vimeo<\/a>.<\/p>\n<\/div>\n<\/div>\n<\/div><\/div>","protected":false},"excerpt":{"rendered":"<p>Rob\u00f4 para tubula\u00e7\u00f5es para aumentar a seguran\u00e7a e efici\u00eancia na manuten\u00e7\u00e3o de tubula\u00e7\u00f5es. <\/p>","protected":false},"author":12,"featured_media":1904,"parent":25,"menu_order":50,"comment_status":"closed","ping_status":"closed","template":"templates\/our-systems-details.php","meta":{"_acf_changed":false,"footnotes":""},"class_list":["post-110","page","type-page","status-publish","has-post-thumbnail","hentry"],"acf":[],"yoast_head":"<!-- This site is optimized with the Yoast SEO plugin v26.8 - https:\/\/yoast.com\/product\/yoast-seo-wordpress\/ -->\n<title>ICARUS - Remotion<\/title>\n<meta name=\"description\" content=\"Pipe robot to boost safety and efficiency on pipe maintenance. For surface preparation and wrapping of pipes. Approved for- and solid track record from offshore operations.\" \/>\n<meta name=\"robots\" content=\"index, follow, max-snippet:-1, max-image-preview:large, max-video-preview:-1\" \/>\n<link rel=\"canonical\" href=\"https:\/\/remotion.no\/pt\/our-systems\/icarus\/\" \/>\n<meta property=\"og:locale\" content=\"pt_PT\" \/>\n<meta property=\"og:type\" content=\"article\" \/>\n<meta property=\"og:title\" content=\"ICARUS - Remotion\" \/>\n<meta property=\"og:description\" content=\"Pipe robot to boost safety and efficiency on pipe maintenance. For surface preparation and wrapping of pipes. Approved for- and solid track record from offshore operations.\" \/>\n<meta property=\"og:url\" content=\"https:\/\/remotion.no\/pt\/our-systems\/icarus\/\" \/>\n<meta property=\"og:site_name\" content=\"Remotion\" \/>\n<meta property=\"article:modified_time\" content=\"2023-03-12T14:40:07+00:00\" \/>\n<meta property=\"og:image\" content=\"https:\/\/remotion.no\/wp-content\/uploads\/2022\/09\/Icarus-with-wrapping-tool-e1662853472888.jpg\" \/>\n\t<meta property=\"og:image:width\" content=\"435\" \/>\n\t<meta property=\"og:image:height\" content=\"422\" \/>\n\t<meta property=\"og:image:type\" content=\"image\/jpeg\" \/>\n<meta name=\"twitter:card\" content=\"summary_large_image\" \/>\n<meta name=\"twitter:label1\" content=\"Est. reading time\" \/>\n\t<meta name=\"twitter:data1\" content=\"2 minutes\" \/>\n<script type=\"application\/ld+json\" class=\"yoast-schema-graph\">{\"@context\":\"https:\/\/schema.org\",\"@graph\":[{\"@type\":\"WebPage\",\"@id\":\"https:\/\/remotion.no\/our-systems\/icarus\/\",\"url\":\"https:\/\/remotion.no\/our-systems\/icarus\/\",\"name\":\"ICARUS - Remotion\",\"isPartOf\":{\"@id\":\"https:\/\/remotion.no\/#website\"},\"primaryImageOfPage\":{\"@id\":\"https:\/\/remotion.no\/our-systems\/icarus\/#primaryimage\"},\"image\":{\"@id\":\"https:\/\/remotion.no\/our-systems\/icarus\/#primaryimage\"},\"thumbnailUrl\":\"https:\/\/remotion.no\/wp-content\/uploads\/2022\/09\/Icarus-with-wrapping-tool-e1662853472888.jpg\",\"datePublished\":\"2020-02-19T09:01:23+00:00\",\"dateModified\":\"2023-03-12T14:40:07+00:00\",\"description\":\"Pipe robot to boost safety and efficiency on pipe maintenance. For surface preparation and wrapping of pipes. Approved for- and solid track record from offshore operations.\",\"breadcrumb\":{\"@id\":\"https:\/\/remotion.no\/our-systems\/icarus\/#breadcrumb\"},\"inLanguage\":\"pt-PT\",\"potentialAction\":[{\"@type\":\"ReadAction\",\"target\":[\"https:\/\/remotion.no\/our-systems\/icarus\/\"]}]},{\"@type\":\"ImageObject\",\"inLanguage\":\"pt-PT\",\"@id\":\"https:\/\/remotion.no\/our-systems\/icarus\/#primaryimage\",\"url\":\"https:\/\/remotion.no\/wp-content\/uploads\/2022\/09\/Icarus-with-wrapping-tool-e1662853472888.jpg\",\"contentUrl\":\"https:\/\/remotion.no\/wp-content\/uploads\/2022\/09\/Icarus-with-wrapping-tool-e1662853472888.jpg\",\"width\":435,\"height\":422},{\"@type\":\"BreadcrumbList\",\"@id\":\"https:\/\/remotion.no\/our-systems\/icarus\/#breadcrumb\",\"itemListElement\":[{\"@type\":\"ListItem\",\"position\":1,\"name\":\"Home\",\"item\":\"https:\/\/remotion.no\/\"},{\"@type\":\"ListItem\",\"position\":2,\"name\":\"Our Robots\",\"item\":\"https:\/\/remotion.no\/our-systems\/\"},{\"@type\":\"ListItem\",\"position\":3,\"name\":\"ICARUS\"}]},{\"@type\":\"WebSite\",\"@id\":\"https:\/\/remotion.no\/#website\",\"url\":\"https:\/\/remotion.no\/\",\"name\":\"Remotion\",\"description\":\"\",\"potentialAction\":[{\"@type\":\"SearchAction\",\"target\":{\"@type\":\"EntryPoint\",\"urlTemplate\":\"https:\/\/remotion.no\/?s={search_term_string}\"},\"query-input\":{\"@type\":\"PropertyValueSpecification\",\"valueRequired\":true,\"valueName\":\"search_term_string\"}}],\"inLanguage\":\"pt-PT\"}]}<\/script>\n<!-- \/ Yoast SEO plugin. -->","yoast_head_json":{"title":"ICARUS - Remotion","description":"Pipe robot to boost safety and efficiency on pipe maintenance. For surface preparation and wrapping of pipes. Approved for- and solid track record from offshore operations.","robots":{"index":"index","follow":"follow","max-snippet":"max-snippet:-1","max-image-preview":"max-image-preview:large","max-video-preview":"max-video-preview:-1"},"canonical":"https:\/\/remotion.no\/pt\/our-systems\/icarus\/","og_locale":"pt_PT","og_type":"article","og_title":"ICARUS - Remotion","og_description":"Pipe robot to boost safety and efficiency on pipe maintenance. For surface preparation and wrapping of pipes. Approved for- and solid track record from offshore operations.","og_url":"https:\/\/remotion.no\/pt\/our-systems\/icarus\/","og_site_name":"Remotion","article_modified_time":"2023-03-12T14:40:07+00:00","og_image":[{"width":435,"height":422,"url":"https:\/\/remotion.no\/wp-content\/uploads\/2022\/09\/Icarus-with-wrapping-tool-e1662853472888.jpg","type":"image\/jpeg"}],"twitter_card":"summary_large_image","twitter_misc":{"Est. reading time":"2 minutes"},"schema":{"@context":"https:\/\/schema.org","@graph":[{"@type":"WebPage","@id":"https:\/\/remotion.no\/our-systems\/icarus\/","url":"https:\/\/remotion.no\/our-systems\/icarus\/","name":"ICARUS - Remotion","isPartOf":{"@id":"https:\/\/remotion.no\/#website"},"primaryImageOfPage":{"@id":"https:\/\/remotion.no\/our-systems\/icarus\/#primaryimage"},"image":{"@id":"https:\/\/remotion.no\/our-systems\/icarus\/#primaryimage"},"thumbnailUrl":"https:\/\/remotion.no\/wp-content\/uploads\/2022\/09\/Icarus-with-wrapping-tool-e1662853472888.jpg","datePublished":"2020-02-19T09:01:23+00:00","dateModified":"2023-03-12T14:40:07+00:00","description":"Pipe robot to boost safety and efficiency on pipe maintenance. For surface preparation and wrapping of pipes. Approved for- and solid track record from offshore operations.","breadcrumb":{"@id":"https:\/\/remotion.no\/our-systems\/icarus\/#breadcrumb"},"inLanguage":"pt-PT","potentialAction":[{"@type":"ReadAction","target":["https:\/\/remotion.no\/our-systems\/icarus\/"]}]},{"@type":"ImageObject","inLanguage":"pt-PT","@id":"https:\/\/remotion.no\/our-systems\/icarus\/#primaryimage","url":"https:\/\/remotion.no\/wp-content\/uploads\/2022\/09\/Icarus-with-wrapping-tool-e1662853472888.jpg","contentUrl":"https:\/\/remotion.no\/wp-content\/uploads\/2022\/09\/Icarus-with-wrapping-tool-e1662853472888.jpg","width":435,"height":422},{"@type":"BreadcrumbList","@id":"https:\/\/remotion.no\/our-systems\/icarus\/#breadcrumb","itemListElement":[{"@type":"ListItem","position":1,"name":"Home","item":"https:\/\/remotion.no\/"},{"@type":"ListItem","position":2,"name":"Our Robots","item":"https:\/\/remotion.no\/our-systems\/"},{"@type":"ListItem","position":3,"name":"ICARUS"}]},{"@type":"WebSite","@id":"https:\/\/remotion.no\/#website","url":"https:\/\/remotion.no\/","name":"Remotion","description":"","potentialAction":[{"@type":"SearchAction","target":{"@type":"EntryPoint","urlTemplate":"https:\/\/remotion.no\/?s={search_term_string}"},"query-input":{"@type":"PropertyValueSpecification","valueRequired":true,"valueName":"search_term_string"}}],"inLanguage":"pt-PT"}]}},"_links":{"self":[{"href":"https:\/\/remotion.no\/pt\/wp-json\/wp\/v2\/pages\/110","targetHints":{"allow":["GET"]}}],"collection":[{"href":"https:\/\/remotion.no\/pt\/wp-json\/wp\/v2\/pages"}],"about":[{"href":"https:\/\/remotion.no\/pt\/wp-json\/wp\/v2\/types\/page"}],"author":[{"embeddable":true,"href":"https:\/\/remotion.no\/pt\/wp-json\/wp\/v2\/users\/12"}],"replies":[{"embeddable":true,"href":"https:\/\/remotion.no\/pt\/wp-json\/wp\/v2\/comments?post=110"}],"version-history":[{"count":31,"href":"https:\/\/remotion.no\/pt\/wp-json\/wp\/v2\/pages\/110\/revisions"}],"predecessor-version":[{"id":2033,"href":"https:\/\/remotion.no\/pt\/wp-json\/wp\/v2\/pages\/110\/revisions\/2033"}],"up":[{"embeddable":true,"href":"https:\/\/remotion.no\/pt\/wp-json\/wp\/v2\/pages\/25"}],"wp:featuredmedia":[{"embeddable":true,"href":"https:\/\/remotion.no\/pt\/wp-json\/wp\/v2\/media\/1904"}],"wp:attachment":[{"href":"https:\/\/remotion.no\/pt\/wp-json\/wp\/v2\/media?parent=110"}],"curies":[{"name":"wp","href":"https:\/\/api.w.org\/{rel}","templated":true}]}}