{"id":1722,"date":"2022-04-01T10:39:35","date_gmt":"2022-04-01T09:39:35","guid":{"rendered":"https:\/\/remotion.no\/?page_id=1722"},"modified":"2025-08-12T07:46:26","modified_gmt":"2025-08-12T06:46:26","slug":"splash-zone","status":"publish","type":"page","link":"https:\/\/remotion.no\/pt\/splash-zone\/","title":{"rendered":"ZONA DE IMPACTO DE ONDAS"},"content":{"rendered":"<p>Nossos rob\u00f4s avan\u00e7ados oferecem resist\u00eancia e efici\u00eancia incompar\u00e1veis ao realizar tarefas desafiadoras na zona de impacto de ondas. Com maior resist\u00eancia \u00e0s condi\u00e7\u00f5es clim\u00e1ticas, seguran\u00e7a aprimorada, custos reduzidos e opera\u00e7\u00e3o direta a partir da embarca\u00e7\u00e3o, nossa tecnologia estabelece um novo padr\u00e3o para a ind\u00fastria offshore.&nbsp;<\/p>\n\n\n\n<p><strong>O Goliath<\/strong>&nbsp;\u00e9 projetado para transportar cargas pesadas ao longo de cascos de a\u00e7o e estruturas na zona de impacto de ondas. A tecnologia opera bem em condi\u00e7\u00f5es desafiadoras de ondas de at\u00e9 4,5 metros Hs. As capacidades do Goliath s\u00e3o utilizadas em:&nbsp;<\/p>\n\n\n\n<ul class=\"wp-block-list\">\n<li>Instala\u00e7\u00e3o de coferdame para cegamento de entradas de \u00e1gua<\/li>\n\n\n\n<li>Reparos de fissuras no casco<\/li>\n\n\n\n<li>Inspe\u00e7\u00e3o n\u00e3o destrutiva<\/li>\n\n\n\n<li>Limpeza <\/li>\n<\/ul>\n\n\n\n<p><\/p>\n\n\n\n<p><strong>O Hercules<\/strong>&nbsp;trabalha eficientemente na zona de impacto de ondas em condi\u00e7\u00f5es de ondas de at\u00e9 3,5 metros Hs. O excepcional raio de giro e a pegada compacta permitem que a m\u00e1quina manobre facilmente ao redor de obst\u00e1culos e passagens estreitas nas estruturas do casco. O Hercules \u00e9 usado para:<\/p>\n\n\n\n<ul class=\"wp-block-list\">\n<li>Testes n\u00e3o destrutivos<\/li>\n\n\n\n<li>Inspe\u00e7\u00e3o visual pr\u00f3xima<\/li>\n\n\n\n<li>Limpeza do casco offshore<\/li>\n\n\n\n<li>Recupera\u00e7\u00e3o de \u00e2ncoras de suc\u00e7\u00e3o<\/li>\n<\/ul>\n\n\n\n<p><\/p>\n\n\n\n<p><strong>Achilles<\/strong>&nbsp;\u00e9 um ve\u00edculo compacto totalmente el\u00e9trico, com uma pegada pequena e alta for\u00e7a magn\u00e9tica. A m\u00e1quina \u00e9 equipada com dois sistemas de inclina\u00e7\u00e3o e panor\u00e2mica, al\u00e9m de quatro c\u00e2meras HD fixas. Achilles foi otimizado para opera\u00e7\u00f5es subaqu\u00e1ticas que exigem uma carga mais leve e movimenta\u00e7\u00e3o estendida para geometrias desafiadoras. O rob\u00f4 \u00e9 usado para:<\/p>\n\n\n\n<ul class=\"wp-block-list\">\n<li>Inspe\u00e7\u00e3o<\/li>\n\n\n\n<li>Veda\u00e7\u00e3o de entradas de \u00e1gua<\/li>\n\n\n\n<li>Instala\u00e7\u00e3o de coferdames&nbsp;<\/li>\n\n\n\n<li>Limpeza<\/li>\n<\/ul>","protected":false},"excerpt":{"rendered":"<p>Our advanced robots offer unmatched resilience and efficiency performing challenging tasks in the splash zone. Featuring increased weather resistance, enhanced safety, reduced costs and operated directly from the vessel, our technology sets a new standard for the offshore industry.&nbsp; Goliath&nbsp;is designed to carry high payloads along steel hulls and structures in the splash zone. The [&hellip;]<\/p>","protected":false},"author":12,"featured_media":0,"parent":0,"menu_order":0,"comment_status":"closed","ping_status":"closed","template":"","meta":{"_acf_changed":false,"footnotes":""},"class_list":["post-1722","page","type-page","status-publish","hentry"],"acf":[],"yoast_head":"<!-- This site is optimized with the Yoast SEO plugin v26.8 - https:\/\/yoast.com\/product\/yoast-seo-wordpress\/ -->\n<title>Splash Zone - Remotion<\/title>\n<meta name=\"robots\" content=\"index, follow, max-snippet:-1, max-image-preview:large, max-video-preview:-1\" \/>\n<link rel=\"canonical\" href=\"https:\/\/remotion.no\/pt\/splash-zone\/\" \/>\n<meta property=\"og:locale\" content=\"pt_PT\" \/>\n<meta property=\"og:type\" content=\"article\" \/>\n<meta property=\"og:title\" content=\"Splash Zone - Remotion\" \/>\n<meta property=\"og:description\" content=\"Our advanced robots offer unmatched resilience and efficiency performing challenging tasks in the splash zone. Featuring increased weather resistance, enhanced safety, reduced costs and operated directly from the vessel, our technology sets a new standard for the offshore industry.&nbsp; Goliath&nbsp;is designed to carry high payloads along steel hulls and structures in the splash zone. The [&hellip;]\" \/>\n<meta property=\"og:url\" content=\"https:\/\/remotion.no\/pt\/splash-zone\/\" \/>\n<meta property=\"og:site_name\" content=\"Remotion\" \/>\n<meta property=\"article:modified_time\" content=\"2025-08-12T06:46:26+00:00\" \/>\n<meta name=\"twitter:card\" content=\"summary_large_image\" \/>\n<meta name=\"twitter:label1\" content=\"Est. reading time\" \/>\n\t<meta name=\"twitter:data1\" content=\"1 minute\" \/>\n<script type=\"application\/ld+json\" class=\"yoast-schema-graph\">{\"@context\":\"https:\/\/schema.org\",\"@graph\":[{\"@type\":\"WebPage\",\"@id\":\"https:\/\/remotion.no\/splash-zone\/\",\"url\":\"https:\/\/remotion.no\/splash-zone\/\",\"name\":\"Splash Zone - Remotion\",\"isPartOf\":{\"@id\":\"https:\/\/remotion.no\/#website\"},\"datePublished\":\"2022-04-01T09:39:35+00:00\",\"dateModified\":\"2025-08-12T06:46:26+00:00\",\"breadcrumb\":{\"@id\":\"https:\/\/remotion.no\/splash-zone\/#breadcrumb\"},\"inLanguage\":\"pt-PT\",\"potentialAction\":[{\"@type\":\"ReadAction\",\"target\":[\"https:\/\/remotion.no\/splash-zone\/\"]}]},{\"@type\":\"BreadcrumbList\",\"@id\":\"https:\/\/remotion.no\/splash-zone\/#breadcrumb\",\"itemListElement\":[{\"@type\":\"ListItem\",\"position\":1,\"name\":\"Home\",\"item\":\"https:\/\/remotion.no\/\"},{\"@type\":\"ListItem\",\"position\":2,\"name\":\"Splash Zone\"}]},{\"@type\":\"WebSite\",\"@id\":\"https:\/\/remotion.no\/#website\",\"url\":\"https:\/\/remotion.no\/\",\"name\":\"Remotion\",\"description\":\"\",\"potentialAction\":[{\"@type\":\"SearchAction\",\"target\":{\"@type\":\"EntryPoint\",\"urlTemplate\":\"https:\/\/remotion.no\/?s={search_term_string}\"},\"query-input\":{\"@type\":\"PropertyValueSpecification\",\"valueRequired\":true,\"valueName\":\"search_term_string\"}}],\"inLanguage\":\"pt-PT\"}]}<\/script>\n<!-- \/ Yoast SEO plugin. -->","yoast_head_json":{"title":"Splash Zone - Remotion","robots":{"index":"index","follow":"follow","max-snippet":"max-snippet:-1","max-image-preview":"max-image-preview:large","max-video-preview":"max-video-preview:-1"},"canonical":"https:\/\/remotion.no\/pt\/splash-zone\/","og_locale":"pt_PT","og_type":"article","og_title":"Splash Zone - Remotion","og_description":"Our advanced robots offer unmatched resilience and efficiency performing challenging tasks in the splash zone. Featuring increased weather resistance, enhanced safety, reduced costs and operated directly from the vessel, our technology sets a new standard for the offshore industry.&nbsp; Goliath&nbsp;is designed to carry high payloads along steel hulls and structures in the splash zone. The [&hellip;]","og_url":"https:\/\/remotion.no\/pt\/splash-zone\/","og_site_name":"Remotion","article_modified_time":"2025-08-12T06:46:26+00:00","twitter_card":"summary_large_image","twitter_misc":{"Est. reading time":"1 minute"},"schema":{"@context":"https:\/\/schema.org","@graph":[{"@type":"WebPage","@id":"https:\/\/remotion.no\/splash-zone\/","url":"https:\/\/remotion.no\/splash-zone\/","name":"Splash Zone - Remotion","isPartOf":{"@id":"https:\/\/remotion.no\/#website"},"datePublished":"2022-04-01T09:39:35+00:00","dateModified":"2025-08-12T06:46:26+00:00","breadcrumb":{"@id":"https:\/\/remotion.no\/splash-zone\/#breadcrumb"},"inLanguage":"pt-PT","potentialAction":[{"@type":"ReadAction","target":["https:\/\/remotion.no\/splash-zone\/"]}]},{"@type":"BreadcrumbList","@id":"https:\/\/remotion.no\/splash-zone\/#breadcrumb","itemListElement":[{"@type":"ListItem","position":1,"name":"Home","item":"https:\/\/remotion.no\/"},{"@type":"ListItem","position":2,"name":"Splash Zone"}]},{"@type":"WebSite","@id":"https:\/\/remotion.no\/#website","url":"https:\/\/remotion.no\/","name":"Remotion","description":"","potentialAction":[{"@type":"SearchAction","target":{"@type":"EntryPoint","urlTemplate":"https:\/\/remotion.no\/?s={search_term_string}"},"query-input":{"@type":"PropertyValueSpecification","valueRequired":true,"valueName":"search_term_string"}}],"inLanguage":"pt-PT"}]}},"_links":{"self":[{"href":"https:\/\/remotion.no\/pt\/wp-json\/wp\/v2\/pages\/1722","targetHints":{"allow":["GET"]}}],"collection":[{"href":"https:\/\/remotion.no\/pt\/wp-json\/wp\/v2\/pages"}],"about":[{"href":"https:\/\/remotion.no\/pt\/wp-json\/wp\/v2\/types\/page"}],"author":[{"embeddable":true,"href":"https:\/\/remotion.no\/pt\/wp-json\/wp\/v2\/users\/12"}],"replies":[{"embeddable":true,"href":"https:\/\/remotion.no\/pt\/wp-json\/wp\/v2\/comments?post=1722"}],"version-history":[{"count":8,"href":"https:\/\/remotion.no\/pt\/wp-json\/wp\/v2\/pages\/1722\/revisions"}],"predecessor-version":[{"id":2332,"href":"https:\/\/remotion.no\/pt\/wp-json\/wp\/v2\/pages\/1722\/revisions\/2332"}],"wp:attachment":[{"href":"https:\/\/remotion.no\/pt\/wp-json\/wp\/v2\/media?parent=1722"}],"curies":[{"name":"wp","href":"https:\/\/api.w.org\/{rel}","templated":true}]}}