{"id":1726,"date":"2022-04-01T10:44:21","date_gmt":"2022-04-01T09:44:21","guid":{"rendered":"https:\/\/remotion.no\/?page_id=1726"},"modified":"2025-08-12T07:47:11","modified_gmt":"2025-08-12T06:47:11","slug":"surface-treatment","status":"publish","type":"page","link":"https:\/\/remotion.no\/pt\/surface-treatment\/","title":{"rendered":"MANUTEN\u00c7\u00c3O ROB\u00d3TICA DE ESTRUTURA"},"content":{"rendered":"<p>Nossas solu\u00e7\u00f5es rob\u00f3ticas tornam as opera\u00e7\u00f5es de manuten\u00e7\u00e3o de estruturas mais sustent\u00e1veis e seguras para os funcion\u00e1rios e meio ambiente. Todos os trabalhos podem ser realizados offshore com efici\u00eancia superior e excelente precis\u00e3o. Atualmente, nossos servi\u00e7os incluem:<\/p>\n\n\n\n<p><strong>Jateamento de \u00c1gua Ultra-Alta Press\u00e3o e Suc\u00e7\u00e3o a V\u00e1cuo<\/strong><\/p>\n\n\n\n<p>A tecnologia RoboCoat da Remotion combina \u00e1gua de ultra-alta press\u00e3o (UHP) com suc\u00e7\u00e3o a v\u00e1cuo para remover revestimentos antigos. A tinta raspada e a \u00e1gua do jateamento passam por uma mangueira de v\u00e1cuo para uma unidade de filtragem a bordo, onde as part\u00edculas de tinta s\u00e3o separadas e os res\u00edduos s\u00e3o tratados. Um jato de \u00e1gua de 40 l\/min a 2.500 bar torna todo o processo muito eficiente: o rob\u00f4 pode completar 60m2 de superf\u00edcie por hora. O rob\u00f4 acionado por rodas possui dire\u00e7\u00e3o diferencial avan\u00e7ada para manobrar suavemente sobre a superf\u00edcie. Acionamentos e software de controle avan\u00e7ados garantem grande precis\u00e3o operacional.&nbsp;<\/p>\n\n\n\n<p><strong>Jateamento de Areia a V\u00e1cuo<\/strong><\/p>\n\n\n\n<p>Nosso rob\u00f4 Helios pode realizar eficientemente o jateamento de areia na superf\u00edcie para alcan\u00e7ar o perfil desejado. Os agentes de jateamento e a poeira s\u00e3o transportados de volta ao conv\u00e9s por uma linha de v\u00e1cuo, onde os abrasivos s\u00e3o reciclados e os res\u00edduos s\u00e3o armazenados. A tecnologia apresenta uma efici\u00eancia de 10m2 de superf\u00edcie por hora.<\/p>\n\n\n\n<p><strong>Revestimento<\/strong><\/p>\n\n\n\n<p>A Remotion desenvolveu uma cabine de pulveriza\u00e7\u00e3o autom\u00e1tica sem poeira para pulveriza\u00e7\u00e3o sem ar. O sistema possui um filtro embutido e suc\u00e7\u00e3o para controlar a poeira e os vapores da pulveriza\u00e7\u00e3o. Os usu\u00e1rios podem calibrar precisamente a ferramenta para a espessura desejada do filme \u00famido (WTF, na sigla em ingl\u00eas). O cap\u00f4 de prote\u00e7\u00e3o da tinta spray assegura press\u00e3o e dist\u00e2ncia otimizadas em rela\u00e7\u00e3o \u00e0 superf\u00edcie. Isso tamb\u00e9m aumenta significativamente a efici\u00eancia de transfer\u00eancia.&nbsp;<\/p>\n\n\n\n<p>Nossa tecnologia rob\u00f3tica avan\u00e7ada oferece benef\u00edcios significativos:<\/p>\n\n\n\n<p><strong>Efici\u00eancia<\/strong><\/p>\n\n\n\n<p>Com nosso sistema RoboCoat, todas as opera\u00e7\u00f5es de manuten\u00e7\u00e3o de tecidos s\u00e3o realizadas offshore sem interromper a produ\u00e7\u00e3o e as rotinas di\u00e1rias de trabalho de uma plataforma. N\u00e3o \u00e9 necess\u00e1rio atracar um navio em terra para manuten\u00e7\u00e3o do casco.<\/p>\n\n\n\n<p>Devido \u00e0 sua consider\u00e1vel for\u00e7a magn\u00e9tica de fixa\u00e7\u00e3o, nosso rob\u00f4 Helios oferece efici\u00eancia \u00fanica e incompar\u00e1vel na ind\u00fastria. A m\u00e1quina visa concluir 60m2 de superf\u00edcie por turno de trabalho, em compara\u00e7\u00e3o com os estimados 3m2 geralmente conclu\u00eddos por m\u00e3o de obra manual para todas as sequ\u00eancias em um sistema de repintura de cascos; desengraxar, remover tinta antiga, restabelecer o perfil da superf\u00edcie e um sistema de revestimento de tr\u00eas camadas.<\/p>\n\n\n\n<p><strong>Ambiental e Conformidade<\/strong><\/p>\n\n\n\n<p>Part\u00edculas de tinta e micropl\u00e1sticos frequentemente s\u00e3o liberados no ambiente natural durante opera\u00e7\u00f5es de manuten\u00e7\u00e3o de estruturas. Esses elementos s\u00e3o extremamente t\u00f3xicos para a vida marinha, liberando \u00ed\u00f5es de metal venenosos e prejudicando aves, mam\u00edferos e outras formas de vida selvagem. Al\u00e9m disso, produtos qu\u00edmicos lixiviados de micropl\u00e1sticos, incluindo Pb, s\u00e3o nocivos para bact\u00e9rias, invertebrados e peixes.&nbsp;<\/p>\n\n\n\n<p>A Remotion desenvolveu uma tecnologia \u00fanica para lidar com esse problema: um sistema de tratamento de superf\u00edcie totalmente operado remotamente, eficiente e completo,&nbsp;<strong>sem emiss\u00f5es para o ambiente natural.<\/strong><\/p>\n\n\n\n<p><strong>Seguran\u00e7a<\/strong><\/p>\n\n\n\n<p>Implantar rob\u00f4s para transportar ferramentas pesadas e perigosas \u00e9 muito mais seguro do que envolver funcion\u00e1rios na execu\u00e7\u00e3o de tarefas de manuten\u00e7\u00e3o de tecidos. Nossas m\u00e1quinas podem trabalhar eficientemente em diversas condi\u00e7\u00f5es clim\u00e1ticas, poupando a equipe da exposi\u00e7\u00e3o ao ru\u00eddo, for\u00e7a reativa, trabalho em alturas e press\u00f5es ultraelevadas.<\/p>\n\n\n\n<p><\/p>","protected":false},"excerpt":{"rendered":"<p>Our robotic solutions make fabric maintenance operations more sustainable and safer for personnel and the environment. All works can be performed offshore with superior efficiency and excellent precision. Currently, our services include: Ultra-high Pressure Vacuum Blasting Remotion\u2019s RoboCoat technology combines Ultra High-Pressure (UHP) water with vacuum suction to remove old coating. The scrapped paint and [&hellip;]<\/p>","protected":false},"author":12,"featured_media":0,"parent":0,"menu_order":0,"comment_status":"closed","ping_status":"closed","template":"","meta":{"_acf_changed":false,"footnotes":""},"class_list":["post-1726","page","type-page","status-publish","hentry"],"acf":[],"yoast_head":"<!-- This site is optimized with the Yoast SEO plugin v26.8 - https:\/\/yoast.com\/product\/yoast-seo-wordpress\/ -->\n<title>Robotic Fabric Maintenance - Remotion<\/title>\n<meta name=\"robots\" content=\"index, follow, max-snippet:-1, max-image-preview:large, max-video-preview:-1\" \/>\n<link rel=\"canonical\" href=\"https:\/\/remotion.no\/pt\/surface-treatment\/\" \/>\n<meta property=\"og:locale\" content=\"pt_PT\" \/>\n<meta property=\"og:type\" content=\"article\" \/>\n<meta property=\"og:title\" content=\"Robotic Fabric Maintenance - Remotion\" \/>\n<meta property=\"og:description\" content=\"Our robotic solutions make fabric maintenance operations more sustainable and safer for personnel and the environment. All works can be performed offshore with superior efficiency and excellent precision. Currently, our services include: Ultra-high Pressure Vacuum Blasting Remotion\u2019s RoboCoat technology combines Ultra High-Pressure (UHP) water with vacuum suction to remove old coating. The scrapped paint and [&hellip;]\" \/>\n<meta property=\"og:url\" content=\"https:\/\/remotion.no\/pt\/surface-treatment\/\" \/>\n<meta property=\"og:site_name\" content=\"Remotion\" \/>\n<meta property=\"article:modified_time\" content=\"2025-08-12T06:47:11+00:00\" \/>\n<meta name=\"twitter:card\" content=\"summary_large_image\" \/>\n<meta name=\"twitter:label1\" content=\"Est. reading time\" \/>\n\t<meta name=\"twitter:data1\" content=\"2 minutes\" \/>\n<script type=\"application\/ld+json\" class=\"yoast-schema-graph\">{\"@context\":\"https:\/\/schema.org\",\"@graph\":[{\"@type\":\"WebPage\",\"@id\":\"https:\/\/remotion.no\/surface-treatment\/\",\"url\":\"https:\/\/remotion.no\/surface-treatment\/\",\"name\":\"Robotic Fabric Maintenance - Remotion\",\"isPartOf\":{\"@id\":\"https:\/\/remotion.no\/#website\"},\"datePublished\":\"2022-04-01T09:44:21+00:00\",\"dateModified\":\"2025-08-12T06:47:11+00:00\",\"breadcrumb\":{\"@id\":\"https:\/\/remotion.no\/surface-treatment\/#breadcrumb\"},\"inLanguage\":\"pt-PT\",\"potentialAction\":[{\"@type\":\"ReadAction\",\"target\":[\"https:\/\/remotion.no\/surface-treatment\/\"]}]},{\"@type\":\"BreadcrumbList\",\"@id\":\"https:\/\/remotion.no\/surface-treatment\/#breadcrumb\",\"itemListElement\":[{\"@type\":\"ListItem\",\"position\":1,\"name\":\"Home\",\"item\":\"https:\/\/remotion.no\/\"},{\"@type\":\"ListItem\",\"position\":2,\"name\":\"Robotic Fabric Maintenance\"}]},{\"@type\":\"WebSite\",\"@id\":\"https:\/\/remotion.no\/#website\",\"url\":\"https:\/\/remotion.no\/\",\"name\":\"Remotion\",\"description\":\"\",\"potentialAction\":[{\"@type\":\"SearchAction\",\"target\":{\"@type\":\"EntryPoint\",\"urlTemplate\":\"https:\/\/remotion.no\/?s={search_term_string}\"},\"query-input\":{\"@type\":\"PropertyValueSpecification\",\"valueRequired\":true,\"valueName\":\"search_term_string\"}}],\"inLanguage\":\"pt-PT\"}]}<\/script>\n<!-- \/ Yoast SEO plugin. -->","yoast_head_json":{"title":"Robotic Fabric Maintenance - Remotion","robots":{"index":"index","follow":"follow","max-snippet":"max-snippet:-1","max-image-preview":"max-image-preview:large","max-video-preview":"max-video-preview:-1"},"canonical":"https:\/\/remotion.no\/pt\/surface-treatment\/","og_locale":"pt_PT","og_type":"article","og_title":"Robotic Fabric Maintenance - Remotion","og_description":"Our robotic solutions make fabric maintenance operations more sustainable and safer for personnel and the environment. All works can be performed offshore with superior efficiency and excellent precision. Currently, our services include: Ultra-high Pressure Vacuum Blasting Remotion\u2019s RoboCoat technology combines Ultra High-Pressure (UHP) water with vacuum suction to remove old coating. The scrapped paint and [&hellip;]","og_url":"https:\/\/remotion.no\/pt\/surface-treatment\/","og_site_name":"Remotion","article_modified_time":"2025-08-12T06:47:11+00:00","twitter_card":"summary_large_image","twitter_misc":{"Est. reading time":"2 minutes"},"schema":{"@context":"https:\/\/schema.org","@graph":[{"@type":"WebPage","@id":"https:\/\/remotion.no\/surface-treatment\/","url":"https:\/\/remotion.no\/surface-treatment\/","name":"Robotic Fabric Maintenance - Remotion","isPartOf":{"@id":"https:\/\/remotion.no\/#website"},"datePublished":"2022-04-01T09:44:21+00:00","dateModified":"2025-08-12T06:47:11+00:00","breadcrumb":{"@id":"https:\/\/remotion.no\/surface-treatment\/#breadcrumb"},"inLanguage":"pt-PT","potentialAction":[{"@type":"ReadAction","target":["https:\/\/remotion.no\/surface-treatment\/"]}]},{"@type":"BreadcrumbList","@id":"https:\/\/remotion.no\/surface-treatment\/#breadcrumb","itemListElement":[{"@type":"ListItem","position":1,"name":"Home","item":"https:\/\/remotion.no\/"},{"@type":"ListItem","position":2,"name":"Robotic Fabric Maintenance"}]},{"@type":"WebSite","@id":"https:\/\/remotion.no\/#website","url":"https:\/\/remotion.no\/","name":"Remotion","description":"","potentialAction":[{"@type":"SearchAction","target":{"@type":"EntryPoint","urlTemplate":"https:\/\/remotion.no\/?s={search_term_string}"},"query-input":{"@type":"PropertyValueSpecification","valueRequired":true,"valueName":"search_term_string"}}],"inLanguage":"pt-PT"}]}},"_links":{"self":[{"href":"https:\/\/remotion.no\/pt\/wp-json\/wp\/v2\/pages\/1726","targetHints":{"allow":["GET"]}}],"collection":[{"href":"https:\/\/remotion.no\/pt\/wp-json\/wp\/v2\/pages"}],"about":[{"href":"https:\/\/remotion.no\/pt\/wp-json\/wp\/v2\/types\/page"}],"author":[{"embeddable":true,"href":"https:\/\/remotion.no\/pt\/wp-json\/wp\/v2\/users\/12"}],"replies":[{"embeddable":true,"href":"https:\/\/remotion.no\/pt\/wp-json\/wp\/v2\/comments?post=1726"}],"version-history":[{"count":6,"href":"https:\/\/remotion.no\/pt\/wp-json\/wp\/v2\/pages\/1726\/revisions"}],"predecessor-version":[{"id":2122,"href":"https:\/\/remotion.no\/pt\/wp-json\/wp\/v2\/pages\/1726\/revisions\/2122"}],"wp:attachment":[{"href":"https:\/\/remotion.no\/pt\/wp-json\/wp\/v2\/media?parent=1726"}],"curies":[{"name":"wp","href":"https:\/\/api.w.org\/{rel}","templated":true}]}}