{"id":177,"date":"2020-10-19T11:16:35","date_gmt":"2020-10-19T11:16:35","guid":{"rendered":"http:\/\/remotion.brandbar.eu\/?page_id=177"},"modified":"2021-04-29T13:53:15","modified_gmt":"2021-04-29T12:53:15","slug":"hull-cleaning","status":"publish","type":"page","link":"https:\/\/remotion.no\/pt\/applications\/hull-cleaning\/","title":{"rendered":"Limpeza do casco offshore"},"content":{"rendered":"<p>Foi o nosso primeiro projeto de M-ROV bem-sucedido que comprovou o conceito e se tornou um&nbsp;<strong>cavalo de batalha confi\u00e1vel<\/strong>&nbsp;desde ent\u00e3o. Est\u00e1 equipado com 4 unidades de acionamento por correia magn\u00e9tica Remotion patenteadas que garantem uma for\u00e7a de tra\u00e7\u00e3o magn\u00e9tica de at\u00e9 3,5 T.<\/p>\n\n\n\n<p>Ele foi projetado para transportar cargas elevadas ao longo de cascos e estruturas de a\u00e7o&nbsp;<strong>dentro e abaixo da zona de respingo.<\/strong>&nbsp;Gra\u00e7as ao seu perfil baixo e grande pegada para reduzir o arrasto hidrodin\u00e2mico, pode trabalhar na zona de respingo sob condi\u00e7\u00f5es de onda de 5m Hs.<\/p>\n\n\n\n<p>O M-ROV 2 \u00e9 um ve\u00edculo hidr\u00e1ulico com HPU integrado e conjunto de v\u00e1lvulas. \u00c9 uma plataforma de ferramentas muito est\u00e1vel, capaz de transportar e operar uma ampla variedade de cargas, incluindo ferramentas padr\u00e3o de ROV.<\/p>\n\n\n\n<p>Apesar de sua maior \u00e1rea ocupada, com seu&nbsp;<strong>design inteligente de unidade<\/strong>&nbsp;de acionamento ele pode lidar com a maioria das geometrias de estruturas e cascos submarinos.<\/p>\n\n\n\n<p>Est\u00e1 equipado com um&nbsp;<strong>Sistema de Libera\u00e7\u00e3o R\u00e1pida de Emerg\u00eancia<\/strong>&nbsp;(EQD) que garante que o M-ROV possa ser destacado e retido sob qualquer condi\u00e7\u00e3o.<\/p>\n\n\n\n<p>O M-ROV 2 pode ser lan\u00e7ado do conv\u00e9s atrav\u00e9s de uma rampa ou com a ajuda de um guindaste.<\/p>\n\n\n\n<p>O M-ROV 2 vem a bordo em um pacote compacto em compara\u00e7\u00e3o com os ROVs convencionais. As partes do pacote s\u00e3o o ve\u00edculo, um cont\u00eainer de controle de 15 p\u00e9s, um fio de seguran\u00e7a e um guincho umbilical. A pegada necess\u00e1ria a bordo \u00e9:<\/p>\n\n\n\n<p>O M-ROV 2 \u00e9 mais adequado para opera\u00e7\u00f5es onde \u00e9 necess\u00e1ria alta capacidade de carga.<\/p>","protected":false},"excerpt":{"rendered":"<p>It was our first successful M-ROV design which proved the concept and has become a&nbsp;reliable work&nbsp;horse ever since. It is equipped with 4 patented Remotion magnetic belt drive units which ensures a magnetic traction force up to 3,5 T. It is designed to carry high loads along steel hulls and structures&nbsp;in and below the splashzone.&nbsp;Thanks [&hellip;]<\/p>","protected":false},"author":12,"featured_media":197,"parent":171,"menu_order":30,"comment_status":"closed","ping_status":"closed","template":"templates\/applications-details.php","meta":{"_acf_changed":false,"footnotes":""},"class_list":["post-177","page","type-page","status-publish","has-post-thumbnail","hentry"],"acf":[],"yoast_head":"<!-- This site is optimized with the Yoast SEO plugin v26.8 - https:\/\/yoast.com\/product\/yoast-seo-wordpress\/ -->\n<title>Offshore Hull Cleaning - Remotion<\/title>\n<meta name=\"robots\" content=\"index, follow, max-snippet:-1, max-image-preview:large, max-video-preview:-1\" \/>\n<link rel=\"canonical\" href=\"https:\/\/remotion.no\/pt\/applications\/hull-cleaning\/\" \/>\n<meta property=\"og:locale\" content=\"pt_PT\" \/>\n<meta property=\"og:type\" content=\"article\" \/>\n<meta property=\"og:title\" content=\"Offshore Hull Cleaning - Remotion\" \/>\n<meta property=\"og:description\" content=\"It was our first successful M-ROV design which proved the concept and has become a&nbsp;reliable work&nbsp;horse ever since. It is equipped with 4 patented Remotion magnetic belt drive units which ensures a magnetic traction force up to 3,5 T. It is designed to carry high loads along steel hulls and structures&nbsp;in and below the splashzone.&nbsp;Thanks [&hellip;]\" \/>\n<meta property=\"og:url\" content=\"https:\/\/remotion.no\/pt\/applications\/hull-cleaning\/\" \/>\n<meta property=\"og:site_name\" content=\"Remotion\" \/>\n<meta property=\"article:modified_time\" content=\"2021-04-29T12:53:15+00:00\" \/>\n<meta property=\"og:image\" content=\"https:\/\/remotion.no\/wp-content\/uploads\/2020\/10\/hull-cleaning.jpg\" \/>\n\t<meta property=\"og:image:width\" content=\"345\" \/>\n\t<meta property=\"og:image:height\" content=\"194\" \/>\n\t<meta property=\"og:image:type\" content=\"image\/jpeg\" \/>\n<meta name=\"twitter:card\" content=\"summary_large_image\" \/>\n<meta name=\"twitter:label1\" content=\"Est. reading time\" \/>\n\t<meta name=\"twitter:data1\" content=\"2 minutes\" \/>\n<script type=\"application\/ld+json\" class=\"yoast-schema-graph\">{\"@context\":\"https:\/\/schema.org\",\"@graph\":[{\"@type\":\"WebPage\",\"@id\":\"https:\/\/remotion.no\/applications\/hull-cleaning\/\",\"url\":\"https:\/\/remotion.no\/applications\/hull-cleaning\/\",\"name\":\"Offshore Hull Cleaning - Remotion\",\"isPartOf\":{\"@id\":\"https:\/\/remotion.no\/#website\"},\"primaryImageOfPage\":{\"@id\":\"https:\/\/remotion.no\/applications\/hull-cleaning\/#primaryimage\"},\"image\":{\"@id\":\"https:\/\/remotion.no\/applications\/hull-cleaning\/#primaryimage\"},\"thumbnailUrl\":\"https:\/\/remotion.no\/wp-content\/uploads\/2020\/10\/hull-cleaning.jpg\",\"datePublished\":\"2020-10-19T11:16:35+00:00\",\"dateModified\":\"2021-04-29T12:53:15+00:00\",\"breadcrumb\":{\"@id\":\"https:\/\/remotion.no\/applications\/hull-cleaning\/#breadcrumb\"},\"inLanguage\":\"pt-PT\",\"potentialAction\":[{\"@type\":\"ReadAction\",\"target\":[\"https:\/\/remotion.no\/applications\/hull-cleaning\/\"]}]},{\"@type\":\"ImageObject\",\"inLanguage\":\"pt-PT\",\"@id\":\"https:\/\/remotion.no\/applications\/hull-cleaning\/#primaryimage\",\"url\":\"https:\/\/remotion.no\/wp-content\/uploads\/2020\/10\/hull-cleaning.jpg\",\"contentUrl\":\"https:\/\/remotion.no\/wp-content\/uploads\/2020\/10\/hull-cleaning.jpg\",\"width\":345,\"height\":194,\"caption\":\"Hull cleaning\"},{\"@type\":\"BreadcrumbList\",\"@id\":\"https:\/\/remotion.no\/applications\/hull-cleaning\/#breadcrumb\",\"itemListElement\":[{\"@type\":\"ListItem\",\"position\":1,\"name\":\"Home\",\"item\":\"https:\/\/remotion.no\/\"},{\"@type\":\"ListItem\",\"position\":2,\"name\":\"Applications\",\"item\":\"https:\/\/remotion.no\/applications\/\"},{\"@type\":\"ListItem\",\"position\":3,\"name\":\"Offshore Hull Cleaning\"}]},{\"@type\":\"WebSite\",\"@id\":\"https:\/\/remotion.no\/#website\",\"url\":\"https:\/\/remotion.no\/\",\"name\":\"Remotion\",\"description\":\"\",\"potentialAction\":[{\"@type\":\"SearchAction\",\"target\":{\"@type\":\"EntryPoint\",\"urlTemplate\":\"https:\/\/remotion.no\/?s={search_term_string}\"},\"query-input\":{\"@type\":\"PropertyValueSpecification\",\"valueRequired\":true,\"valueName\":\"search_term_string\"}}],\"inLanguage\":\"pt-PT\"}]}<\/script>\n<!-- \/ Yoast SEO plugin. -->","yoast_head_json":{"title":"Offshore Hull Cleaning - Remotion","robots":{"index":"index","follow":"follow","max-snippet":"max-snippet:-1","max-image-preview":"max-image-preview:large","max-video-preview":"max-video-preview:-1"},"canonical":"https:\/\/remotion.no\/pt\/applications\/hull-cleaning\/","og_locale":"pt_PT","og_type":"article","og_title":"Offshore Hull Cleaning - Remotion","og_description":"It was our first successful M-ROV design which proved the concept and has become a&nbsp;reliable work&nbsp;horse ever since. It is equipped with 4 patented Remotion magnetic belt drive units which ensures a magnetic traction force up to 3,5 T. It is designed to carry high loads along steel hulls and structures&nbsp;in and below the splashzone.&nbsp;Thanks [&hellip;]","og_url":"https:\/\/remotion.no\/pt\/applications\/hull-cleaning\/","og_site_name":"Remotion","article_modified_time":"2021-04-29T12:53:15+00:00","og_image":[{"width":345,"height":194,"url":"https:\/\/remotion.no\/wp-content\/uploads\/2020\/10\/hull-cleaning.jpg","type":"image\/jpeg"}],"twitter_card":"summary_large_image","twitter_misc":{"Est. reading time":"2 minutes"},"schema":{"@context":"https:\/\/schema.org","@graph":[{"@type":"WebPage","@id":"https:\/\/remotion.no\/applications\/hull-cleaning\/","url":"https:\/\/remotion.no\/applications\/hull-cleaning\/","name":"Offshore Hull Cleaning - Remotion","isPartOf":{"@id":"https:\/\/remotion.no\/#website"},"primaryImageOfPage":{"@id":"https:\/\/remotion.no\/applications\/hull-cleaning\/#primaryimage"},"image":{"@id":"https:\/\/remotion.no\/applications\/hull-cleaning\/#primaryimage"},"thumbnailUrl":"https:\/\/remotion.no\/wp-content\/uploads\/2020\/10\/hull-cleaning.jpg","datePublished":"2020-10-19T11:16:35+00:00","dateModified":"2021-04-29T12:53:15+00:00","breadcrumb":{"@id":"https:\/\/remotion.no\/applications\/hull-cleaning\/#breadcrumb"},"inLanguage":"pt-PT","potentialAction":[{"@type":"ReadAction","target":["https:\/\/remotion.no\/applications\/hull-cleaning\/"]}]},{"@type":"ImageObject","inLanguage":"pt-PT","@id":"https:\/\/remotion.no\/applications\/hull-cleaning\/#primaryimage","url":"https:\/\/remotion.no\/wp-content\/uploads\/2020\/10\/hull-cleaning.jpg","contentUrl":"https:\/\/remotion.no\/wp-content\/uploads\/2020\/10\/hull-cleaning.jpg","width":345,"height":194,"caption":"Hull cleaning"},{"@type":"BreadcrumbList","@id":"https:\/\/remotion.no\/applications\/hull-cleaning\/#breadcrumb","itemListElement":[{"@type":"ListItem","position":1,"name":"Home","item":"https:\/\/remotion.no\/"},{"@type":"ListItem","position":2,"name":"Applications","item":"https:\/\/remotion.no\/applications\/"},{"@type":"ListItem","position":3,"name":"Offshore Hull Cleaning"}]},{"@type":"WebSite","@id":"https:\/\/remotion.no\/#website","url":"https:\/\/remotion.no\/","name":"Remotion","description":"","potentialAction":[{"@type":"SearchAction","target":{"@type":"EntryPoint","urlTemplate":"https:\/\/remotion.no\/?s={search_term_string}"},"query-input":{"@type":"PropertyValueSpecification","valueRequired":true,"valueName":"search_term_string"}}],"inLanguage":"pt-PT"}]}},"_links":{"self":[{"href":"https:\/\/remotion.no\/pt\/wp-json\/wp\/v2\/pages\/177","targetHints":{"allow":["GET"]}}],"collection":[{"href":"https:\/\/remotion.no\/pt\/wp-json\/wp\/v2\/pages"}],"about":[{"href":"https:\/\/remotion.no\/pt\/wp-json\/wp\/v2\/types\/page"}],"author":[{"embeddable":true,"href":"https:\/\/remotion.no\/pt\/wp-json\/wp\/v2\/users\/12"}],"replies":[{"embeddable":true,"href":"https:\/\/remotion.no\/pt\/wp-json\/wp\/v2\/comments?post=177"}],"version-history":[{"count":4,"href":"https:\/\/remotion.no\/pt\/wp-json\/wp\/v2\/pages\/177\/revisions"}],"predecessor-version":[{"id":1582,"href":"https:\/\/remotion.no\/pt\/wp-json\/wp\/v2\/pages\/177\/revisions\/1582"}],"up":[{"embeddable":true,"href":"https:\/\/remotion.no\/pt\/wp-json\/wp\/v2\/pages\/171"}],"wp:featuredmedia":[{"embeddable":true,"href":"https:\/\/remotion.no\/pt\/wp-json\/wp\/v2\/media\/197"}],"wp:attachment":[{"href":"https:\/\/remotion.no\/pt\/wp-json\/wp\/v2\/media?parent=177"}],"curies":[{"name":"wp","href":"https:\/\/api.w.org\/{rel}","templated":true}]}}