{"id":2175,"date":"2024-02-04T14:03:50","date_gmt":"2024-02-04T13:03:50","guid":{"rendered":"https:\/\/remotion.no\/?page_id=2175"},"modified":"2024-02-11T21:43:35","modified_gmt":"2024-02-11T20:43:35","slug":"zeus","status":"publish","type":"page","link":"https:\/\/remotion.no\/pt\/our-systems\/zeus\/","title":{"rendered":"ZEUS"},"content":{"rendered":"<p>O design do Zeus \u00e9 resultado de 12 anos de experi\u00eancia industrial com rob\u00f4s magn\u00e9ticos. Devido ao seu design modular e robusto, o Zeus \u00e9 simples \u00e0 manuten\u00e7\u00e3o e f\u00e1cil de operar. <\/p>\n\n\n\n<p>Com uma carga \u00fatil de 100 kg, diferentes tipos de ferramentas de limpeza podem ser montadas no rob\u00f4: hidrojateamento, lavagem de alta press\u00e3o, jateamento de granalha de todos os tipos e tamanhos podem ser manipulados. <\/p>\n\n\n\n<p>O design estanque (IP 67) e compacto torna o Zeus f\u00e1cil de manusear. O conceito de quatro rodas garante alta estabilidade de condu\u00e7\u00e3o, aprimorando o uso simples e a efici\u00eancia do operador. Explore o Zeus para solu\u00e7\u00f5es confi\u00e1veis de rob\u00f4 magn\u00e9tico industrial.<\/p>\n\n\n\n<div style=\"height:40px\" aria-hidden=\"true\" class=\"wp-block-spacer\"><\/div>\n\n\n\n<h2 class=\"wp-block-heading\"><strong>MAIS SEGURO<\/strong><\/h2>\n\n\n\n<ul class=\"wp-block-list\">\n<li>Controle sem fio, operador pode ficar a uma dist\u00e2ncia segura<\/li>\n\n\n\n<li>N\u00e3o h\u00e1 necessidade de andaimes ou plataformas elevat\u00f3rias<\/li>\n\n\n\n<li>Acessibilidade segura e f\u00e1cil a todas as superf\u00edcies horizontais, a\u00e9reas e verticais<\/li>\n\n\n\n<li> Redu\u00e7\u00e3o da fadiga do operador<\/li>\n<\/ul>\n\n\n\n<div style=\"height:40px\" aria-hidden=\"true\" class=\"wp-block-spacer\"><\/div>\n\n\n\n<h2 class=\"wp-block-heading\"><strong>MAIS EFICIENTE<\/strong><\/h2>\n\n\n\n<ul class=\"wp-block-list\">\n<li>Quando tudo est\u00e1 configurado, o trabalho se torna uma opera\u00e7\u00e3o de uma pessoa<\/li>\n\n\n\n<li>Pelo menos 6 vezes mais eficiente do que o trabalho manual<\/li>\n<\/ul>\n\n\n\n<div style=\"height:40px\" aria-hidden=\"true\" class=\"wp-block-spacer\"><\/div>\n\n\n\n<h2 class=\"wp-block-heading\"><strong>F\u00c1CIL DE USAR<\/strong><\/h2>\n\n\n\n<ul class=\"wp-block-list\">\n<li>Design compacto<\/li>\n\n\n\n<li>Passa por abertura de 24\u2033 polegadas<\/li>\n\n\n\n<li>Sistema operacional controlado remotamente com op\u00e7\u00f5es de autonomia<\/li>\n\n\n\n<li>Design ergon\u00f4mico e f\u00e1cil de usar<\/li>\n<\/ul>\n\n\n\n<div style=\"height:40px\" aria-hidden=\"true\" class=\"wp-block-spacer\"><\/div>\n\n\n\n<h2 class=\"wp-block-heading\"><strong>CUSTO-EFETIVO<\/strong><\/h2>\n\n\n\n<ul class=\"wp-block-list\">\n<li>Redu\u00e7\u00e3o de custos elevados<\/li>\n\n\n\n<li>Menos horas de trabalho.<\/li>\n<\/ul>\n\n\n\n<div style=\"height:40px\" aria-hidden=\"true\" class=\"wp-block-spacer\"><\/div>\n\n\n\n<h2 class=\"wp-block-heading\"><strong>Dados T\u00e9cnicos<\/strong><\/h2>\n\n\n\n<figure class=\"wp-block-table\"><table><tbody><tr><td>Dimens\u00f5es (C x L x A)<\/td><td>474mm x 468mm x 397mm <\/td><\/tr><tr><td>Peso na configura\u00e7\u00e3o padr\u00e3o<\/td><td>43<\/td><\/tr><tr><td>For\u00e7a magn\u00e9tica de reten\u00e7\u00e3o em kg<\/td><td>1000<\/td><\/tr><tr><td>Carga m\u00e1xima te\u00f3rica<\/td><td>125<\/td><\/tr><tr><td>Velocidade m\u00e1xima de deslocamento (m\/s)<\/td><td>0,16<\/td><\/tr><tr><td>Tens\u00e3o de Alimenta\u00e7\u00e3o El\u00e9trica (V)<\/td><td>230 AC<\/td><\/tr><tr><td>Tens\u00e3o El\u00e9trica do Rob\u00f4 (V)<\/td><td>48 DC<\/td><\/tr><tr><td>Disjuntor de Alimenta\u00e7\u00e3o El\u00e9trica (A)<\/td><td>10<\/td><\/tr><tr><td>Frequ\u00eancia El\u00e9trica (Hz)<\/td><td>50-60<\/td><\/tr><tr><td>Dist\u00e2ncia entre a superf\u00edcie e o rob\u00f4 (m)<\/td><td>100<\/td><\/tr><tr><td>ATEX Superf\u00edcie<\/td><td>Zona 01<\/td><\/tr><tr><td>ATEX Rob\u00f4<\/td><td>\u00c1rea Segura<\/td><\/tr><tr><td>C\u00e2meras <\/td><td>N\/D<\/td><\/tr><tr><td>Pot\u00eancia dispon\u00edvel para ferramentas<\/td><td>N\/D<\/td><\/tr><tr><td>Alta Press\u00e3o<\/td><td>X<\/td><\/tr><tr><td>Hidrojateamento<\/td><td>X<\/td><\/tr><tr><td>Jateamento de Granalha<\/td><td>X<\/td><\/tr><\/tbody><\/table><\/figure>","protected":false},"excerpt":{"rendered":"<p>Manuten\u00e7\u00e3o simples e f\u00e1cil de operar<\/p>","protected":false},"author":12,"featured_media":2256,"parent":25,"menu_order":90,"comment_status":"closed","ping_status":"closed","template":"templates\/our-systems-details.php","meta":{"_acf_changed":false,"footnotes":""},"class_list":["post-2175","page","type-page","status-publish","has-post-thumbnail","hentry"],"acf":[],"yoast_head":"<!-- This site is optimized with the Yoast SEO plugin v26.8 - https:\/\/yoast.com\/product\/yoast-seo-wordpress\/ -->\n<title>ZEUS - Remotion<\/title>\n<meta name=\"description\" content=\"Zeus, crafted from 12 years of industrial magnetic robot expertise, features a maintenance-friendly and user-friendly modular design.\" \/>\n<meta name=\"robots\" content=\"index, follow, max-snippet:-1, max-image-preview:large, max-video-preview:-1\" \/>\n<link rel=\"canonical\" href=\"https:\/\/remotion.no\/pt\/our-systems\/zeus\/\" \/>\n<meta property=\"og:locale\" content=\"pt_PT\" \/>\n<meta property=\"og:type\" content=\"article\" \/>\n<meta property=\"og:title\" content=\"ZEUS - Remotion\" \/>\n<meta property=\"og:description\" content=\"Zeus, crafted from 12 years of industrial magnetic robot expertise, features a maintenance-friendly and user-friendly modular design.\" \/>\n<meta property=\"og:url\" content=\"https:\/\/remotion.no\/pt\/our-systems\/zeus\/\" \/>\n<meta property=\"og:site_name\" content=\"Remotion\" \/>\n<meta property=\"article:modified_time\" content=\"2024-02-11T20:43:35+00:00\" \/>\n<meta property=\"og:image\" content=\"https:\/\/remotion.no\/wp-content\/uploads\/2024\/02\/Zeus11-1.jpg\" \/>\n\t<meta property=\"og:image:width\" content=\"795\" \/>\n\t<meta property=\"og:image:height\" content=\"450\" \/>\n\t<meta property=\"og:image:type\" content=\"image\/jpeg\" \/>\n<meta name=\"twitter:card\" content=\"summary_large_image\" \/>\n<meta name=\"twitter:label1\" content=\"Est. reading time\" \/>\n\t<meta name=\"twitter:data1\" content=\"2 minutes\" \/>\n<script type=\"application\/ld+json\" class=\"yoast-schema-graph\">{\"@context\":\"https:\/\/schema.org\",\"@graph\":[{\"@type\":\"WebPage\",\"@id\":\"https:\/\/remotion.no\/our-systems\/zeus\/\",\"url\":\"https:\/\/remotion.no\/our-systems\/zeus\/\",\"name\":\"ZEUS - Remotion\",\"isPartOf\":{\"@id\":\"https:\/\/remotion.no\/#website\"},\"primaryImageOfPage\":{\"@id\":\"https:\/\/remotion.no\/our-systems\/zeus\/#primaryimage\"},\"image\":{\"@id\":\"https:\/\/remotion.no\/our-systems\/zeus\/#primaryimage\"},\"thumbnailUrl\":\"https:\/\/remotion.no\/wp-content\/uploads\/2024\/02\/Zeus11-1.jpg\",\"datePublished\":\"2024-02-04T13:03:50+00:00\",\"dateModified\":\"2024-02-11T20:43:35+00:00\",\"description\":\"Zeus, crafted from 12 years of industrial magnetic robot expertise, features a maintenance-friendly and user-friendly modular design.\",\"breadcrumb\":{\"@id\":\"https:\/\/remotion.no\/our-systems\/zeus\/#breadcrumb\"},\"inLanguage\":\"pt-PT\",\"potentialAction\":[{\"@type\":\"ReadAction\",\"target\":[\"https:\/\/remotion.no\/our-systems\/zeus\/\"]}]},{\"@type\":\"ImageObject\",\"inLanguage\":\"pt-PT\",\"@id\":\"https:\/\/remotion.no\/our-systems\/zeus\/#primaryimage\",\"url\":\"https:\/\/remotion.no\/wp-content\/uploads\/2024\/02\/Zeus11-1.jpg\",\"contentUrl\":\"https:\/\/remotion.no\/wp-content\/uploads\/2024\/02\/Zeus11-1.jpg\",\"width\":795,\"height\":450,\"caption\":\"A blue and black machine\"},{\"@type\":\"BreadcrumbList\",\"@id\":\"https:\/\/remotion.no\/our-systems\/zeus\/#breadcrumb\",\"itemListElement\":[{\"@type\":\"ListItem\",\"position\":1,\"name\":\"Home\",\"item\":\"https:\/\/remotion.no\/\"},{\"@type\":\"ListItem\",\"position\":2,\"name\":\"Our Robots\",\"item\":\"https:\/\/remotion.no\/our-systems\/\"},{\"@type\":\"ListItem\",\"position\":3,\"name\":\"ZEUS\"}]},{\"@type\":\"WebSite\",\"@id\":\"https:\/\/remotion.no\/#website\",\"url\":\"https:\/\/remotion.no\/\",\"name\":\"Remotion\",\"description\":\"\",\"potentialAction\":[{\"@type\":\"SearchAction\",\"target\":{\"@type\":\"EntryPoint\",\"urlTemplate\":\"https:\/\/remotion.no\/?s={search_term_string}\"},\"query-input\":{\"@type\":\"PropertyValueSpecification\",\"valueRequired\":true,\"valueName\":\"search_term_string\"}}],\"inLanguage\":\"pt-PT\"}]}<\/script>\n<!-- \/ Yoast SEO plugin. -->","yoast_head_json":{"title":"ZEUS - Remotion","description":"Zeus, crafted from 12 years of industrial magnetic robot expertise, features a maintenance-friendly and user-friendly modular design.","robots":{"index":"index","follow":"follow","max-snippet":"max-snippet:-1","max-image-preview":"max-image-preview:large","max-video-preview":"max-video-preview:-1"},"canonical":"https:\/\/remotion.no\/pt\/our-systems\/zeus\/","og_locale":"pt_PT","og_type":"article","og_title":"ZEUS - Remotion","og_description":"Zeus, crafted from 12 years of industrial magnetic robot expertise, features a maintenance-friendly and user-friendly modular design.","og_url":"https:\/\/remotion.no\/pt\/our-systems\/zeus\/","og_site_name":"Remotion","article_modified_time":"2024-02-11T20:43:35+00:00","og_image":[{"width":795,"height":450,"url":"https:\/\/remotion.no\/wp-content\/uploads\/2024\/02\/Zeus11-1.jpg","type":"image\/jpeg"}],"twitter_card":"summary_large_image","twitter_misc":{"Est. reading time":"2 minutes"},"schema":{"@context":"https:\/\/schema.org","@graph":[{"@type":"WebPage","@id":"https:\/\/remotion.no\/our-systems\/zeus\/","url":"https:\/\/remotion.no\/our-systems\/zeus\/","name":"ZEUS - Remotion","isPartOf":{"@id":"https:\/\/remotion.no\/#website"},"primaryImageOfPage":{"@id":"https:\/\/remotion.no\/our-systems\/zeus\/#primaryimage"},"image":{"@id":"https:\/\/remotion.no\/our-systems\/zeus\/#primaryimage"},"thumbnailUrl":"https:\/\/remotion.no\/wp-content\/uploads\/2024\/02\/Zeus11-1.jpg","datePublished":"2024-02-04T13:03:50+00:00","dateModified":"2024-02-11T20:43:35+00:00","description":"Zeus, crafted from 12 years of industrial magnetic robot expertise, features a maintenance-friendly and user-friendly modular design.","breadcrumb":{"@id":"https:\/\/remotion.no\/our-systems\/zeus\/#breadcrumb"},"inLanguage":"pt-PT","potentialAction":[{"@type":"ReadAction","target":["https:\/\/remotion.no\/our-systems\/zeus\/"]}]},{"@type":"ImageObject","inLanguage":"pt-PT","@id":"https:\/\/remotion.no\/our-systems\/zeus\/#primaryimage","url":"https:\/\/remotion.no\/wp-content\/uploads\/2024\/02\/Zeus11-1.jpg","contentUrl":"https:\/\/remotion.no\/wp-content\/uploads\/2024\/02\/Zeus11-1.jpg","width":795,"height":450,"caption":"A blue and black machine"},{"@type":"BreadcrumbList","@id":"https:\/\/remotion.no\/our-systems\/zeus\/#breadcrumb","itemListElement":[{"@type":"ListItem","position":1,"name":"Home","item":"https:\/\/remotion.no\/"},{"@type":"ListItem","position":2,"name":"Our Robots","item":"https:\/\/remotion.no\/our-systems\/"},{"@type":"ListItem","position":3,"name":"ZEUS"}]},{"@type":"WebSite","@id":"https:\/\/remotion.no\/#website","url":"https:\/\/remotion.no\/","name":"Remotion","description":"","potentialAction":[{"@type":"SearchAction","target":{"@type":"EntryPoint","urlTemplate":"https:\/\/remotion.no\/?s={search_term_string}"},"query-input":{"@type":"PropertyValueSpecification","valueRequired":true,"valueName":"search_term_string"}}],"inLanguage":"pt-PT"}]}},"_links":{"self":[{"href":"https:\/\/remotion.no\/pt\/wp-json\/wp\/v2\/pages\/2175","targetHints":{"allow":["GET"]}}],"collection":[{"href":"https:\/\/remotion.no\/pt\/wp-json\/wp\/v2\/pages"}],"about":[{"href":"https:\/\/remotion.no\/pt\/wp-json\/wp\/v2\/types\/page"}],"author":[{"embeddable":true,"href":"https:\/\/remotion.no\/pt\/wp-json\/wp\/v2\/users\/12"}],"replies":[{"embeddable":true,"href":"https:\/\/remotion.no\/pt\/wp-json\/wp\/v2\/comments?post=2175"}],"version-history":[{"count":15,"href":"https:\/\/remotion.no\/pt\/wp-json\/wp\/v2\/pages\/2175\/revisions"}],"predecessor-version":[{"id":2258,"href":"https:\/\/remotion.no\/pt\/wp-json\/wp\/v2\/pages\/2175\/revisions\/2258"}],"up":[{"embeddable":true,"href":"https:\/\/remotion.no\/pt\/wp-json\/wp\/v2\/pages\/25"}],"wp:featuredmedia":[{"embeddable":true,"href":"https:\/\/remotion.no\/pt\/wp-json\/wp\/v2\/media\/2256"}],"wp:attachment":[{"href":"https:\/\/remotion.no\/pt\/wp-json\/wp\/v2\/media?parent=2175"}],"curies":[{"name":"wp","href":"https:\/\/api.w.org\/{rel}","templated":true}]}}