{"id":2188,"date":"2024-02-04T14:30:00","date_gmt":"2024-02-04T13:30:00","guid":{"rendered":"https:\/\/remotion.no\/?page_id=2188"},"modified":"2024-05-13T14:29:05","modified_gmt":"2024-05-13T13:29:05","slug":"pluto","status":"publish","type":"page","link":"https:\/\/remotion.no\/pt\/our-systems\/pluto\/","title":{"rendered":"PLUTO"},"content":{"rendered":"<p>Viva o futuro das opera\u00e7\u00f5es em espa\u00e7os confinados com Pluto, nosso rob\u00f4 magn\u00e9tico compacto projetado para uso vers\u00e1til em espa\u00e7os confinados, tanques pressurizados, tubula\u00e7\u00f5es e muito mais. Equipado com sistema de c\u00e2mera e ilumina\u00e7\u00e3o, o Pluto pode ser controlado remotamente a uma dist\u00e2ncia segura, proporcionando ao operador uma conveni\u00eancia e seguran\u00e7a incompar\u00e1veis.<\/p>\n\n\n\n<h2 class=\"wp-block-heading\"><strong>Excel\u00eancia operacional simplificada<\/strong><\/h2>\n\n\n\n<p>O princ\u00edpio operacional do Pluto \u00e9 direto - seu baixo peso permite f\u00e1cil posicionamento e ele fica operacional em quest\u00e3o de minutos. Essa efici\u00eancia o torna uma escolha ideal para diversas aplica\u00e7\u00f5es. <br><\/p>\n\n\n\n<h2 class=\"wp-block-heading\"><strong>Jateamento de granalha sem o ru\u00eddo<\/strong><\/h2>\n\n\n\n<p>O Pluto se destaca em cen\u00e1rios de jateamento de granalha, permitindo que os operadores permane\u00e7am fora do tanque e longe da \u00e1rea de alto ru\u00eddo normalmente associada a esse processo. Al\u00e9m disso, \u00e9 perfeito para tarefas de limpeza de alta press\u00e3o e ultra-alta press\u00e3o. Uma c\u00fapula de v\u00e1cuo de 180 mm lida eficientemente com \u00e1guas residuais, garantindo uma opera\u00e7\u00e3o limpa e ecologicamente correta. O selo a v\u00e1cuo pode ser personalizado para superf\u00edcies planas ou curvas, tornando-o vers\u00e1til para opera\u00e7\u00f5es em tubula\u00e7\u00f5es. O Pluto tamb\u00e9m suporta Ensaios N\u00e3o Destrutivos (END) e Inspe\u00e7\u00f5es Visuais Pr\u00f3ximas com duas portas auxiliares dispon\u00edveis.<\/p>\n\n\n\n<h2 class=\"wp-block-heading\"><strong>Integra\u00e7\u00e3o perfeita em estruturas de navios<\/strong><\/h2>\n\n\n\n<p>Em estruturas de navios, o bra\u00e7o oscilante ou bra\u00e7o manipulador rob\u00f3tico do Pluto pode operar dentro dos quadros onde o rob\u00f4 est\u00e1 instalado, bem como nos quadros laterais em uma estrutura de largura de 600 mm. Essa adaptabilidade garante uso eficiente em v\u00e1rios cen\u00e1rios de geometria desafiadora.  <\/p>\n\n\n\n<h2 class=\"wp-block-heading\"><strong>Pronto para a\u00e7\u00e3o<\/strong><\/h2>\n\n\n\n<p>Entregamos o Pluto 'pronto para uso'. Tudo o que voc\u00ea precisa est\u00e1 convenientemente instalado em um carrinho, incluindo um ATEX Zone 01 gabinete de energia e controle aprovado, um monitor remoto Full HD de 21,5\" e cabos. Todos em conformidade com o padr\u00e3o NORSOK Z-015.&nbsp;<\/p>\n\n\n\n<h2 class=\"wp-block-heading\">Dados T\u00e9cnicos<\/h2>\n\n\n\n<figure class=\"wp-block-table\"><table><tbody><tr><td>Dimens\u00f5es (C x L x A)<\/td><td>429mm x 342mm x 325mm<\/td><\/tr><tr><td>Peso na configura\u00e7\u00e3o padr\u00e3o<\/td><td>32<\/td><\/tr><tr><td>IP\/Submarino<\/td><td>IP67<\/td><\/tr><tr><td>For\u00e7a magn\u00e9tica de reten\u00e7\u00e3o em kg<\/td><td>250<\/td><\/tr><tr><td>Carga m\u00e1xima te\u00f3rica<\/td><td>30<\/td><\/tr><tr><td>Velocidade m\u00e1xima de deslocamento (m\/s)<\/td><td>0,16<\/td><\/tr><tr><td>Tens\u00e3o de Alimenta\u00e7\u00e3o El\u00e9trica (V)<\/td><td>230 AC<\/td><\/tr><tr><td>Tens\u00e3o El\u00e9trica do Rob\u00f4 (V)<\/td><td>48 VDC<\/td><\/tr><tr><td>Disjuntor de Alimenta\u00e7\u00e3o El\u00e9trica (A)<\/td><td>10<\/td><\/tr><tr><td>Frequ\u00eancia El\u00e9trica (Hz)<\/td><td>50-60<\/td><\/tr><tr><td>Dist\u00e2ncia entre a superf\u00edcie e o rob\u00f4 (m)<\/td><td>80<\/td><\/tr><tr><td>ATEX Superf\u00edcie<\/td><td>Zona 02<\/td><\/tr><tr><td>ATEX Rob\u00f4<\/td><td>\u00c1rea Segura<\/td><\/tr><tr><td>C\u00e2meras<\/td><td>2x IP<\/td><\/tr><tr><td>Pot\u00eancia dispon\u00edvel para ferramentas<\/td><td>24VDC 2A<\/td><\/tr><tr><td>Alta Press\u00e3o<\/td><td>X<\/td><\/tr><tr><td>Hidrojateamento<\/td><td>X<\/td><\/tr><tr><td>Jateamento de Granalha<\/td><td>X<\/td><\/tr><tr><td>Bra\u00e7o rob\u00f3tico<\/td><td>X<\/td><\/tr><tr><td>Ensaios N\u00e3o Destrutivos<\/td><td>X<\/td><\/tr><tr><td>Moedor<\/td><td>X<\/td><\/tr><\/tbody><\/table><\/figure>","protected":false},"excerpt":{"rendered":"<p>Um rob\u00f4 magn\u00e9tico compacto para espa\u00e7os confinados<\/p>","protected":false},"author":12,"featured_media":2254,"parent":25,"menu_order":80,"comment_status":"closed","ping_status":"closed","template":"templates\/our-systems-details.php","meta":{"_acf_changed":false,"footnotes":""},"class_list":["post-2188","page","type-page","status-publish","has-post-thumbnail","hentry"],"acf":[],"yoast_head":"<!-- This site is optimized with the Yoast SEO plugin v26.8 - https:\/\/yoast.com\/product\/yoast-seo-wordpress\/ -->\n<title>PLUTO - Remotion<\/title>\n<meta name=\"description\" content=\"Pluto is a compact magnetic robot designed for versatile use in confined spaces, pressure vessels, pipes, and more.\" \/>\n<meta name=\"robots\" content=\"index, follow, max-snippet:-1, max-image-preview:large, max-video-preview:-1\" \/>\n<link rel=\"canonical\" href=\"https:\/\/remotion.no\/pt\/our-systems\/pluto\/\" \/>\n<meta property=\"og:locale\" content=\"pt_PT\" \/>\n<meta property=\"og:type\" content=\"article\" \/>\n<meta property=\"og:title\" content=\"PLUTO - Remotion\" \/>\n<meta property=\"og:description\" content=\"Pluto is a compact magnetic robot designed for versatile use in confined spaces, pressure vessels, pipes, and more.\" \/>\n<meta property=\"og:url\" content=\"https:\/\/remotion.no\/pt\/our-systems\/pluto\/\" \/>\n<meta property=\"og:site_name\" content=\"Remotion\" \/>\n<meta property=\"article:modified_time\" content=\"2024-05-13T13:29:05+00:00\" \/>\n<meta property=\"og:image\" content=\"https:\/\/remotion.no\/wp-content\/uploads\/2024\/02\/Pluto11-1.jpg\" \/>\n\t<meta property=\"og:image:width\" content=\"795\" \/>\n\t<meta property=\"og:image:height\" content=\"450\" \/>\n\t<meta property=\"og:image:type\" content=\"image\/jpeg\" \/>\n<meta name=\"twitter:card\" content=\"summary_large_image\" \/>\n<meta name=\"twitter:label1\" content=\"Est. reading time\" \/>\n\t<meta name=\"twitter:data1\" content=\"2 minutes\" \/>\n<script type=\"application\/ld+json\" class=\"yoast-schema-graph\">{\"@context\":\"https:\/\/schema.org\",\"@graph\":[{\"@type\":\"WebPage\",\"@id\":\"https:\/\/remotion.no\/our-systems\/pluto\/\",\"url\":\"https:\/\/remotion.no\/our-systems\/pluto\/\",\"name\":\"PLUTO - Remotion\",\"isPartOf\":{\"@id\":\"https:\/\/remotion.no\/#website\"},\"primaryImageOfPage\":{\"@id\":\"https:\/\/remotion.no\/our-systems\/pluto\/#primaryimage\"},\"image\":{\"@id\":\"https:\/\/remotion.no\/our-systems\/pluto\/#primaryimage\"},\"thumbnailUrl\":\"https:\/\/remotion.no\/wp-content\/uploads\/2024\/02\/Pluto11-1.jpg\",\"datePublished\":\"2024-02-04T13:30:00+00:00\",\"dateModified\":\"2024-05-13T13:29:05+00:00\",\"description\":\"Pluto is a compact magnetic robot designed for versatile use in confined spaces, pressure vessels, pipes, and more.\",\"breadcrumb\":{\"@id\":\"https:\/\/remotion.no\/our-systems\/pluto\/#breadcrumb\"},\"inLanguage\":\"pt-PT\",\"potentialAction\":[{\"@type\":\"ReadAction\",\"target\":[\"https:\/\/remotion.no\/our-systems\/pluto\/\"]}]},{\"@type\":\"ImageObject\",\"inLanguage\":\"pt-PT\",\"@id\":\"https:\/\/remotion.no\/our-systems\/pluto\/#primaryimage\",\"url\":\"https:\/\/remotion.no\/wp-content\/uploads\/2024\/02\/Pluto11-1.jpg\",\"contentUrl\":\"https:\/\/remotion.no\/wp-content\/uploads\/2024\/02\/Pluto11-1.jpg\",\"width\":795,\"height\":450,\"caption\":\"A machine with a black background\"},{\"@type\":\"BreadcrumbList\",\"@id\":\"https:\/\/remotion.no\/our-systems\/pluto\/#breadcrumb\",\"itemListElement\":[{\"@type\":\"ListItem\",\"position\":1,\"name\":\"Home\",\"item\":\"https:\/\/remotion.no\/\"},{\"@type\":\"ListItem\",\"position\":2,\"name\":\"Our Robots\",\"item\":\"https:\/\/remotion.no\/our-systems\/\"},{\"@type\":\"ListItem\",\"position\":3,\"name\":\"PLUTO\"}]},{\"@type\":\"WebSite\",\"@id\":\"https:\/\/remotion.no\/#website\",\"url\":\"https:\/\/remotion.no\/\",\"name\":\"Remotion\",\"description\":\"\",\"potentialAction\":[{\"@type\":\"SearchAction\",\"target\":{\"@type\":\"EntryPoint\",\"urlTemplate\":\"https:\/\/remotion.no\/?s={search_term_string}\"},\"query-input\":{\"@type\":\"PropertyValueSpecification\",\"valueRequired\":true,\"valueName\":\"search_term_string\"}}],\"inLanguage\":\"pt-PT\"}]}<\/script>\n<!-- \/ Yoast SEO plugin. -->","yoast_head_json":{"title":"PLUTO - Remotion","description":"Pluto is a compact magnetic robot designed for versatile use in confined spaces, pressure vessels, pipes, and more.","robots":{"index":"index","follow":"follow","max-snippet":"max-snippet:-1","max-image-preview":"max-image-preview:large","max-video-preview":"max-video-preview:-1"},"canonical":"https:\/\/remotion.no\/pt\/our-systems\/pluto\/","og_locale":"pt_PT","og_type":"article","og_title":"PLUTO - Remotion","og_description":"Pluto is a compact magnetic robot designed for versatile use in confined spaces, pressure vessels, pipes, and more.","og_url":"https:\/\/remotion.no\/pt\/our-systems\/pluto\/","og_site_name":"Remotion","article_modified_time":"2024-05-13T13:29:05+00:00","og_image":[{"width":795,"height":450,"url":"https:\/\/remotion.no\/wp-content\/uploads\/2024\/02\/Pluto11-1.jpg","type":"image\/jpeg"}],"twitter_card":"summary_large_image","twitter_misc":{"Est. reading time":"2 minutes"},"schema":{"@context":"https:\/\/schema.org","@graph":[{"@type":"WebPage","@id":"https:\/\/remotion.no\/our-systems\/pluto\/","url":"https:\/\/remotion.no\/our-systems\/pluto\/","name":"PLUTO - Remotion","isPartOf":{"@id":"https:\/\/remotion.no\/#website"},"primaryImageOfPage":{"@id":"https:\/\/remotion.no\/our-systems\/pluto\/#primaryimage"},"image":{"@id":"https:\/\/remotion.no\/our-systems\/pluto\/#primaryimage"},"thumbnailUrl":"https:\/\/remotion.no\/wp-content\/uploads\/2024\/02\/Pluto11-1.jpg","datePublished":"2024-02-04T13:30:00+00:00","dateModified":"2024-05-13T13:29:05+00:00","description":"Pluto is a compact magnetic robot designed for versatile use in confined spaces, pressure vessels, pipes, and more.","breadcrumb":{"@id":"https:\/\/remotion.no\/our-systems\/pluto\/#breadcrumb"},"inLanguage":"pt-PT","potentialAction":[{"@type":"ReadAction","target":["https:\/\/remotion.no\/our-systems\/pluto\/"]}]},{"@type":"ImageObject","inLanguage":"pt-PT","@id":"https:\/\/remotion.no\/our-systems\/pluto\/#primaryimage","url":"https:\/\/remotion.no\/wp-content\/uploads\/2024\/02\/Pluto11-1.jpg","contentUrl":"https:\/\/remotion.no\/wp-content\/uploads\/2024\/02\/Pluto11-1.jpg","width":795,"height":450,"caption":"A machine with a black background"},{"@type":"BreadcrumbList","@id":"https:\/\/remotion.no\/our-systems\/pluto\/#breadcrumb","itemListElement":[{"@type":"ListItem","position":1,"name":"Home","item":"https:\/\/remotion.no\/"},{"@type":"ListItem","position":2,"name":"Our Robots","item":"https:\/\/remotion.no\/our-systems\/"},{"@type":"ListItem","position":3,"name":"PLUTO"}]},{"@type":"WebSite","@id":"https:\/\/remotion.no\/#website","url":"https:\/\/remotion.no\/","name":"Remotion","description":"","potentialAction":[{"@type":"SearchAction","target":{"@type":"EntryPoint","urlTemplate":"https:\/\/remotion.no\/?s={search_term_string}"},"query-input":{"@type":"PropertyValueSpecification","valueRequired":true,"valueName":"search_term_string"}}],"inLanguage":"pt-PT"}]}},"_links":{"self":[{"href":"https:\/\/remotion.no\/pt\/wp-json\/wp\/v2\/pages\/2188","targetHints":{"allow":["GET"]}}],"collection":[{"href":"https:\/\/remotion.no\/pt\/wp-json\/wp\/v2\/pages"}],"about":[{"href":"https:\/\/remotion.no\/pt\/wp-json\/wp\/v2\/types\/page"}],"author":[{"embeddable":true,"href":"https:\/\/remotion.no\/pt\/wp-json\/wp\/v2\/users\/12"}],"replies":[{"embeddable":true,"href":"https:\/\/remotion.no\/pt\/wp-json\/wp\/v2\/comments?post=2188"}],"version-history":[{"count":8,"href":"https:\/\/remotion.no\/pt\/wp-json\/wp\/v2\/pages\/2188\/revisions"}],"predecessor-version":[{"id":2309,"href":"https:\/\/remotion.no\/pt\/wp-json\/wp\/v2\/pages\/2188\/revisions\/2309"}],"up":[{"embeddable":true,"href":"https:\/\/remotion.no\/pt\/wp-json\/wp\/v2\/pages\/25"}],"wp:featuredmedia":[{"embeddable":true,"href":"https:\/\/remotion.no\/pt\/wp-json\/wp\/v2\/media\/2254"}],"wp:attachment":[{"href":"https:\/\/remotion.no\/pt\/wp-json\/wp\/v2\/media?parent=2188"}],"curies":[{"name":"wp","href":"https:\/\/api.w.org\/{rel}","templated":true}]}}