{"id":2200,"date":"2024-02-09T21:35:57","date_gmt":"2024-02-09T20:35:57","guid":{"rendered":"https:\/\/remotion.no\/?page_id=2200"},"modified":"2024-02-11T21:23:22","modified_gmt":"2024-02-11T20:23:22","slug":"proteus-smart","status":"publish","type":"page","link":"https:\/\/remotion.no\/pt\/our-systems\/proteus-smart\/","title":{"rendered":"PROTEUS SMART"},"content":{"rendered":"<p>Desbloqueie o futuro do tratamento subsuperficial com nosso revolucion\u00e1rio transportador rob\u00f3tico Proteus Smart. Constru\u00eddo com base em nossa tecnologia de ponta Helios, o Proteus Smart oferece uma abordagem vers\u00e1til e inovadora para o tratamento subsuperficial em v\u00e1rios cen\u00e1rios.<\/p>\n\n\n\n<h2 class=\"wp-block-heading\">Opera\u00e7\u00f5es Fora e Dentro do Campo de Vis\u00e3o <\/h2>\n\n\n\n<p>O Proteus \u00e9 projetado para se destacar tanto em opera\u00e7\u00f5es fora do campo de vis\u00e3o, onde o controle remoto \u00e9 essencial, quanto em opera\u00e7\u00f5es dentro do campo de vis\u00e3o, onde o operador tem controle direto do rob\u00f4. Tamb\u00e9m \u00e9 perfeito para espa\u00e7os confinados, como tanques.<\/p>\n\n\n\n<h2 class=\"wp-block-heading\">Mobilidade Revolucion\u00e1ria<\/h2>\n\n\n\n<p>Ao contr\u00e1rio de muitos rob\u00f4s magn\u00e9ticos que dependem de princ\u00edpios mec\u00e2nicos simples, o Proteus se inspira na filosofia do nosso rob\u00f4 Helios. Ele possui mobilidade excepcional com um sistema de acionamento de tr\u00eas rodas, com uma roda traseira alimentada. Esse design permite manobras suaves em dire\u00e7\u00e3o a subsuperf\u00edcies, mantendo uma poderosa for\u00e7a magn\u00e9tica de reten\u00e7\u00e3o. <\/p>\n\n\n\n<h2 class=\"wp-block-heading\">M\u00f3dulos de Roda Adapt\u00e1veis<\/h2>\n\n\n\n<p>Os dois m\u00f3dulos de roda dianteira s\u00e3o articulados e ajust\u00e1veis, tornando-o adequado para opera\u00e7\u00f5es em superf\u00edcies curvas, seja no interior ou exterior do di\u00e2metro de um tubo.<\/p>\n\n\n\n<h2 class=\"wp-block-heading\">Controle Remoto Intuitivo<\/h2>\n\n\n\n<p>Assuma o controle total do Proteus Smart com facilidade atrav\u00e9s do seu sistema de controle eletr\u00f4nico avan\u00e7ado, por\u00e9m amig\u00e1vel ao usu\u00e1rio. Opere o rob\u00f4 remotamente com facilidade e mantenha-se informado com atualiza\u00e7\u00f5es de status em tempo real exibidas no gabinete de controle. <\/p>\n\n\n\n<h2 class=\"wp-block-heading\">Conectividade Remota<\/h2>\n\n\n\n<p>Permane\u00e7a conectado o tempo todo com o modem 4G integrado no gabinete de controle. Essa caracter\u00edstica permite o controle remoto para necessidades de manuten\u00e7\u00e3o e possibilita a transmiss\u00e3o de dados indicadores-chave de desempenho (KPI) aos clientes para colabora\u00e7\u00e3o e monitoramento aprimorados. <\/p>\n\n\n\n<h2 class=\"wp-block-heading\">Op\u00e7\u00f5es de Ferramentas Vers\u00e1teis<\/h2>\n\n\n\n<p>O Proteus vem equipado com mais dois acionamentos de motor padr\u00e3o para opera\u00e7\u00f5es de ferramentas e tr\u00eas portas auxiliares com comunica\u00e7\u00e3o e energia CC para ferramentas. Adicionalmente, oferece a op\u00e7\u00e3o de uma ferramenta de hidrojateamento e aspira\u00e7\u00e3o de 450 mm para tarefas especializadas de tratamento de superf\u00edcie.<\/p>\n\n\n\n<div style=\"height:40px\" aria-hidden=\"true\" class=\"wp-block-spacer\"><\/div>\n\n\n\n<h2 class=\"wp-block-heading\">Dados T\u00e9cnicos<\/h2>\n\n\n\n<figure class=\"wp-block-table\"><table><tbody><tr><td>Dimens\u00f5es (C x L x A)<\/td><td>809mm x 584mm 431mm<\/td><\/tr><tr><td>Peso na configura\u00e7\u00e3o padr\u00e3o<\/td><td>75<\/td><\/tr><tr><td>IP\/Submarino<\/td><td>IP67<\/td><\/tr><tr><td>For\u00e7a magn\u00e9tica de reten\u00e7\u00e3o em kg<\/td><td>935<\/td><\/tr><tr><td>Carga m\u00e1xima te\u00f3rica<\/td><td>80<\/td><\/tr><tr><td>Velocidade m\u00e1xima de deslocamento (m\/s)<\/td><td>0,3<\/td><\/tr><tr><td>Tens\u00e3o de Alimenta\u00e7\u00e3o El\u00e9trica (V) <\/td><td>230AC<\/td><\/tr><tr><td>Tens\u00e3o El\u00e9trica do Rob\u00f4 (V)<\/td><td>400DC<\/td><\/tr><tr><td>Disjuntor de Alimenta\u00e7\u00e3o El\u00e9trica (A)<\/td><td>10<\/td><\/tr><tr><td>Frequ\u00eancia El\u00e9trica (Hz)<\/td><td>50-60<\/td><\/tr><tr><td>Dist\u00e2ncia entre a superf\u00edcie e o rob\u00f4 (m)<\/td><td>80<\/td><\/tr><tr><td>ATEX Superf\u00edcie<\/td><td>Zona 02<\/td><\/tr><tr><td>ATEX Rob\u00f4<\/td><td>\u00c1rea Segura<\/td><\/tr><tr><td>C\u00e2meras<\/td><td>2x IP<\/td><\/tr><tr><td>Pot\u00eancia dispon\u00edvel para ferramentas<\/td><td>3x 24VDC + 2x 48VDC<\/td><\/tr><tr><td>Alta Press\u00e3o<\/td><td>X<\/td><\/tr><tr><td>Hidrojateamento<\/td><td>X<\/td><\/tr><tr><td>Jateamento de Granalha<\/td><td>X<\/td><\/tr><tr><td>Revestimento<\/td><td>X<\/td><\/tr><tr><td>Ferramenta Linear<\/td><td>X<\/td><\/tr><tr><td>Bra\u00e7o rob\u00f3tico<\/td><td>X<\/td><\/tr><tr><td>Ensaios N\u00e3o Destrutivos<\/td><td>X<\/td><\/tr><tr><td>Moedor<\/td><td>X<\/td><\/tr><\/tbody><\/table><\/figure>","protected":false},"excerpt":{"rendered":"<p>Proteus Smart revoluciona o tratamento subsuperficial<\/p>","protected":false},"author":12,"featured_media":2255,"parent":25,"menu_order":70,"comment_status":"closed","ping_status":"closed","template":"templates\/our-systems-details.php","meta":{"_acf_changed":false,"footnotes":""},"class_list":["post-2200","page","type-page","status-publish","has-post-thumbnail","hentry"],"acf":[],"yoast_head":"<!-- This site is optimized with the Yoast SEO plugin v26.8 - https:\/\/yoast.com\/product\/yoast-seo-wordpress\/ -->\n<title>PROTEUS SMART - Remotion<\/title>\n<meta name=\"description\" content=\"Proteus Smart, our advanced robotic tool, uses cutting-edge Helios tech for versatile and innovative subsurface solutions.\" \/>\n<meta name=\"robots\" content=\"index, follow, max-snippet:-1, max-image-preview:large, max-video-preview:-1\" \/>\n<link rel=\"canonical\" href=\"https:\/\/remotion.no\/pt\/our-systems\/proteus-smart\/\" \/>\n<meta property=\"og:locale\" content=\"pt_PT\" \/>\n<meta property=\"og:type\" content=\"article\" \/>\n<meta property=\"og:title\" content=\"PROTEUS SMART - Remotion\" \/>\n<meta property=\"og:description\" content=\"Proteus Smart, our advanced robotic tool, uses cutting-edge Helios tech for versatile and innovative subsurface solutions.\" \/>\n<meta property=\"og:url\" content=\"https:\/\/remotion.no\/pt\/our-systems\/proteus-smart\/\" \/>\n<meta property=\"og:site_name\" content=\"Remotion\" \/>\n<meta property=\"article:modified_time\" content=\"2024-02-11T20:23:22+00:00\" \/>\n<meta property=\"og:image\" content=\"https:\/\/remotion.no\/wp-content\/uploads\/2024\/02\/Proteus-smart11-1.jpg\" \/>\n\t<meta property=\"og:image:width\" content=\"795\" \/>\n\t<meta property=\"og:image:height\" content=\"450\" \/>\n\t<meta property=\"og:image:type\" content=\"image\/jpeg\" \/>\n<meta name=\"twitter:card\" content=\"summary_large_image\" \/>\n<meta name=\"twitter:label1\" content=\"Est. reading time\" \/>\n\t<meta name=\"twitter:data1\" content=\"2 minutes\" \/>\n<script type=\"application\/ld+json\" class=\"yoast-schema-graph\">{\"@context\":\"https:\/\/schema.org\",\"@graph\":[{\"@type\":\"WebPage\",\"@id\":\"https:\/\/remotion.no\/our-systems\/proteus-smart\/\",\"url\":\"https:\/\/remotion.no\/our-systems\/proteus-smart\/\",\"name\":\"PROTEUS SMART - Remotion\",\"isPartOf\":{\"@id\":\"https:\/\/remotion.no\/#website\"},\"primaryImageOfPage\":{\"@id\":\"https:\/\/remotion.no\/our-systems\/proteus-smart\/#primaryimage\"},\"image\":{\"@id\":\"https:\/\/remotion.no\/our-systems\/proteus-smart\/#primaryimage\"},\"thumbnailUrl\":\"https:\/\/remotion.no\/wp-content\/uploads\/2024\/02\/Proteus-smart11-1.jpg\",\"datePublished\":\"2024-02-09T20:35:57+00:00\",\"dateModified\":\"2024-02-11T20:23:22+00:00\",\"description\":\"Proteus Smart, our advanced robotic tool, uses cutting-edge Helios tech for versatile and innovative subsurface solutions.\",\"breadcrumb\":{\"@id\":\"https:\/\/remotion.no\/our-systems\/proteus-smart\/#breadcrumb\"},\"inLanguage\":\"pt-PT\",\"potentialAction\":[{\"@type\":\"ReadAction\",\"target\":[\"https:\/\/remotion.no\/our-systems\/proteus-smart\/\"]}]},{\"@type\":\"ImageObject\",\"inLanguage\":\"pt-PT\",\"@id\":\"https:\/\/remotion.no\/our-systems\/proteus-smart\/#primaryimage\",\"url\":\"https:\/\/remotion.no\/wp-content\/uploads\/2024\/02\/Proteus-smart11-1.jpg\",\"contentUrl\":\"https:\/\/remotion.no\/wp-content\/uploads\/2024\/02\/Proteus-smart11-1.jpg\",\"width\":795,\"height\":450,\"caption\":\"A black and yellow vehicle with wheels\"},{\"@type\":\"BreadcrumbList\",\"@id\":\"https:\/\/remotion.no\/our-systems\/proteus-smart\/#breadcrumb\",\"itemListElement\":[{\"@type\":\"ListItem\",\"position\":1,\"name\":\"Home\",\"item\":\"https:\/\/remotion.no\/\"},{\"@type\":\"ListItem\",\"position\":2,\"name\":\"Our Robots\",\"item\":\"https:\/\/remotion.no\/our-systems\/\"},{\"@type\":\"ListItem\",\"position\":3,\"name\":\"PROTEUS SMART\"}]},{\"@type\":\"WebSite\",\"@id\":\"https:\/\/remotion.no\/#website\",\"url\":\"https:\/\/remotion.no\/\",\"name\":\"Remotion\",\"description\":\"\",\"potentialAction\":[{\"@type\":\"SearchAction\",\"target\":{\"@type\":\"EntryPoint\",\"urlTemplate\":\"https:\/\/remotion.no\/?s={search_term_string}\"},\"query-input\":{\"@type\":\"PropertyValueSpecification\",\"valueRequired\":true,\"valueName\":\"search_term_string\"}}],\"inLanguage\":\"pt-PT\"}]}<\/script>\n<!-- \/ Yoast SEO plugin. -->","yoast_head_json":{"title":"PROTEUS SMART - Remotion","description":"Proteus Smart, our advanced robotic tool, uses cutting-edge Helios tech for versatile and innovative subsurface solutions.","robots":{"index":"index","follow":"follow","max-snippet":"max-snippet:-1","max-image-preview":"max-image-preview:large","max-video-preview":"max-video-preview:-1"},"canonical":"https:\/\/remotion.no\/pt\/our-systems\/proteus-smart\/","og_locale":"pt_PT","og_type":"article","og_title":"PROTEUS SMART - Remotion","og_description":"Proteus Smart, our advanced robotic tool, uses cutting-edge Helios tech for versatile and innovative subsurface solutions.","og_url":"https:\/\/remotion.no\/pt\/our-systems\/proteus-smart\/","og_site_name":"Remotion","article_modified_time":"2024-02-11T20:23:22+00:00","og_image":[{"width":795,"height":450,"url":"https:\/\/remotion.no\/wp-content\/uploads\/2024\/02\/Proteus-smart11-1.jpg","type":"image\/jpeg"}],"twitter_card":"summary_large_image","twitter_misc":{"Est. reading time":"2 minutes"},"schema":{"@context":"https:\/\/schema.org","@graph":[{"@type":"WebPage","@id":"https:\/\/remotion.no\/our-systems\/proteus-smart\/","url":"https:\/\/remotion.no\/our-systems\/proteus-smart\/","name":"PROTEUS SMART - Remotion","isPartOf":{"@id":"https:\/\/remotion.no\/#website"},"primaryImageOfPage":{"@id":"https:\/\/remotion.no\/our-systems\/proteus-smart\/#primaryimage"},"image":{"@id":"https:\/\/remotion.no\/our-systems\/proteus-smart\/#primaryimage"},"thumbnailUrl":"https:\/\/remotion.no\/wp-content\/uploads\/2024\/02\/Proteus-smart11-1.jpg","datePublished":"2024-02-09T20:35:57+00:00","dateModified":"2024-02-11T20:23:22+00:00","description":"Proteus Smart, our advanced robotic tool, uses cutting-edge Helios tech for versatile and innovative subsurface solutions.","breadcrumb":{"@id":"https:\/\/remotion.no\/our-systems\/proteus-smart\/#breadcrumb"},"inLanguage":"pt-PT","potentialAction":[{"@type":"ReadAction","target":["https:\/\/remotion.no\/our-systems\/proteus-smart\/"]}]},{"@type":"ImageObject","inLanguage":"pt-PT","@id":"https:\/\/remotion.no\/our-systems\/proteus-smart\/#primaryimage","url":"https:\/\/remotion.no\/wp-content\/uploads\/2024\/02\/Proteus-smart11-1.jpg","contentUrl":"https:\/\/remotion.no\/wp-content\/uploads\/2024\/02\/Proteus-smart11-1.jpg","width":795,"height":450,"caption":"A black and yellow vehicle with wheels"},{"@type":"BreadcrumbList","@id":"https:\/\/remotion.no\/our-systems\/proteus-smart\/#breadcrumb","itemListElement":[{"@type":"ListItem","position":1,"name":"Home","item":"https:\/\/remotion.no\/"},{"@type":"ListItem","position":2,"name":"Our Robots","item":"https:\/\/remotion.no\/our-systems\/"},{"@type":"ListItem","position":3,"name":"PROTEUS SMART"}]},{"@type":"WebSite","@id":"https:\/\/remotion.no\/#website","url":"https:\/\/remotion.no\/","name":"Remotion","description":"","potentialAction":[{"@type":"SearchAction","target":{"@type":"EntryPoint","urlTemplate":"https:\/\/remotion.no\/?s={search_term_string}"},"query-input":{"@type":"PropertyValueSpecification","valueRequired":true,"valueName":"search_term_string"}}],"inLanguage":"pt-PT"}]}},"_links":{"self":[{"href":"https:\/\/remotion.no\/pt\/wp-json\/wp\/v2\/pages\/2200","targetHints":{"allow":["GET"]}}],"collection":[{"href":"https:\/\/remotion.no\/pt\/wp-json\/wp\/v2\/pages"}],"about":[{"href":"https:\/\/remotion.no\/pt\/wp-json\/wp\/v2\/types\/page"}],"author":[{"embeddable":true,"href":"https:\/\/remotion.no\/pt\/wp-json\/wp\/v2\/users\/12"}],"replies":[{"embeddable":true,"href":"https:\/\/remotion.no\/pt\/wp-json\/wp\/v2\/comments?post=2200"}],"version-history":[{"count":13,"href":"https:\/\/remotion.no\/pt\/wp-json\/wp\/v2\/pages\/2200\/revisions"}],"predecessor-version":[{"id":2235,"href":"https:\/\/remotion.no\/pt\/wp-json\/wp\/v2\/pages\/2200\/revisions\/2235"}],"up":[{"embeddable":true,"href":"https:\/\/remotion.no\/pt\/wp-json\/wp\/v2\/pages\/25"}],"wp:featuredmedia":[{"embeddable":true,"href":"https:\/\/remotion.no\/pt\/wp-json\/wp\/v2\/media\/2255"}],"wp:attachment":[{"href":"https:\/\/remotion.no\/pt\/wp-json\/wp\/v2\/media?parent=2200"}],"curies":[{"name":"wp","href":"https:\/\/api.w.org\/{rel}","templated":true}]}}