{"id":2204,"date":"2024-02-09T22:13:57","date_gmt":"2024-02-09T21:13:57","guid":{"rendered":"https:\/\/remotion.no\/?page_id=2204"},"modified":"2024-05-09T20:47:32","modified_gmt":"2024-05-09T19:47:32","slug":"proteus-safe-electrical-magnetic-robot","status":"publish","type":"page","link":"https:\/\/remotion.no\/pt\/our-systems\/proteus-safe-electrical-magnetic-robot\/","title":{"rendered":"PROTEUS SAFE"},"content":{"rendered":"<p><br>Apresentando o Proteus Safe, o primeiro rob\u00f4 magn\u00e9tico el\u00e9trico do mundo em conformidade com a Zona 01 ATEX e as normas relevantes da IEC.<\/p>\n\n\n\n<p>Constru\u00eddo com precis\u00e3o, ele apresenta dois motores de servo brushless da Parker Hannifin para Zona 01 ATEX, garantindo uma qualidade de movimento excepcional, capacidades din\u00e2micas de acelera\u00e7\u00e3o\/desacelera\u00e7\u00e3o e alto torque de sa\u00edda. O design inclui conectores robustos para conex\u00f5es umbilicais seguras e confi\u00e1veis que resistem a condi\u00e7\u00f5es adversas.<\/p>\n\n\n\n<p>O Proteus Safe \u00e9 aprovado de acordo com II 3 G Ex IIB T3 Gb X;<strong> II 3 G Ex IIB T3 Gb X<\/strong>mediante solicita\u00e7\u00e3o, o rob\u00f4 pode ser entregue de acordo com II 2 G Ex h IIB Gb X. <\/p>\n\n\n\n<div style=\"height:50px\" aria-hidden=\"true\" class=\"wp-block-spacer\"><\/div>\n\n\n\n<h2 class=\"wp-block-heading\">Dados t\u00e9cnicos<\/h2>\n\n\n\n<figure class=\"wp-block-table\"><table><tbody><tr><td>Dimens\u00f5es (C x L x A)<\/td><td>725mm x 398mm x 345mm<\/td><\/tr><tr><td>Peso na configura\u00e7\u00e3o padr\u00e3o<\/td><td>50<\/td><\/tr><tr><td>IP\/Submarino<\/td><td>IP67<\/td><\/tr><tr><td>For\u00e7a magn\u00e9tica de reten\u00e7\u00e3o em kg<\/td><td>935<\/td><\/tr><tr><td>Carga m\u00e1xima te\u00f3rica<\/td><td>80<\/td><\/tr><tr><td>Velocidade m\u00e1xima de deslocamento (m\/s)<\/td><td>1,7<\/td><\/tr><tr><td>Tens\u00e3o de Alimenta\u00e7\u00e3o El\u00e9trica (V)<\/td><td>230 AC<\/td><\/tr><tr><td>Tens\u00e3o El\u00e9trica do Rob\u00f4 (V) <\/td><td>230 AC<\/td><\/tr><tr><td>Frequ\u00eancia El\u00e9trica (Hz)<\/td><td>50-60<\/td><\/tr><tr><td>Dist\u00e2ncia entre a superf\u00edcie e o rob\u00f4 (m)<\/td><td>80<\/td><\/tr><tr><td>ATEX Superf\u00edcie<\/td><td>Zona 01<\/td><\/tr><tr><td>ATEX Rob\u00f4<\/td><td>Zona 01<\/td><\/tr><tr><td>C\u00e2meras<\/td><td>1 IP<\/td><\/tr><tr><td>Pot\u00eancia dispon\u00edvel para ferramentas<\/td><td>24VDC 2A<\/td><\/tr><tr><td>Alta Press\u00e3o<\/td><td>X<\/td><\/tr><tr><td>Hidrojateamento<\/td><td>X<\/td><\/tr><tr><td>Jateamento de Granalha<\/td><td>X<\/td><\/tr><tr><td>Ferramenta Linear<\/td><td>X<\/td><\/tr><tr><td>Ensaios N\u00e3o Destrutivos<\/td><td>X<\/td><\/tr><\/tbody><\/table><\/figure>\n\n\n\n<div style=\"height:50px\" aria-hidden=\"true\" class=\"wp-block-spacer\"><\/div>\n\n\n\n<p>See Proteus Safe, <strong>sandblasting<\/strong> without emissions at our Forus test wall. With an impressive rate of 10 m<sup>2<\/sup> per hour, Proteus Safe redefines efficiency. It also excels in <strong>waterjetting<\/strong>, <strong>spray painting<\/strong>, <strong>roller painting,<\/strong> and can be tailored for various tasks upon request. Join us to witness innovation in action, where speed meets sustainability.<\/p>\n\n\n\n<figure class=\"wp-block-video\"><video height=\"540\" style=\"aspect-ratio: 960 \/ 540;\" width=\"960\" controls src=\"https:\/\/remotion.no\/wp-content\/uploads\/2024\/02\/Proteus-Safe.mp4\"><\/video><\/figure>\n\n\n\n<div style=\"height:50px\" aria-hidden=\"true\" class=\"wp-block-spacer\"><\/div>\n\n\n\n<h2 class=\"wp-block-heading\"><strong>Unlock the potential of Pinovo&#8217;s cutting-edge sandblasting technology!<\/strong><\/h2>\n\n\n\n<p>With Pinovo, surfaces are effortlessly restored to their original splendor, ready to receive a flawless coat of spray paint. Experience the seamless transition from revitalization to perfection in just one coat, it effortlessly sprays 500my, showcasing impressive precision and effectiveness. Witness its stunning results as Proteus Safe stands ready for any task ahead.<\/p>\n\n\n\n<div style=\"height:35px\" aria-hidden=\"true\" class=\"wp-block-spacer\"><\/div>\n\n\n\n<figure class=\"wp-block-video\"><video height=\"1080\" style=\"aspect-ratio: 1920 \/ 1080;\" width=\"1920\" controls src=\"https:\/\/remotion.no\/wp-content\/uploads\/2024\/05\/Proteus-Safe.mp4\"><\/video><\/figure>","protected":false},"excerpt":{"rendered":"<p>Primeiro Rob\u00f4 Magn\u00e9tico El\u00e9trico do Mundo em conformidade com a Zona 01 ATEX<\/p>","protected":false},"author":12,"featured_media":2246,"parent":25,"menu_order":60,"comment_status":"closed","ping_status":"closed","template":"templates\/our-systems-details.php","meta":{"_acf_changed":false,"footnotes":""},"class_list":["post-2204","page","type-page","status-publish","has-post-thumbnail","hentry"],"acf":[],"yoast_head":"<!-- This site is optimized with the Yoast SEO plugin v26.8 - https:\/\/yoast.com\/product\/yoast-seo-wordpress\/ -->\n<title>PROTEUS SAFE - Remotion<\/title>\n<meta name=\"description\" content=\"Introducing the World&#039;s first Electrical Magnetic Robot compliant with ATEX Zone 01 and relevant IEC Standards.\" \/>\n<meta name=\"robots\" content=\"index, follow, max-snippet:-1, max-image-preview:large, max-video-preview:-1\" \/>\n<link rel=\"canonical\" href=\"https:\/\/remotion.no\/pt\/our-systems\/proteus-safe-electrical-magnetic-robot\/\" \/>\n<meta property=\"og:locale\" content=\"pt_PT\" \/>\n<meta property=\"og:type\" content=\"article\" \/>\n<meta property=\"og:title\" content=\"PROTEUS SAFE - Remotion\" \/>\n<meta property=\"og:description\" content=\"Introducing the World&#039;s first Electrical Magnetic Robot compliant with ATEX Zone 01 and relevant IEC Standards.\" \/>\n<meta property=\"og:url\" content=\"https:\/\/remotion.no\/pt\/our-systems\/proteus-safe-electrical-magnetic-robot\/\" \/>\n<meta property=\"og:site_name\" content=\"Remotion\" \/>\n<meta property=\"article:modified_time\" content=\"2024-05-09T19:47:32+00:00\" \/>\n<meta property=\"og:image\" content=\"https:\/\/remotion.no\/wp-content\/uploads\/2024\/02\/Proteus-safe11.jpg\" \/>\n\t<meta property=\"og:image:width\" content=\"795\" \/>\n\t<meta property=\"og:image:height\" content=\"450\" \/>\n\t<meta property=\"og:image:type\" content=\"image\/jpeg\" \/>\n<meta name=\"twitter:card\" content=\"summary_large_image\" \/>\n<meta name=\"twitter:label1\" content=\"Est. reading time\" \/>\n\t<meta name=\"twitter:data1\" content=\"2 minutes\" \/>\n<script type=\"application\/ld+json\" class=\"yoast-schema-graph\">{\"@context\":\"https:\/\/schema.org\",\"@graph\":[{\"@type\":\"WebPage\",\"@id\":\"https:\/\/remotion.no\/our-systems\/proteus-safe-electrical-magnetic-robot\/\",\"url\":\"https:\/\/remotion.no\/our-systems\/proteus-safe-electrical-magnetic-robot\/\",\"name\":\"PROTEUS SAFE - Remotion\",\"isPartOf\":{\"@id\":\"https:\/\/remotion.no\/#website\"},\"primaryImageOfPage\":{\"@id\":\"https:\/\/remotion.no\/our-systems\/proteus-safe-electrical-magnetic-robot\/#primaryimage\"},\"image\":{\"@id\":\"https:\/\/remotion.no\/our-systems\/proteus-safe-electrical-magnetic-robot\/#primaryimage\"},\"thumbnailUrl\":\"https:\/\/remotion.no\/wp-content\/uploads\/2024\/02\/Proteus-safe11.jpg\",\"datePublished\":\"2024-02-09T21:13:57+00:00\",\"dateModified\":\"2024-05-09T19:47:32+00:00\",\"description\":\"Introducing the World's first Electrical Magnetic Robot compliant with ATEX Zone 01 and relevant IEC Standards.\",\"breadcrumb\":{\"@id\":\"https:\/\/remotion.no\/our-systems\/proteus-safe-electrical-magnetic-robot\/#breadcrumb\"},\"inLanguage\":\"pt-PT\",\"potentialAction\":[{\"@type\":\"ReadAction\",\"target\":[\"https:\/\/remotion.no\/our-systems\/proteus-safe-electrical-magnetic-robot\/\"]}]},{\"@type\":\"ImageObject\",\"inLanguage\":\"pt-PT\",\"@id\":\"https:\/\/remotion.no\/our-systems\/proteus-safe-electrical-magnetic-robot\/#primaryimage\",\"url\":\"https:\/\/remotion.no\/wp-content\/uploads\/2024\/02\/Proteus-safe11.jpg\",\"contentUrl\":\"https:\/\/remotion.no\/wp-content\/uploads\/2024\/02\/Proteus-safe11.jpg\",\"width\":795,\"height\":450,\"caption\":\"A black vehicle with wheels\"},{\"@type\":\"BreadcrumbList\",\"@id\":\"https:\/\/remotion.no\/our-systems\/proteus-safe-electrical-magnetic-robot\/#breadcrumb\",\"itemListElement\":[{\"@type\":\"ListItem\",\"position\":1,\"name\":\"Home\",\"item\":\"https:\/\/remotion.no\/\"},{\"@type\":\"ListItem\",\"position\":2,\"name\":\"Our Robots\",\"item\":\"https:\/\/remotion.no\/our-systems\/\"},{\"@type\":\"ListItem\",\"position\":3,\"name\":\"PROTEUS SAFE\"}]},{\"@type\":\"WebSite\",\"@id\":\"https:\/\/remotion.no\/#website\",\"url\":\"https:\/\/remotion.no\/\",\"name\":\"Remotion\",\"description\":\"\",\"potentialAction\":[{\"@type\":\"SearchAction\",\"target\":{\"@type\":\"EntryPoint\",\"urlTemplate\":\"https:\/\/remotion.no\/?s={search_term_string}\"},\"query-input\":{\"@type\":\"PropertyValueSpecification\",\"valueRequired\":true,\"valueName\":\"search_term_string\"}}],\"inLanguage\":\"pt-PT\"}]}<\/script>\n<!-- \/ Yoast SEO plugin. -->","yoast_head_json":{"title":"PROTEUS SAFE - Remotion","description":"Introducing the World's first Electrical Magnetic Robot compliant with ATEX Zone 01 and relevant IEC Standards.","robots":{"index":"index","follow":"follow","max-snippet":"max-snippet:-1","max-image-preview":"max-image-preview:large","max-video-preview":"max-video-preview:-1"},"canonical":"https:\/\/remotion.no\/pt\/our-systems\/proteus-safe-electrical-magnetic-robot\/","og_locale":"pt_PT","og_type":"article","og_title":"PROTEUS SAFE - Remotion","og_description":"Introducing the World's first Electrical Magnetic Robot compliant with ATEX Zone 01 and relevant IEC Standards.","og_url":"https:\/\/remotion.no\/pt\/our-systems\/proteus-safe-electrical-magnetic-robot\/","og_site_name":"Remotion","article_modified_time":"2024-05-09T19:47:32+00:00","og_image":[{"width":795,"height":450,"url":"https:\/\/remotion.no\/wp-content\/uploads\/2024\/02\/Proteus-safe11.jpg","type":"image\/jpeg"}],"twitter_card":"summary_large_image","twitter_misc":{"Est. reading time":"2 minutes"},"schema":{"@context":"https:\/\/schema.org","@graph":[{"@type":"WebPage","@id":"https:\/\/remotion.no\/our-systems\/proteus-safe-electrical-magnetic-robot\/","url":"https:\/\/remotion.no\/our-systems\/proteus-safe-electrical-magnetic-robot\/","name":"PROTEUS SAFE - Remotion","isPartOf":{"@id":"https:\/\/remotion.no\/#website"},"primaryImageOfPage":{"@id":"https:\/\/remotion.no\/our-systems\/proteus-safe-electrical-magnetic-robot\/#primaryimage"},"image":{"@id":"https:\/\/remotion.no\/our-systems\/proteus-safe-electrical-magnetic-robot\/#primaryimage"},"thumbnailUrl":"https:\/\/remotion.no\/wp-content\/uploads\/2024\/02\/Proteus-safe11.jpg","datePublished":"2024-02-09T21:13:57+00:00","dateModified":"2024-05-09T19:47:32+00:00","description":"Introducing the World's first Electrical Magnetic Robot compliant with ATEX Zone 01 and relevant IEC Standards.","breadcrumb":{"@id":"https:\/\/remotion.no\/our-systems\/proteus-safe-electrical-magnetic-robot\/#breadcrumb"},"inLanguage":"pt-PT","potentialAction":[{"@type":"ReadAction","target":["https:\/\/remotion.no\/our-systems\/proteus-safe-electrical-magnetic-robot\/"]}]},{"@type":"ImageObject","inLanguage":"pt-PT","@id":"https:\/\/remotion.no\/our-systems\/proteus-safe-electrical-magnetic-robot\/#primaryimage","url":"https:\/\/remotion.no\/wp-content\/uploads\/2024\/02\/Proteus-safe11.jpg","contentUrl":"https:\/\/remotion.no\/wp-content\/uploads\/2024\/02\/Proteus-safe11.jpg","width":795,"height":450,"caption":"A black vehicle with wheels"},{"@type":"BreadcrumbList","@id":"https:\/\/remotion.no\/our-systems\/proteus-safe-electrical-magnetic-robot\/#breadcrumb","itemListElement":[{"@type":"ListItem","position":1,"name":"Home","item":"https:\/\/remotion.no\/"},{"@type":"ListItem","position":2,"name":"Our Robots","item":"https:\/\/remotion.no\/our-systems\/"},{"@type":"ListItem","position":3,"name":"PROTEUS SAFE"}]},{"@type":"WebSite","@id":"https:\/\/remotion.no\/#website","url":"https:\/\/remotion.no\/","name":"Remotion","description":"","potentialAction":[{"@type":"SearchAction","target":{"@type":"EntryPoint","urlTemplate":"https:\/\/remotion.no\/?s={search_term_string}"},"query-input":{"@type":"PropertyValueSpecification","valueRequired":true,"valueName":"search_term_string"}}],"inLanguage":"pt-PT"}]}},"_links":{"self":[{"href":"https:\/\/remotion.no\/pt\/wp-json\/wp\/v2\/pages\/2204","targetHints":{"allow":["GET"]}}],"collection":[{"href":"https:\/\/remotion.no\/pt\/wp-json\/wp\/v2\/pages"}],"about":[{"href":"https:\/\/remotion.no\/pt\/wp-json\/wp\/v2\/types\/page"}],"author":[{"embeddable":true,"href":"https:\/\/remotion.no\/pt\/wp-json\/wp\/v2\/users\/12"}],"replies":[{"embeddable":true,"href":"https:\/\/remotion.no\/pt\/wp-json\/wp\/v2\/comments?post=2204"}],"version-history":[{"count":19,"href":"https:\/\/remotion.no\/pt\/wp-json\/wp\/v2\/pages\/2204\/revisions"}],"predecessor-version":[{"id":2308,"href":"https:\/\/remotion.no\/pt\/wp-json\/wp\/v2\/pages\/2204\/revisions\/2308"}],"up":[{"embeddable":true,"href":"https:\/\/remotion.no\/pt\/wp-json\/wp\/v2\/pages\/25"}],"wp:featuredmedia":[{"embeddable":true,"href":"https:\/\/remotion.no\/pt\/wp-json\/wp\/v2\/media\/2246"}],"wp:attachment":[{"href":"https:\/\/remotion.no\/pt\/wp-json\/wp\/v2\/media?parent=2204"}],"curies":[{"name":"wp","href":"https:\/\/api.w.org\/{rel}","templated":true}]}}