{"id":235,"date":"2020-10-20T08:17:09","date_gmt":"2020-10-20T08:17:09","guid":{"rendered":"http:\/\/remotion.brandbar.eu\/?page_id=235"},"modified":"2022-09-15T20:32:39","modified_gmt":"2022-09-15T19:32:39","slug":"plug-installation-and-removal","status":"publish","type":"page","link":"https:\/\/remotion.no\/pt\/applications\/plug-installation-and-removal\/","title":{"rendered":"Cegueira no peito do mar"},"content":{"rendered":"<p>A alta capacidade de carga \u00fatil de nossa linha de ROVs Magn\u00e9ticos torna poss\u00edvel instalar todos os tipos de cegamentos de entradas de \u00e1gua, desde pequenos tamp\u00f5es at\u00e9 placas de habitat maiores.<\/p>\n\n\n\n<p>Com suas rodas de grande di\u00e2metro e sistema magn\u00e9tico adaptativo, o rob\u00f4 <a href=\"http:\/\/remotion2.usernet.hu\/\/our-systems\/achilles\/\">Achilles<\/a> tamb\u00e9m pode lidar com estruturas inclinadas. <\/p>\n\n\n\n<figure class=\"wp-block-image size-large\"><img decoding=\"async\" width=\"578\" height=\"462\" src=\"http:\/\/remotion2.usernet.hu\/\/wp-content\/uploads\/2021\/05\/Ahilles-on-hull.jpg\" alt=\"\" class=\"wp-image-1652\" srcset=\"https:\/\/remotion.no\/wp-content\/uploads\/2021\/05\/Ahilles-on-hull.jpg 578w, https:\/\/remotion.no\/wp-content\/uploads\/2021\/05\/Ahilles-on-hull-256x205.jpg 256w\" sizes=\"(max-width: 578px) 100vw, 578px\" \/><\/figure>\n\n\n\n<p>Equipado com bra\u00e7os manipuladores padr\u00e3o, um M-ROV pode instalar tamp\u00f5es padr\u00e3o de entradas de \u00e1gua.<\/p>\n\n\n\n<figure class=\"wp-block-image size-large is-resized\"><img decoding=\"async\" src=\"http:\/\/remotion2.usernet.hu\/\/wp-content\/uploads\/2021\/05\/MicrosoftTeams-image-90.png\" alt=\"\" class=\"wp-image-1660\" width=\"840\" height=\"505\" srcset=\"https:\/\/remotion.no\/wp-content\/uploads\/2021\/05\/MicrosoftTeams-image-90.png 1990w, https:\/\/remotion.no\/wp-content\/uploads\/2021\/05\/MicrosoftTeams-image-90-1536x924.png 1536w, https:\/\/remotion.no\/wp-content\/uploads\/2021\/05\/MicrosoftTeams-image-90-341x205.png 341w\" sizes=\"(max-width: 840px) 100vw, 840px\" \/><\/figure>\n\n\n\n<p>Para tamp\u00f5es maiores de at\u00e9 24 polegadas, nosso departamento de engenharia pode personalizar projetos para interfaces de instala\u00e7\u00e3o espec\u00edficas e auxiliar no design do tamp\u00e3o.<\/p>\n\n\n\n<figure class=\"wp-block-image size-large\"><img decoding=\"async\" width=\"906\" height=\"555\" src=\"http:\/\/remotion2.usernet.hu\/\/wp-content\/uploads\/2021\/05\/Plug-1.jpg\" alt=\"\" class=\"wp-image-1653\" srcset=\"https:\/\/remotion.no\/wp-content\/uploads\/2021\/05\/Plug-1.jpg 906w, https:\/\/remotion.no\/wp-content\/uploads\/2021\/05\/Plug-1-335x205.jpg 335w\" sizes=\"(max-width: 906px) 100vw, 906px\" \/><\/figure>\n\n\n\n<p>A Remotion tamb\u00e9m pode auxiliar no design completo, produ\u00e7\u00e3o e instala\u00e7\u00e3o de cegamentos de entradas de \u00e1gua.<\/p>\n\n\n\n<figure class=\"wp-block-image size-large is-resized\"><img decoding=\"async\" src=\"http:\/\/remotion2.usernet.hu\/\/wp-content\/uploads\/2021\/05\/image-1.png\" alt=\"\" class=\"wp-image-1654\" width=\"836\" height=\"514\" srcset=\"https:\/\/remotion.no\/wp-content\/uploads\/2021\/05\/image-1.png 625w, https:\/\/remotion.no\/wp-content\/uploads\/2021\/05\/image-1-334x205.png 334w\" sizes=\"(max-width: 836px) 100vw, 836px\" \/><\/figure>\n\n\n\n<p><a href=\"http:\/\/remotion2.usernet.hu\/\/our-systems\/goliat\/\">Goliat<\/a>- sistema equipado com placa de habitat de 2,8 metros de largura, pronto para lan\u00e7amento:<\/p>\n\n\n\n<figure class=\"wp-block-image size-large\"><img decoding=\"async\" width=\"2560\" height=\"1440\" src=\"http:\/\/remotion2.usernet.hu\/\/wp-content\/uploads\/2021\/05\/G0030055-scaled.jpg\" alt=\"\" class=\"wp-image-1655\" srcset=\"https:\/\/remotion.no\/wp-content\/uploads\/2021\/05\/G0030055-scaled.jpg 2560w, https:\/\/remotion.no\/wp-content\/uploads\/2021\/05\/G0030055-1536x864.jpg 1536w, https:\/\/remotion.no\/wp-content\/uploads\/2021\/05\/G0030055-2048x1152.jpg 2048w, https:\/\/remotion.no\/wp-content\/uploads\/2021\/05\/G0030055-908x510.jpg 908w, https:\/\/remotion.no\/wp-content\/uploads\/2021\/05\/G0030055-487x273.jpg 487w, https:\/\/remotion.no\/wp-content\/uploads\/2021\/05\/G0030055-435x245.jpg 435w, https:\/\/remotion.no\/wp-content\/uploads\/2021\/05\/G0030055-345x195.jpg 345w, https:\/\/remotion.no\/wp-content\/uploads\/2021\/05\/G0030055-364x205.jpg 364w, https:\/\/remotion.no\/wp-content\/uploads\/2021\/05\/G0030055-320x180.jpg 320w\" sizes=\"(max-width: 2560px) 100vw, 2560px\" \/><\/figure>","protected":false},"excerpt":{"rendered":"<p>The high payload capacity of our range of Magnetic ROVs makes it possible to install all types of sea chest blindings from small plugs to larger habitatplates. With its large diameter wheels and adaptive magnetic system the Achilles robot can also tackle angled structures. Equipped with standard manipulator arms a M-ROV can install standard sea [&hellip;]<\/p>","protected":false},"author":12,"featured_media":1647,"parent":171,"menu_order":0,"comment_status":"closed","ping_status":"closed","template":"templates\/applications-details.php","meta":{"_acf_changed":false,"footnotes":""},"class_list":["post-235","page","type-page","status-publish","has-post-thumbnail","hentry"],"acf":[],"yoast_head":"<!-- This site is optimized with the Yoast SEO plugin v26.8 - https:\/\/yoast.com\/product\/yoast-seo-wordpress\/ -->\n<title>Sea chest blinding - Remotion<\/title>\n<meta name=\"description\" content=\"Installation of sea chest blindings with less personnel and higher weather limits with the use of our M-ROV technology!\" \/>\n<meta name=\"robots\" content=\"index, follow, max-snippet:-1, max-image-preview:large, max-video-preview:-1\" \/>\n<link rel=\"canonical\" href=\"https:\/\/remotion.no\/pt\/applications\/plug-installation-and-removal\/\" \/>\n<meta property=\"og:locale\" content=\"pt_PT\" \/>\n<meta property=\"og:type\" content=\"article\" \/>\n<meta property=\"og:title\" content=\"Sea chest blinding - Remotion\" \/>\n<meta property=\"og:description\" content=\"Installation of sea chest blindings with less personnel and higher weather limits with the use of our M-ROV technology!\" \/>\n<meta property=\"og:url\" content=\"https:\/\/remotion.no\/pt\/applications\/plug-installation-and-removal\/\" \/>\n<meta property=\"og:site_name\" content=\"Remotion\" \/>\n<meta property=\"article:modified_time\" content=\"2022-09-15T19:32:39+00:00\" \/>\n<meta property=\"og:image\" content=\"https:\/\/remotion.no\/wp-content\/uploads\/2021\/05\/Waterintake.jpg\" \/>\n\t<meta property=\"og:image:width\" content=\"569\" \/>\n\t<meta property=\"og:image:height\" content=\"321\" \/>\n\t<meta property=\"og:image:type\" content=\"image\/jpeg\" \/>\n<meta name=\"twitter:card\" content=\"summary_large_image\" \/>\n<meta name=\"twitter:label1\" content=\"Est. reading time\" \/>\n\t<meta name=\"twitter:data1\" content=\"2 minutes\" \/>\n<script type=\"application\/ld+json\" class=\"yoast-schema-graph\">{\"@context\":\"https:\/\/schema.org\",\"@graph\":[{\"@type\":\"WebPage\",\"@id\":\"https:\/\/remotion.no\/applications\/plug-installation-and-removal\/\",\"url\":\"https:\/\/remotion.no\/applications\/plug-installation-and-removal\/\",\"name\":\"Sea chest blinding - Remotion\",\"isPartOf\":{\"@id\":\"https:\/\/remotion.no\/#website\"},\"primaryImageOfPage\":{\"@id\":\"https:\/\/remotion.no\/applications\/plug-installation-and-removal\/#primaryimage\"},\"image\":{\"@id\":\"https:\/\/remotion.no\/applications\/plug-installation-and-removal\/#primaryimage\"},\"thumbnailUrl\":\"https:\/\/remotion.no\/wp-content\/uploads\/2021\/05\/Waterintake.jpg\",\"datePublished\":\"2020-10-20T08:17:09+00:00\",\"dateModified\":\"2022-09-15T19:32:39+00:00\",\"description\":\"Installation of sea chest blindings with less personnel and higher weather limits with the use of our M-ROV technology!\",\"breadcrumb\":{\"@id\":\"https:\/\/remotion.no\/applications\/plug-installation-and-removal\/#breadcrumb\"},\"inLanguage\":\"pt-PT\",\"potentialAction\":[{\"@type\":\"ReadAction\",\"target\":[\"https:\/\/remotion.no\/applications\/plug-installation-and-removal\/\"]}]},{\"@type\":\"ImageObject\",\"inLanguage\":\"pt-PT\",\"@id\":\"https:\/\/remotion.no\/applications\/plug-installation-and-removal\/#primaryimage\",\"url\":\"https:\/\/remotion.no\/wp-content\/uploads\/2021\/05\/Waterintake.jpg\",\"contentUrl\":\"https:\/\/remotion.no\/wp-content\/uploads\/2021\/05\/Waterintake.jpg\",\"width\":569,\"height\":321},{\"@type\":\"BreadcrumbList\",\"@id\":\"https:\/\/remotion.no\/applications\/plug-installation-and-removal\/#breadcrumb\",\"itemListElement\":[{\"@type\":\"ListItem\",\"position\":1,\"name\":\"Home\",\"item\":\"https:\/\/remotion.no\/\"},{\"@type\":\"ListItem\",\"position\":2,\"name\":\"Applications\",\"item\":\"https:\/\/remotion.no\/applications\/\"},{\"@type\":\"ListItem\",\"position\":3,\"name\":\"Sea chest blinding\"}]},{\"@type\":\"WebSite\",\"@id\":\"https:\/\/remotion.no\/#website\",\"url\":\"https:\/\/remotion.no\/\",\"name\":\"Remotion\",\"description\":\"\",\"potentialAction\":[{\"@type\":\"SearchAction\",\"target\":{\"@type\":\"EntryPoint\",\"urlTemplate\":\"https:\/\/remotion.no\/?s={search_term_string}\"},\"query-input\":{\"@type\":\"PropertyValueSpecification\",\"valueRequired\":true,\"valueName\":\"search_term_string\"}}],\"inLanguage\":\"pt-PT\"}]}<\/script>\n<!-- \/ Yoast SEO plugin. -->","yoast_head_json":{"title":"Sea chest blinding - Remotion","description":"Installation of sea chest blindings with less personnel and higher weather limits with the use of our M-ROV technology!","robots":{"index":"index","follow":"follow","max-snippet":"max-snippet:-1","max-image-preview":"max-image-preview:large","max-video-preview":"max-video-preview:-1"},"canonical":"https:\/\/remotion.no\/pt\/applications\/plug-installation-and-removal\/","og_locale":"pt_PT","og_type":"article","og_title":"Sea chest blinding - Remotion","og_description":"Installation of sea chest blindings with less personnel and higher weather limits with the use of our M-ROV technology!","og_url":"https:\/\/remotion.no\/pt\/applications\/plug-installation-and-removal\/","og_site_name":"Remotion","article_modified_time":"2022-09-15T19:32:39+00:00","og_image":[{"width":569,"height":321,"url":"https:\/\/remotion.no\/wp-content\/uploads\/2021\/05\/Waterintake.jpg","type":"image\/jpeg"}],"twitter_card":"summary_large_image","twitter_misc":{"Est. reading time":"2 minutes"},"schema":{"@context":"https:\/\/schema.org","@graph":[{"@type":"WebPage","@id":"https:\/\/remotion.no\/applications\/plug-installation-and-removal\/","url":"https:\/\/remotion.no\/applications\/plug-installation-and-removal\/","name":"Sea chest blinding - Remotion","isPartOf":{"@id":"https:\/\/remotion.no\/#website"},"primaryImageOfPage":{"@id":"https:\/\/remotion.no\/applications\/plug-installation-and-removal\/#primaryimage"},"image":{"@id":"https:\/\/remotion.no\/applications\/plug-installation-and-removal\/#primaryimage"},"thumbnailUrl":"https:\/\/remotion.no\/wp-content\/uploads\/2021\/05\/Waterintake.jpg","datePublished":"2020-10-20T08:17:09+00:00","dateModified":"2022-09-15T19:32:39+00:00","description":"Installation of sea chest blindings with less personnel and higher weather limits with the use of our M-ROV technology!","breadcrumb":{"@id":"https:\/\/remotion.no\/applications\/plug-installation-and-removal\/#breadcrumb"},"inLanguage":"pt-PT","potentialAction":[{"@type":"ReadAction","target":["https:\/\/remotion.no\/applications\/plug-installation-and-removal\/"]}]},{"@type":"ImageObject","inLanguage":"pt-PT","@id":"https:\/\/remotion.no\/applications\/plug-installation-and-removal\/#primaryimage","url":"https:\/\/remotion.no\/wp-content\/uploads\/2021\/05\/Waterintake.jpg","contentUrl":"https:\/\/remotion.no\/wp-content\/uploads\/2021\/05\/Waterintake.jpg","width":569,"height":321},{"@type":"BreadcrumbList","@id":"https:\/\/remotion.no\/applications\/plug-installation-and-removal\/#breadcrumb","itemListElement":[{"@type":"ListItem","position":1,"name":"Home","item":"https:\/\/remotion.no\/"},{"@type":"ListItem","position":2,"name":"Applications","item":"https:\/\/remotion.no\/applications\/"},{"@type":"ListItem","position":3,"name":"Sea chest blinding"}]},{"@type":"WebSite","@id":"https:\/\/remotion.no\/#website","url":"https:\/\/remotion.no\/","name":"Remotion","description":"","potentialAction":[{"@type":"SearchAction","target":{"@type":"EntryPoint","urlTemplate":"https:\/\/remotion.no\/?s={search_term_string}"},"query-input":{"@type":"PropertyValueSpecification","valueRequired":true,"valueName":"search_term_string"}}],"inLanguage":"pt-PT"}]}},"_links":{"self":[{"href":"https:\/\/remotion.no\/pt\/wp-json\/wp\/v2\/pages\/235","targetHints":{"allow":["GET"]}}],"collection":[{"href":"https:\/\/remotion.no\/pt\/wp-json\/wp\/v2\/pages"}],"about":[{"href":"https:\/\/remotion.no\/pt\/wp-json\/wp\/v2\/types\/page"}],"author":[{"embeddable":true,"href":"https:\/\/remotion.no\/pt\/wp-json\/wp\/v2\/users\/12"}],"replies":[{"embeddable":true,"href":"https:\/\/remotion.no\/pt\/wp-json\/wp\/v2\/comments?post=235"}],"version-history":[{"count":15,"href":"https:\/\/remotion.no\/pt\/wp-json\/wp\/v2\/pages\/235\/revisions"}],"predecessor-version":[{"id":1972,"href":"https:\/\/remotion.no\/pt\/wp-json\/wp\/v2\/pages\/235\/revisions\/1972"}],"up":[{"embeddable":true,"href":"https:\/\/remotion.no\/pt\/wp-json\/wp\/v2\/pages\/171"}],"wp:featuredmedia":[{"embeddable":true,"href":"https:\/\/remotion.no\/pt\/wp-json\/wp\/v2\/media\/1647"}],"wp:attachment":[{"href":"https:\/\/remotion.no\/pt\/wp-json\/wp\/v2\/media?parent=235"}],"curies":[{"name":"wp","href":"https:\/\/api.w.org\/{rel}","templated":true}]}}