{"id":238,"date":"2020-10-20T08:18:07","date_gmt":"2020-10-20T08:18:07","guid":{"rendered":"http:\/\/remotion.brandbar.eu\/?page_id=238"},"modified":"2020-10-22T08:06:13","modified_gmt":"2020-10-22T08:06:13","slug":"inspections-under-demanding-conditions","status":"publish","type":"page","link":"https:\/\/remotion.no\/pt\/applications\/inspections-under-demanding-conditions\/","title":{"rendered":"Inspe\u00e7\u00f5es em condi\u00e7\u00f5es desafiadoras"},"content":{"rendered":"<p>Foi o nosso primeiro design bem-sucedido de M-ROV, que provou o conceito e se tornou um trabalho confi\u00e1vel desde ent\u00e3o. Ele \u00e9 equipado com 4 unidades de acionamento de cinto magn\u00e9tico patenteadas pela Remotion, que garantem uma for\u00e7a de tra\u00e7\u00e3o magn\u00e9tica de at\u00e9 3,5 T.<\/p>\n\n\n\n<p>Ele \u00e9 projetado para transportar cargas pesadas ao longo de cascos de a\u00e7o e estruturas na e abaixo da zona de impacto de ondas. Gra\u00e7as ao seu perfil baixo e grande \u00e1rea de contato para reduzir seu arrasto hidrodin\u00e2mico, pode trabalhar na zona de impacto de ondas sob condi\u00e7\u00f5es de ondas de at\u00e9 5m Hs.<\/p>\n\n\n\n<p>O M-ROV 2 \u00e9 um ve\u00edculo hidr\u00e1ulico com HPU integrado e conjunto de v\u00e1lvulas. \u00c9 uma plataforma de ferramentas muito est\u00e1vel, capaz de transportar e operar uma ampla variedade de cargas, incluindo ferramentas padr\u00e3o de ROV.<\/p>\n\n\n\n<p>Apesar de sua pegada maior, com seu design inteligente de unidade de acionamento, pode lidar com a maioria das geometrias de estruturas submarinas e cascos.<\/p>\n\n\n\n<p>Ele \u00e9 equipado com um Sistema de Libera\u00e7\u00e3o R\u00e1pida de Emerg\u00eancia (EQD) que garante que o M-ROV possa ser desconectado e retido em qualquer condi\u00e7\u00e3o.<\/p>","protected":false},"excerpt":{"rendered":"<p>It was our first successful M-ROV design which proved the concept and has become a reliable work horse ever since. It is equipped with 4 patented Remotion magnetic belt drive units which ensures a magnetic traction force up to 3,5 T. It is designed to carry high loads along steel hulls and structures in and [&hellip;]<\/p>","protected":false},"author":12,"featured_media":239,"parent":171,"menu_order":0,"comment_status":"closed","ping_status":"closed","template":"templates\/applications-details.php","meta":{"_acf_changed":false,"footnotes":""},"class_list":["post-238","page","type-page","status-publish","has-post-thumbnail","hentry"],"acf":[],"yoast_head":"<!-- This site is optimized with the Yoast SEO plugin v26.8 - https:\/\/yoast.com\/product\/yoast-seo-wordpress\/ -->\n<title>Inspections under demanding conditions - Remotion<\/title>\n<meta name=\"robots\" content=\"index, follow, max-snippet:-1, max-image-preview:large, max-video-preview:-1\" \/>\n<link rel=\"canonical\" href=\"https:\/\/remotion.no\/pt\/applications\/inspections-under-demanding-conditions\/\" \/>\n<meta property=\"og:locale\" content=\"pt_PT\" \/>\n<meta property=\"og:type\" content=\"article\" \/>\n<meta property=\"og:title\" content=\"Inspections under demanding conditions - Remotion\" \/>\n<meta property=\"og:description\" content=\"It was our first successful M-ROV design which proved the concept and has become a reliable work horse ever since. It is equipped with 4 patented Remotion magnetic belt drive units which ensures a magnetic traction force up to 3,5 T. It is designed to carry high loads along steel hulls and structures in and [&hellip;]\" \/>\n<meta property=\"og:url\" content=\"https:\/\/remotion.no\/pt\/applications\/inspections-under-demanding-conditions\/\" \/>\n<meta property=\"og:site_name\" content=\"Remotion\" \/>\n<meta property=\"article:modified_time\" content=\"2020-10-22T08:06:13+00:00\" \/>\n<meta property=\"og:image\" content=\"https:\/\/remotion.no\/wp-content\/uploads\/2020\/10\/inspections.jpg\" \/>\n\t<meta property=\"og:image:width\" content=\"345\" \/>\n\t<meta property=\"og:image:height\" content=\"194\" \/>\n\t<meta property=\"og:image:type\" content=\"image\/jpeg\" \/>\n<meta name=\"twitter:card\" content=\"summary_large_image\" \/>\n<meta name=\"twitter:label1\" content=\"Est. reading time\" \/>\n\t<meta name=\"twitter:data1\" content=\"1 minute\" \/>\n<script type=\"application\/ld+json\" class=\"yoast-schema-graph\">{\"@context\":\"https:\/\/schema.org\",\"@graph\":[{\"@type\":\"WebPage\",\"@id\":\"https:\/\/remotion.no\/applications\/inspections-under-demanding-conditions\/\",\"url\":\"https:\/\/remotion.no\/applications\/inspections-under-demanding-conditions\/\",\"name\":\"Inspections under demanding conditions - Remotion\",\"isPartOf\":{\"@id\":\"https:\/\/remotion.no\/#website\"},\"primaryImageOfPage\":{\"@id\":\"https:\/\/remotion.no\/applications\/inspections-under-demanding-conditions\/#primaryimage\"},\"image\":{\"@id\":\"https:\/\/remotion.no\/applications\/inspections-under-demanding-conditions\/#primaryimage\"},\"thumbnailUrl\":\"https:\/\/remotion.no\/wp-content\/uploads\/2020\/10\/inspections.jpg\",\"datePublished\":\"2020-10-20T08:18:07+00:00\",\"dateModified\":\"2020-10-22T08:06:13+00:00\",\"breadcrumb\":{\"@id\":\"https:\/\/remotion.no\/applications\/inspections-under-demanding-conditions\/#breadcrumb\"},\"inLanguage\":\"pt-PT\",\"potentialAction\":[{\"@type\":\"ReadAction\",\"target\":[\"https:\/\/remotion.no\/applications\/inspections-under-demanding-conditions\/\"]}]},{\"@type\":\"ImageObject\",\"inLanguage\":\"pt-PT\",\"@id\":\"https:\/\/remotion.no\/applications\/inspections-under-demanding-conditions\/#primaryimage\",\"url\":\"https:\/\/remotion.no\/wp-content\/uploads\/2020\/10\/inspections.jpg\",\"contentUrl\":\"https:\/\/remotion.no\/wp-content\/uploads\/2020\/10\/inspections.jpg\",\"width\":345,\"height\":194,\"caption\":\"Inspections\"},{\"@type\":\"BreadcrumbList\",\"@id\":\"https:\/\/remotion.no\/applications\/inspections-under-demanding-conditions\/#breadcrumb\",\"itemListElement\":[{\"@type\":\"ListItem\",\"position\":1,\"name\":\"Home\",\"item\":\"https:\/\/remotion.no\/\"},{\"@type\":\"ListItem\",\"position\":2,\"name\":\"Applications\",\"item\":\"https:\/\/remotion.no\/applications\/\"},{\"@type\":\"ListItem\",\"position\":3,\"name\":\"Inspections under demanding conditions\"}]},{\"@type\":\"WebSite\",\"@id\":\"https:\/\/remotion.no\/#website\",\"url\":\"https:\/\/remotion.no\/\",\"name\":\"Remotion\",\"description\":\"\",\"potentialAction\":[{\"@type\":\"SearchAction\",\"target\":{\"@type\":\"EntryPoint\",\"urlTemplate\":\"https:\/\/remotion.no\/?s={search_term_string}\"},\"query-input\":{\"@type\":\"PropertyValueSpecification\",\"valueRequired\":true,\"valueName\":\"search_term_string\"}}],\"inLanguage\":\"pt-PT\"}]}<\/script>\n<!-- \/ Yoast SEO plugin. -->","yoast_head_json":{"title":"Inspections under demanding conditions - Remotion","robots":{"index":"index","follow":"follow","max-snippet":"max-snippet:-1","max-image-preview":"max-image-preview:large","max-video-preview":"max-video-preview:-1"},"canonical":"https:\/\/remotion.no\/pt\/applications\/inspections-under-demanding-conditions\/","og_locale":"pt_PT","og_type":"article","og_title":"Inspections under demanding conditions - Remotion","og_description":"It was our first successful M-ROV design which proved the concept and has become a reliable work horse ever since. It is equipped with 4 patented Remotion magnetic belt drive units which ensures a magnetic traction force up to 3,5 T. It is designed to carry high loads along steel hulls and structures in and [&hellip;]","og_url":"https:\/\/remotion.no\/pt\/applications\/inspections-under-demanding-conditions\/","og_site_name":"Remotion","article_modified_time":"2020-10-22T08:06:13+00:00","og_image":[{"width":345,"height":194,"url":"https:\/\/remotion.no\/wp-content\/uploads\/2020\/10\/inspections.jpg","type":"image\/jpeg"}],"twitter_card":"summary_large_image","twitter_misc":{"Est. reading time":"1 minute"},"schema":{"@context":"https:\/\/schema.org","@graph":[{"@type":"WebPage","@id":"https:\/\/remotion.no\/applications\/inspections-under-demanding-conditions\/","url":"https:\/\/remotion.no\/applications\/inspections-under-demanding-conditions\/","name":"Inspections under demanding conditions - Remotion","isPartOf":{"@id":"https:\/\/remotion.no\/#website"},"primaryImageOfPage":{"@id":"https:\/\/remotion.no\/applications\/inspections-under-demanding-conditions\/#primaryimage"},"image":{"@id":"https:\/\/remotion.no\/applications\/inspections-under-demanding-conditions\/#primaryimage"},"thumbnailUrl":"https:\/\/remotion.no\/wp-content\/uploads\/2020\/10\/inspections.jpg","datePublished":"2020-10-20T08:18:07+00:00","dateModified":"2020-10-22T08:06:13+00:00","breadcrumb":{"@id":"https:\/\/remotion.no\/applications\/inspections-under-demanding-conditions\/#breadcrumb"},"inLanguage":"pt-PT","potentialAction":[{"@type":"ReadAction","target":["https:\/\/remotion.no\/applications\/inspections-under-demanding-conditions\/"]}]},{"@type":"ImageObject","inLanguage":"pt-PT","@id":"https:\/\/remotion.no\/applications\/inspections-under-demanding-conditions\/#primaryimage","url":"https:\/\/remotion.no\/wp-content\/uploads\/2020\/10\/inspections.jpg","contentUrl":"https:\/\/remotion.no\/wp-content\/uploads\/2020\/10\/inspections.jpg","width":345,"height":194,"caption":"Inspections"},{"@type":"BreadcrumbList","@id":"https:\/\/remotion.no\/applications\/inspections-under-demanding-conditions\/#breadcrumb","itemListElement":[{"@type":"ListItem","position":1,"name":"Home","item":"https:\/\/remotion.no\/"},{"@type":"ListItem","position":2,"name":"Applications","item":"https:\/\/remotion.no\/applications\/"},{"@type":"ListItem","position":3,"name":"Inspections under demanding conditions"}]},{"@type":"WebSite","@id":"https:\/\/remotion.no\/#website","url":"https:\/\/remotion.no\/","name":"Remotion","description":"","potentialAction":[{"@type":"SearchAction","target":{"@type":"EntryPoint","urlTemplate":"https:\/\/remotion.no\/?s={search_term_string}"},"query-input":{"@type":"PropertyValueSpecification","valueRequired":true,"valueName":"search_term_string"}}],"inLanguage":"pt-PT"}]}},"_links":{"self":[{"href":"https:\/\/remotion.no\/pt\/wp-json\/wp\/v2\/pages\/238","targetHints":{"allow":["GET"]}}],"collection":[{"href":"https:\/\/remotion.no\/pt\/wp-json\/wp\/v2\/pages"}],"about":[{"href":"https:\/\/remotion.no\/pt\/wp-json\/wp\/v2\/types\/page"}],"author":[{"embeddable":true,"href":"https:\/\/remotion.no\/pt\/wp-json\/wp\/v2\/users\/12"}],"replies":[{"embeddable":true,"href":"https:\/\/remotion.no\/pt\/wp-json\/wp\/v2\/comments?post=238"}],"version-history":[{"count":4,"href":"https:\/\/remotion.no\/pt\/wp-json\/wp\/v2\/pages\/238\/revisions"}],"predecessor-version":[{"id":487,"href":"https:\/\/remotion.no\/pt\/wp-json\/wp\/v2\/pages\/238\/revisions\/487"}],"up":[{"embeddable":true,"href":"https:\/\/remotion.no\/pt\/wp-json\/wp\/v2\/pages\/171"}],"wp:featuredmedia":[{"embeddable":true,"href":"https:\/\/remotion.no\/pt\/wp-json\/wp\/v2\/media\/239"}],"wp:attachment":[{"href":"https:\/\/remotion.no\/pt\/wp-json\/wp\/v2\/media?parent=238"}],"curies":[{"name":"wp","href":"https:\/\/api.w.org\/{rel}","templated":true}]}}