{"id":29,"date":"2020-09-23T15:17:27","date_gmt":"2020-09-23T15:17:27","guid":{"rendered":"http:\/\/remotion.dev.com\/?page_id=29"},"modified":"2023-03-12T20:07:24","modified_gmt":"2023-03-12T19:07:24","slug":"goliath","status":"publish","type":"page","link":"https:\/\/remotion.no\/pt\/our-systems\/goliath\/","title":{"rendered":"GOLIATH"},"content":{"rendered":"<p>Goliath \u00e9 o nosso maior e mais capaz rob\u00f4 magn\u00e9tico. Foi o nosso primeiro design e prova de conceito conclu\u00edda em 2014. Desde ent\u00e3o, a tecnologia foi amplamente testada e provou sua confiabilidade em condi\u00e7\u00f5es reais de trabalho.<\/p>\n\n\n\n<p>Goliath \u00e9 um ve\u00edculo acionado hidraulicamente com uma unidade de pot\u00eancia hidr\u00e1ulica de 8-kW e um conjunto de v\u00e1lvulas a bordo. Ele apresenta uma plataforma de ferramentas muito est\u00e1vel, capaz de transportar e operar uma ampla variedade de cargas, incluindo ferramentas padr\u00e3o de ROV.<\/p>\n\n\n\n<p>O rob\u00f4 est\u00e1 equipado com quatro unidades de acionamento por corrente magn\u00e9tica patenteadas da Remotion, garantindo uma for\u00e7a de tra\u00e7\u00e3o magn\u00e9tica de at\u00e9 3.200 kg. A m\u00e1quina \u00e9 projetada para transportar uma carga \u00fatil elevada ao longo de cascos de a\u00e7o e estruturas na zona de respingo. Devido \u00e0 sua baixa altura e um design de estrutura aberta em altura, o arrasto hidrodin\u00e2mico e o efeito de massa adicionada s\u00e3o significativamente reduzidos.<\/p>\n\n\n\n<p>A tecnologia quebrou o recorde de capacidade operando em condi\u00e7\u00f5es de ondas de 5,7m Hs.<\/p>\n\n\n\n<p>As capacidades do Goliath s\u00e3o consistentemente aplicadas na instala\u00e7\u00e3o de cofragens para cegar aberturas de tomada de \u00e1gua ou reparos de fissuras no casco, onde o rob\u00f4 pode transportar uma cofragem de 3.000 mm de largura na frente, ou uma cofragem de 1.300 mm de di\u00e2metro sob a estruturas principais.<\/p>\n\n\n\n<p>Ferramentas lineares na frente do ve\u00edculo incluem sensores de tecnologia n\u00e3o destrutiva (NDT), ferramentas mec\u00e2nicas, acess\u00f3rios de limpeza e outras engrenagens \u00fateis em tais opera\u00e7\u00f5es. Esses instrumentos podem incluir e operar uma ferramenta linear extens\u00edvel que pode atingir uma largura de 4000 mm.<\/p>\n\n\n\n<p>O rob\u00f4 apresenta um avan\u00e7ado Sistema de Libera\u00e7\u00e3o R\u00e1pida de Emerg\u00eancia (EQD) para garantir que a m\u00e1quina possa ser desconectada e recuperada em quaisquer condi\u00e7\u00f5es se a comunica\u00e7\u00e3o for perdida: o sistema EQD se ativar\u00e1 automaticamente ap\u00f3s ultrapassar um limite pr\u00e9-definido.<\/p>\n\n\n\n<figure class=\"wp-block-image size-full\"><img decoding=\"async\" width=\"1920\" height=\"1080\" src=\"https:\/\/remotion.no\/wp-content\/uploads\/2022\/09\/FPSO-Environment-v1008.jpg\" alt=\"\" class=\"wp-image-1906\" srcset=\"https:\/\/remotion.no\/wp-content\/uploads\/2022\/09\/FPSO-Environment-v1008.jpg 1920w, https:\/\/remotion.no\/wp-content\/uploads\/2022\/09\/FPSO-Environment-v1008-1536x864.jpg 1536w, https:\/\/remotion.no\/wp-content\/uploads\/2022\/09\/FPSO-Environment-v1008-908x510.jpg 908w, https:\/\/remotion.no\/wp-content\/uploads\/2022\/09\/FPSO-Environment-v1008-487x273.jpg 487w, https:\/\/remotion.no\/wp-content\/uploads\/2022\/09\/FPSO-Environment-v1008-435x245.jpg 435w, https:\/\/remotion.no\/wp-content\/uploads\/2022\/09\/FPSO-Environment-v1008-345x195.jpg 345w, https:\/\/remotion.no\/wp-content\/uploads\/2022\/09\/FPSO-Environment-v1008-364x205.jpg 364w, https:\/\/remotion.no\/wp-content\/uploads\/2022\/09\/FPSO-Environment-v1008-320x180.jpg 320w\" sizes=\"(max-width: 1920px) 100vw, 1920px\" \/><\/figure>\n\n\n\n<p>Goliath \u00e9 normalmente elevado at\u00e9 o casco com um guindaste. O sistema vem com um quadro de transporte e implanta\u00e7\u00e3o que pode inclinar o rob\u00f4 de uma posi\u00e7\u00e3o horizontal para uma vertical para facilitar a implanta\u00e7\u00e3o e recupera\u00e7\u00e3o da m\u00e1quina. Um fecho em execu\u00e7\u00e3o \u00e9 usado para conectar e desconectar o gancho do guindaste.<\/p>\n\n\n\n<figure class=\"wp-block-image size-full\"><img decoding=\"async\" width=\"701\" height=\"444\" src=\"https:\/\/remotion.no\/wp-content\/uploads\/2022\/09\/image.png\" alt=\"\" class=\"wp-image-1824\" srcset=\"https:\/\/remotion.no\/wp-content\/uploads\/2022\/09\/image.png 701w, https:\/\/remotion.no\/wp-content\/uploads\/2022\/09\/image-324x205.png 324w\" sizes=\"(max-width: 701px) 100vw, 701px\" \/><\/figure>\n\n\n\n<p>O pacote compacto do Goliath cont\u00e9m o rob\u00f4, um cont\u00eainer de controle de 14 p\u00e9s, um guincho de seguran\u00e7a e um guincho umbilical. Apesar de sua pegada maior, a unidade de acionamento inteligente pode lidar com v\u00e1rias geometrias em um raio de at\u00e9 1.500 mm. Esse design inteligente permite que o Goliath seja usado em grandes tubula\u00e7\u00f5es, tanto no di\u00e2metro interno quanto externo.<\/p>\n\n\n\n<p>O rob\u00f4 \u00e9 predominantemente utilizado para reparos no casco, onde utiliza ferramentas de limpeza, uma m\u00e1quina de moer e uma cofragem simultaneamente. Ele tamb\u00e9m pode realizar uma inspe\u00e7\u00e3o ultrass\u00f4nica n\u00e3o destrutiva. Al\u00e9m disso, a m\u00e1quina pode operar v\u00e1rios bra\u00e7os manipuladores Schilling Orion e atuar como um centro de usinagem. O conceito foi elaborado para reparos em guias e quilhas de por\u00e3o.<\/p>\n\n\n\n<p>Veja o Goliath em opera\u00e7\u00e3o:<\/p>\n\n\n\n<iframe width=\"100%\" height=\"480\" src=\"https:\/\/www.youtube.com\/embed\/nFRF_LRlmBs\" title=\"YouTube video player\" frameborder=\"0\" allow=\"accelerometer; autoplay; clipboard-write; encrypted-media; gyroscope; picture-in-picture\" allowfullscreen=\"\"><\/iframe>","protected":false},"excerpt":{"rendered":"<p>Nosso ROV magn\u00e9tico de trabalho de maior porte e pot\u00eancia<\/p>","protected":false},"author":12,"featured_media":592,"parent":25,"menu_order":10,"comment_status":"closed","ping_status":"closed","template":"templates\/our-systems-details.php","meta":{"_acf_changed":false,"footnotes":""},"class_list":["post-29","page","type-page","status-publish","has-post-thumbnail","hentry"],"acf":[],"yoast_head":"<!-- This site is optimized with the Yoast SEO plugin v26.8 - https:\/\/yoast.com\/product\/yoast-seo-wordpress\/ -->\n<title>GOLIATH - Remotion<\/title>\n<meta name=\"description\" content=\"Goliath is our largest and most powerful Magnetic ROV. It was our first M-ROV design which proved the concept in 2014 and has become a reliable work horse ever since. %\" \/>\n<meta name=\"robots\" content=\"index, follow, max-snippet:-1, max-image-preview:large, max-video-preview:-1\" \/>\n<link rel=\"canonical\" href=\"https:\/\/remotion.no\/pt\/our-systems\/goliath\/\" \/>\n<meta property=\"og:locale\" content=\"pt_PT\" \/>\n<meta property=\"og:type\" content=\"article\" \/>\n<meta property=\"og:title\" content=\"GOLIATH - Remotion\" \/>\n<meta property=\"og:description\" content=\"Goliath is our largest and most powerful Magnetic ROV. It was our first M-ROV design which proved the concept in 2014 and has become a reliable work horse ever since. %\" \/>\n<meta property=\"og:url\" content=\"https:\/\/remotion.no\/pt\/our-systems\/goliath\/\" \/>\n<meta property=\"og:site_name\" content=\"Remotion\" \/>\n<meta property=\"article:modified_time\" content=\"2023-03-12T19:07:24+00:00\" \/>\n<meta property=\"og:image\" content=\"https:\/\/remotion.no\/wp-content\/uploads\/2020\/11\/Goliath00.jpg\" \/>\n\t<meta property=\"og:image:width\" content=\"795\" \/>\n\t<meta property=\"og:image:height\" content=\"450\" \/>\n\t<meta property=\"og:image:type\" content=\"image\/jpeg\" \/>\n<meta name=\"twitter:card\" content=\"summary_large_image\" \/>\n<meta name=\"twitter:label1\" content=\"Est. reading time\" \/>\n\t<meta name=\"twitter:data1\" content=\"3 minutes\" \/>\n<script type=\"application\/ld+json\" class=\"yoast-schema-graph\">{\"@context\":\"https:\/\/schema.org\",\"@graph\":[{\"@type\":\"WebPage\",\"@id\":\"https:\/\/remotion.no\/our-systems\/goliath\/\",\"url\":\"https:\/\/remotion.no\/our-systems\/goliath\/\",\"name\":\"GOLIATH - Remotion\",\"isPartOf\":{\"@id\":\"https:\/\/remotion.no\/#website\"},\"primaryImageOfPage\":{\"@id\":\"https:\/\/remotion.no\/our-systems\/goliath\/#primaryimage\"},\"image\":{\"@id\":\"https:\/\/remotion.no\/our-systems\/goliath\/#primaryimage\"},\"thumbnailUrl\":\"https:\/\/remotion.no\/wp-content\/uploads\/2020\/11\/Goliath00.jpg\",\"datePublished\":\"2020-09-23T15:17:27+00:00\",\"dateModified\":\"2023-03-12T19:07:24+00:00\",\"description\":\"Goliath is our largest and most powerful Magnetic ROV. It was our first M-ROV design which proved the concept in 2014 and has become a reliable work horse ever since. %\",\"breadcrumb\":{\"@id\":\"https:\/\/remotion.no\/our-systems\/goliath\/#breadcrumb\"},\"inLanguage\":\"pt-PT\",\"potentialAction\":[{\"@type\":\"ReadAction\",\"target\":[\"https:\/\/remotion.no\/our-systems\/goliath\/\"]}]},{\"@type\":\"ImageObject\",\"inLanguage\":\"pt-PT\",\"@id\":\"https:\/\/remotion.no\/our-systems\/goliath\/#primaryimage\",\"url\":\"https:\/\/remotion.no\/wp-content\/uploads\/2020\/11\/Goliath00.jpg\",\"contentUrl\":\"https:\/\/remotion.no\/wp-content\/uploads\/2020\/11\/Goliath00.jpg\",\"width\":795,\"height\":450},{\"@type\":\"BreadcrumbList\",\"@id\":\"https:\/\/remotion.no\/our-systems\/goliath\/#breadcrumb\",\"itemListElement\":[{\"@type\":\"ListItem\",\"position\":1,\"name\":\"Home\",\"item\":\"https:\/\/remotion.no\/\"},{\"@type\":\"ListItem\",\"position\":2,\"name\":\"Our Robots\",\"item\":\"https:\/\/remotion.no\/our-systems\/\"},{\"@type\":\"ListItem\",\"position\":3,\"name\":\"GOLIATH\"}]},{\"@type\":\"WebSite\",\"@id\":\"https:\/\/remotion.no\/#website\",\"url\":\"https:\/\/remotion.no\/\",\"name\":\"Remotion\",\"description\":\"\",\"potentialAction\":[{\"@type\":\"SearchAction\",\"target\":{\"@type\":\"EntryPoint\",\"urlTemplate\":\"https:\/\/remotion.no\/?s={search_term_string}\"},\"query-input\":{\"@type\":\"PropertyValueSpecification\",\"valueRequired\":true,\"valueName\":\"search_term_string\"}}],\"inLanguage\":\"pt-PT\"}]}<\/script>\n<!-- \/ Yoast SEO plugin. -->","yoast_head_json":{"title":"GOLIATH - Remotion","description":"Goliath is our largest and most powerful Magnetic ROV. It was our first M-ROV design which proved the concept in 2014 and has become a reliable work horse ever since. %","robots":{"index":"index","follow":"follow","max-snippet":"max-snippet:-1","max-image-preview":"max-image-preview:large","max-video-preview":"max-video-preview:-1"},"canonical":"https:\/\/remotion.no\/pt\/our-systems\/goliath\/","og_locale":"pt_PT","og_type":"article","og_title":"GOLIATH - Remotion","og_description":"Goliath is our largest and most powerful Magnetic ROV. It was our first M-ROV design which proved the concept in 2014 and has become a reliable work horse ever since. %","og_url":"https:\/\/remotion.no\/pt\/our-systems\/goliath\/","og_site_name":"Remotion","article_modified_time":"2023-03-12T19:07:24+00:00","og_image":[{"width":795,"height":450,"url":"https:\/\/remotion.no\/wp-content\/uploads\/2020\/11\/Goliath00.jpg","type":"image\/jpeg"}],"twitter_card":"summary_large_image","twitter_misc":{"Est. reading time":"3 minutes"},"schema":{"@context":"https:\/\/schema.org","@graph":[{"@type":"WebPage","@id":"https:\/\/remotion.no\/our-systems\/goliath\/","url":"https:\/\/remotion.no\/our-systems\/goliath\/","name":"GOLIATH - Remotion","isPartOf":{"@id":"https:\/\/remotion.no\/#website"},"primaryImageOfPage":{"@id":"https:\/\/remotion.no\/our-systems\/goliath\/#primaryimage"},"image":{"@id":"https:\/\/remotion.no\/our-systems\/goliath\/#primaryimage"},"thumbnailUrl":"https:\/\/remotion.no\/wp-content\/uploads\/2020\/11\/Goliath00.jpg","datePublished":"2020-09-23T15:17:27+00:00","dateModified":"2023-03-12T19:07:24+00:00","description":"Goliath is our largest and most powerful Magnetic ROV. It was our first M-ROV design which proved the concept in 2014 and has become a reliable work horse ever since. %","breadcrumb":{"@id":"https:\/\/remotion.no\/our-systems\/goliath\/#breadcrumb"},"inLanguage":"pt-PT","potentialAction":[{"@type":"ReadAction","target":["https:\/\/remotion.no\/our-systems\/goliath\/"]}]},{"@type":"ImageObject","inLanguage":"pt-PT","@id":"https:\/\/remotion.no\/our-systems\/goliath\/#primaryimage","url":"https:\/\/remotion.no\/wp-content\/uploads\/2020\/11\/Goliath00.jpg","contentUrl":"https:\/\/remotion.no\/wp-content\/uploads\/2020\/11\/Goliath00.jpg","width":795,"height":450},{"@type":"BreadcrumbList","@id":"https:\/\/remotion.no\/our-systems\/goliath\/#breadcrumb","itemListElement":[{"@type":"ListItem","position":1,"name":"Home","item":"https:\/\/remotion.no\/"},{"@type":"ListItem","position":2,"name":"Our Robots","item":"https:\/\/remotion.no\/our-systems\/"},{"@type":"ListItem","position":3,"name":"GOLIATH"}]},{"@type":"WebSite","@id":"https:\/\/remotion.no\/#website","url":"https:\/\/remotion.no\/","name":"Remotion","description":"","potentialAction":[{"@type":"SearchAction","target":{"@type":"EntryPoint","urlTemplate":"https:\/\/remotion.no\/?s={search_term_string}"},"query-input":{"@type":"PropertyValueSpecification","valueRequired":true,"valueName":"search_term_string"}}],"inLanguage":"pt-PT"}]}},"_links":{"self":[{"href":"https:\/\/remotion.no\/pt\/wp-json\/wp\/v2\/pages\/29","targetHints":{"allow":["GET"]}}],"collection":[{"href":"https:\/\/remotion.no\/pt\/wp-json\/wp\/v2\/pages"}],"about":[{"href":"https:\/\/remotion.no\/pt\/wp-json\/wp\/v2\/types\/page"}],"author":[{"embeddable":true,"href":"https:\/\/remotion.no\/pt\/wp-json\/wp\/v2\/users\/12"}],"replies":[{"embeddable":true,"href":"https:\/\/remotion.no\/pt\/wp-json\/wp\/v2\/comments?post=29"}],"version-history":[{"count":81,"href":"https:\/\/remotion.no\/pt\/wp-json\/wp\/v2\/pages\/29\/revisions"}],"predecessor-version":[{"id":2044,"href":"https:\/\/remotion.no\/pt\/wp-json\/wp\/v2\/pages\/29\/revisions\/2044"}],"up":[{"embeddable":true,"href":"https:\/\/remotion.no\/pt\/wp-json\/wp\/v2\/pages\/25"}],"wp:featuredmedia":[{"embeddable":true,"href":"https:\/\/remotion.no\/pt\/wp-json\/wp\/v2\/media\/592"}],"wp:attachment":[{"href":"https:\/\/remotion.no\/pt\/wp-json\/wp\/v2\/media?parent=29"}],"curies":[{"name":"wp","href":"https:\/\/api.w.org\/{rel}","templated":true}]}}