{"id":38,"date":"2020-09-25T06:43:56","date_gmt":"2020-09-25T06:43:56","guid":{"rendered":"http:\/\/remotion.dev.com\/?page_id=38"},"modified":"2023-03-12T20:11:04","modified_gmt":"2023-03-12T19:11:04","slug":"about-remotion","status":"publish","type":"page","link":"https:\/\/remotion.no\/pt\/about-remotion\/","title":{"rendered":"SOBRE REMO\u00c7\u00c3O"},"content":{"rendered":"<p>Somos a Remotion, uma empresa de engenharia que oferece solu\u00e7\u00f5es rob\u00f3ticas de ponta para a manuten\u00e7\u00e3o de ativos offshore. Nossa jornada come\u00e7ou como uma ideia para uma solu\u00e7\u00e3o que pudesse superar as tecnologias existentes na exigente zona de respingo, desafiando cren\u00e7as tradicionais em m\u00e9todos de design e operacionais na ind\u00fastria.<\/p>\n\n\n\n<p>Ap\u00f3s v\u00e1rios anos de pesquisa e desenvolvimento, lan\u00e7amos nosso primeiro sistema rob\u00f3tico em 2016. Desde ent\u00e3o, projetamos, desenvolvemos e produzimos seis rob\u00f4s exclusivos que continuamos a aprimorar e modernizar para beneficiar a ind\u00fastria e o meio ambiente. Al\u00e9m disso, desenvolvemos in\u00fameras ferramentas pr\u00e1ticas para uso em conjunto com nossos rob\u00f4s. Juntos, nosso sistema alcan\u00e7a um desempenho sem igual na manuten\u00e7\u00e3o de ativos offshore.<\/p>\n\n\n\n<p>Abordamos todo o processo, desde design e engenharia at\u00e9 produ\u00e7\u00e3o, montagem e opera\u00e7\u00f5es em campo. Nossa variedade de rob\u00f4s avan\u00e7ados tornou-se uma nova maneira de resolver tarefas desafiadoras na zona de respingo, com um forte compromisso com a seguran\u00e7a, resist\u00eancia a condi\u00e7\u00f5es clim\u00e1ticas adversas, redu\u00e7\u00e3o de custos e impacto no ecossistema marinho.<\/p>\n\n\n\n<p>A Remotion tornou-se uma destacada fornecedora de tecnologia para a manuten\u00e7\u00e3o de ativos offshore e l\u00edder mundial em rob\u00f4s magn\u00e9ticos controlados remotamente para opera\u00e7\u00f5es exigentes na zona de respingo.<\/p>\n\n\n\n<p>\u00c0 medida que nossa tecnologia avan\u00e7ou ao longo dos anos, entramos no segmento de Manuten\u00e7\u00e3o de Estruturas e Gestao de Intregidade, onde nossas solu\u00e7\u00f5es rob\u00f3ticas tornam as opera\u00e7\u00f5es offshore mais sustent\u00e1veis e seguras para pessoal e meio ambiente. Nossos rob\u00f4s garantem seguran\u00e7a, efici\u00eancia e qualidade.<\/p>\n\n\n\n<p><\/p>\n\n\n\n<p><\/p>\n\n\n\n<p>A Remotion oferece as seguintes capacidades:<\/p>\n\n\n\n<ul class=\"wp-block-list\"><li>Opera\u00e7\u00f5es na Zona de Respingo como servi\u00e7o<\/li><li>Manuten\u00e7\u00e3o de Estruturas e Gestao de Intregidade com rob\u00f3tica como servi\u00e7o<\/li><li>Engenharia como servi\u00e7o<\/li><li>Rob\u00f4s Magn\u00e9ticos como produtos comerciais (em desenvolvimento)<\/li><\/ul>\n\n\n\n<p><\/p>\n\n\n\n<p>A Remotion tem sede em Sandnes, na Noruega, onde administramos nosso departamento t\u00e9cnico e de engenharia multidisciplinar. Tamb\u00e9m possu\u00edmos uma oficina mec\u00e2nica moderna e um laborat\u00f3rio de teste de 500m<sup>2<\/sup> . Nossas equipes remotas tamb\u00e9m est\u00e3o localizadas na Hungria.<\/p>\n\n\n\n<p>Nosso sucesso \u00e9 baseado em nossos valores fundamentais: <strong>Comprometimento, Flexibilidade, Resili\u00eancia e Busca pela Qualidade.<\/strong><\/p>\n\n\n\n<p>Somos uma organiza\u00e7\u00e3o centrada no cliente com um extenso hist\u00f3rico. Nossa equipe busca o sucesso e supera\u00e7\u00e3o das expectativas de nossos clientes. Baseamos nossa cultura de trabalho na honestidade e transpar\u00eancia.<\/p>\n\n\n\n<p><\/p>\n\n\n\n<p><\/p>","protected":false},"excerpt":{"rendered":"<p>We are Remotion, an engineering company offering cutting-edge robotic solutions for offshore asset maintenance. Our journey started as an idea for a solution that could outperform existing technologies in the demanding splash zone, challenging traditional beliefs in&nbsp;design and operational methods in the industry. After several years of research and development, we launched our first robotic [&hellip;]<\/p>","protected":false},"author":12,"featured_media":0,"parent":0,"menu_order":600,"comment_status":"closed","ping_status":"closed","template":"templates\/about-us.php","meta":{"_acf_changed":false,"footnotes":""},"class_list":["post-38","page","type-page","status-publish","hentry"],"acf":[],"yoast_head":"<!-- This site is optimized with the Yoast SEO plugin v26.8 - https:\/\/yoast.com\/product\/yoast-seo-wordpress\/ -->\n<title>About Remotion - Remotion<\/title>\n<meta name=\"robots\" content=\"index, follow, max-snippet:-1, max-image-preview:large, max-video-preview:-1\" \/>\n<link rel=\"canonical\" href=\"https:\/\/remotion.no\/pt\/about-remotion\/\" \/>\n<meta property=\"og:locale\" content=\"pt_PT\" \/>\n<meta property=\"og:type\" content=\"article\" \/>\n<meta property=\"og:title\" content=\"About Remotion - Remotion\" \/>\n<meta property=\"og:description\" content=\"We are Remotion, an engineering company offering cutting-edge robotic solutions for offshore asset maintenance. Our journey started as an idea for a solution that could outperform existing technologies in the demanding splash zone, challenging traditional beliefs in&nbsp;design and operational methods in the industry. After several years of research and development, we launched our first robotic [&hellip;]\" \/>\n<meta property=\"og:url\" content=\"https:\/\/remotion.no\/pt\/about-remotion\/\" \/>\n<meta property=\"og:site_name\" content=\"Remotion\" \/>\n<meta property=\"article:modified_time\" content=\"2023-03-12T19:11:04+00:00\" \/>\n<meta name=\"twitter:card\" content=\"summary_large_image\" \/>\n<meta name=\"twitter:label1\" content=\"Est. reading time\" \/>\n\t<meta name=\"twitter:data1\" content=\"2 minutes\" \/>\n<script type=\"application\/ld+json\" class=\"yoast-schema-graph\">{\"@context\":\"https:\/\/schema.org\",\"@graph\":[{\"@type\":\"WebPage\",\"@id\":\"https:\/\/remotion.no\/about-remotion\/\",\"url\":\"https:\/\/remotion.no\/about-remotion\/\",\"name\":\"About Remotion - Remotion\",\"isPartOf\":{\"@id\":\"https:\/\/remotion.no\/#website\"},\"datePublished\":\"2020-09-25T06:43:56+00:00\",\"dateModified\":\"2023-03-12T19:11:04+00:00\",\"breadcrumb\":{\"@id\":\"https:\/\/remotion.no\/about-remotion\/#breadcrumb\"},\"inLanguage\":\"pt-PT\",\"potentialAction\":[{\"@type\":\"ReadAction\",\"target\":[\"https:\/\/remotion.no\/about-remotion\/\"]}]},{\"@type\":\"BreadcrumbList\",\"@id\":\"https:\/\/remotion.no\/about-remotion\/#breadcrumb\",\"itemListElement\":[{\"@type\":\"ListItem\",\"position\":1,\"name\":\"Home\",\"item\":\"https:\/\/remotion.no\/\"},{\"@type\":\"ListItem\",\"position\":2,\"name\":\"About Remotion\"}]},{\"@type\":\"WebSite\",\"@id\":\"https:\/\/remotion.no\/#website\",\"url\":\"https:\/\/remotion.no\/\",\"name\":\"Remotion\",\"description\":\"\",\"potentialAction\":[{\"@type\":\"SearchAction\",\"target\":{\"@type\":\"EntryPoint\",\"urlTemplate\":\"https:\/\/remotion.no\/?s={search_term_string}\"},\"query-input\":{\"@type\":\"PropertyValueSpecification\",\"valueRequired\":true,\"valueName\":\"search_term_string\"}}],\"inLanguage\":\"pt-PT\"}]}<\/script>\n<!-- \/ Yoast SEO plugin. -->","yoast_head_json":{"title":"About Remotion - Remotion","robots":{"index":"index","follow":"follow","max-snippet":"max-snippet:-1","max-image-preview":"max-image-preview:large","max-video-preview":"max-video-preview:-1"},"canonical":"https:\/\/remotion.no\/pt\/about-remotion\/","og_locale":"pt_PT","og_type":"article","og_title":"About Remotion - Remotion","og_description":"We are Remotion, an engineering company offering cutting-edge robotic solutions for offshore asset maintenance. Our journey started as an idea for a solution that could outperform existing technologies in the demanding splash zone, challenging traditional beliefs in&nbsp;design and operational methods in the industry. After several years of research and development, we launched our first robotic [&hellip;]","og_url":"https:\/\/remotion.no\/pt\/about-remotion\/","og_site_name":"Remotion","article_modified_time":"2023-03-12T19:11:04+00:00","twitter_card":"summary_large_image","twitter_misc":{"Est. reading time":"2 minutes"},"schema":{"@context":"https:\/\/schema.org","@graph":[{"@type":"WebPage","@id":"https:\/\/remotion.no\/about-remotion\/","url":"https:\/\/remotion.no\/about-remotion\/","name":"About Remotion - Remotion","isPartOf":{"@id":"https:\/\/remotion.no\/#website"},"datePublished":"2020-09-25T06:43:56+00:00","dateModified":"2023-03-12T19:11:04+00:00","breadcrumb":{"@id":"https:\/\/remotion.no\/about-remotion\/#breadcrumb"},"inLanguage":"pt-PT","potentialAction":[{"@type":"ReadAction","target":["https:\/\/remotion.no\/about-remotion\/"]}]},{"@type":"BreadcrumbList","@id":"https:\/\/remotion.no\/about-remotion\/#breadcrumb","itemListElement":[{"@type":"ListItem","position":1,"name":"Home","item":"https:\/\/remotion.no\/"},{"@type":"ListItem","position":2,"name":"About Remotion"}]},{"@type":"WebSite","@id":"https:\/\/remotion.no\/#website","url":"https:\/\/remotion.no\/","name":"Remotion","description":"","potentialAction":[{"@type":"SearchAction","target":{"@type":"EntryPoint","urlTemplate":"https:\/\/remotion.no\/?s={search_term_string}"},"query-input":{"@type":"PropertyValueSpecification","valueRequired":true,"valueName":"search_term_string"}}],"inLanguage":"pt-PT"}]}},"_links":{"self":[{"href":"https:\/\/remotion.no\/pt\/wp-json\/wp\/v2\/pages\/38","targetHints":{"allow":["GET"]}}],"collection":[{"href":"https:\/\/remotion.no\/pt\/wp-json\/wp\/v2\/pages"}],"about":[{"href":"https:\/\/remotion.no\/pt\/wp-json\/wp\/v2\/types\/page"}],"author":[{"embeddable":true,"href":"https:\/\/remotion.no\/pt\/wp-json\/wp\/v2\/users\/12"}],"replies":[{"embeddable":true,"href":"https:\/\/remotion.no\/pt\/wp-json\/wp\/v2\/comments?post=38"}],"version-history":[{"count":12,"href":"https:\/\/remotion.no\/pt\/wp-json\/wp\/v2\/pages\/38\/revisions"}],"predecessor-version":[{"id":2046,"href":"https:\/\/remotion.no\/pt\/wp-json\/wp\/v2\/pages\/38\/revisions\/2046"}],"wp:attachment":[{"href":"https:\/\/remotion.no\/pt\/wp-json\/wp\/v2\/media?parent=38"}],"curies":[{"name":"wp","href":"https:\/\/api.w.org\/{rel}","templated":true}]}}