{"id":43,"date":"2020-09-25T09:58:10","date_gmt":"2020-09-25T09:58:10","guid":{"rendered":"http:\/\/remotion.dev.com\/?page_id=43"},"modified":"2023-03-22T11:04:27","modified_gmt":"2023-03-22T10:04:27","slug":"splash-zone-operations","status":"publish","type":"page","link":"https:\/\/remotion.no\/pt\/areas\/splash-zone-operations\/","title":{"rendered":"OPERA\u00c7\u00d5ES NA ZONA DE IMPACTO DE ONDAS"},"content":{"rendered":"<p>Nossos rob\u00f4s avan\u00e7ados oferecem resist\u00eancia e efici\u00eancia incompar\u00e1veis ao realizar tarefas desafiadoras na zona de impacto de ondas. Com maior resist\u00eancia \u00e0s condi\u00e7\u00f5es clim\u00e1ticas, seguran\u00e7a aprimorada, custos reduzidos e opera\u00e7\u00e3o direta a partir da embarca\u00e7\u00e3o, nossa tecnologia estabelece um novo padr\u00e3o para a ind\u00fastria offshore.&nbsp;<\/p>\n\n\n\n<p><strong>O Goliath<\/strong>&nbsp;is designed to carry high payloads along steel hulls and structures in the splash zone. The technology operates well in challenging wave conditions up to 5.5m Hs. Goliath\u2019s capabilities are used in:&nbsp;<\/p>\n\n\n\n<p>Instala\u00e7\u00e3o de coferdame para cegamento de entradas de \u00e1gua<br>Reparos de fissuras no casco<br>Inspe\u00e7\u00e3o n\u00e3o destrutiva<br>Limpeza<\/p>\n\n\n\n<p><\/p>\n\n\n\n<p><strong>O Hercules<\/strong>&nbsp;trabalha eficientemente na zona de impacto de ondas em condi\u00e7\u00f5es de ondas de at\u00e9 3,5 metros Hs. O excepcional raio de giro e a pegada compacta permitem que a m\u00e1quina manobre facilmente ao redor de obst\u00e1culos e passagens estreitas nas estruturas do casco. O Hercules \u00e9 usado para:<\/p>\n\n\n\n<p>Testes n\u00e3o destrutivos<\/p>\n\n\n\n<p>Inspe\u00e7\u00e3o visual pr\u00f3xima<br>Limpeza do casco offshore<br>Recupera\u00e7\u00e3o de \u00e2ncoras de suc\u00e7\u00e3o<\/p>\n\n\n\n<p><\/p>\n\n\n\n<p><strong>Achilles<\/strong>&nbsp;\u00e9 um ve\u00edculo compacto totalmente el\u00e9trico, com uma pegada pequena e alta for\u00e7a magn\u00e9tica. A m\u00e1quina \u00e9 equipada com dois sistemas de inclina\u00e7\u00e3o e panor\u00e2mica, al\u00e9m de quatro c\u00e2meras HD fixas. Achilles foi otimizado para opera\u00e7\u00f5es subaqu\u00e1ticas que exigem uma carga mais leve e movimenta\u00e7\u00e3o estendida para geometrias desafiadoras. O rob\u00f4 \u00e9 usado para:<\/p>\n\n\n\n<p>Inspe\u00e7\u00e3o<\/p>\n\n\n\n<p>Veda\u00e7\u00e3o de entradas de \u00e1gua<\/p>\n\n\n\n<p>Instala\u00e7\u00e3o de coferdames&nbsp;<\/p>\n\n\n\n<p>Limpeza<\/p>","protected":false},"excerpt":{"rendered":"<p>Nossos exclusivos e comprovados Rob\u00f4s Operados Remotamente Magn\u00e9ticos abordam desafios nas opera\u00e7\u00f5es na zona de impacto de ondas, proporcionando economia de custos e melhorias em HSEQ.<\/p>","protected":false},"author":12,"featured_media":1774,"parent":18,"menu_order":10,"comment_status":"closed","ping_status":"closed","template":"templates\/areas-details.php","meta":{"_acf_changed":false,"footnotes":""},"class_list":["post-43","page","type-page","status-publish","has-post-thumbnail","hentry"],"acf":[],"yoast_head":"<!-- This site is optimized with the Yoast SEO plugin v26.8 - https:\/\/yoast.com\/product\/yoast-seo-wordpress\/ -->\n<title>SPLASH ZONE OPERATIONS - Remotion<\/title>\n<meta name=\"robots\" content=\"index, follow, max-snippet:-1, max-image-preview:large, max-video-preview:-1\" \/>\n<link rel=\"canonical\" href=\"https:\/\/remotion.no\/pt\/areas\/splash-zone-operations\/\" \/>\n<meta property=\"og:locale\" content=\"pt_PT\" \/>\n<meta property=\"og:type\" content=\"article\" \/>\n<meta property=\"og:title\" content=\"SPLASH ZONE OPERATIONS - Remotion\" \/>\n<meta property=\"og:description\" content=\"Our unique proven Magnetic Remote Operated Robots address splashing zone operation challenges, delivering cost-savings and HSEQ improvements\" \/>\n<meta property=\"og:url\" content=\"https:\/\/remotion.no\/pt\/areas\/splash-zone-operations\/\" \/>\n<meta property=\"og:site_name\" content=\"Remotion\" \/>\n<meta property=\"article:modified_time\" content=\"2023-03-22T10:04:27+00:00\" \/>\n<meta property=\"og:image\" content=\"https:\/\/remotion.no\/wp-content\/uploads\/2022\/04\/Splash-Zone.jpg\" \/>\n\t<meta property=\"og:image:width\" content=\"630\" \/>\n\t<meta property=\"og:image:height\" content=\"350\" \/>\n\t<meta property=\"og:image:type\" content=\"image\/jpeg\" \/>\n<meta name=\"twitter:card\" content=\"summary_large_image\" \/>\n<meta name=\"twitter:label1\" content=\"Est. reading time\" \/>\n\t<meta name=\"twitter:data1\" content=\"1 minute\" \/>\n<script type=\"application\/ld+json\" class=\"yoast-schema-graph\">{\"@context\":\"https:\/\/schema.org\",\"@graph\":[{\"@type\":\"WebPage\",\"@id\":\"https:\/\/remotion.no\/areas\/splash-zone-operations\/\",\"url\":\"https:\/\/remotion.no\/areas\/splash-zone-operations\/\",\"name\":\"SPLASH ZONE OPERATIONS - Remotion\",\"isPartOf\":{\"@id\":\"https:\/\/remotion.no\/#website\"},\"primaryImageOfPage\":{\"@id\":\"https:\/\/remotion.no\/areas\/splash-zone-operations\/#primaryimage\"},\"image\":{\"@id\":\"https:\/\/remotion.no\/areas\/splash-zone-operations\/#primaryimage\"},\"thumbnailUrl\":\"https:\/\/remotion.no\/wp-content\/uploads\/2022\/04\/Splash-Zone.jpg\",\"datePublished\":\"2020-09-25T09:58:10+00:00\",\"dateModified\":\"2023-03-22T10:04:27+00:00\",\"breadcrumb\":{\"@id\":\"https:\/\/remotion.no\/areas\/splash-zone-operations\/#breadcrumb\"},\"inLanguage\":\"pt-PT\",\"potentialAction\":[{\"@type\":\"ReadAction\",\"target\":[\"https:\/\/remotion.no\/areas\/splash-zone-operations\/\"]}]},{\"@type\":\"ImageObject\",\"inLanguage\":\"pt-PT\",\"@id\":\"https:\/\/remotion.no\/areas\/splash-zone-operations\/#primaryimage\",\"url\":\"https:\/\/remotion.no\/wp-content\/uploads\/2022\/04\/Splash-Zone.jpg\",\"contentUrl\":\"https:\/\/remotion.no\/wp-content\/uploads\/2022\/04\/Splash-Zone.jpg\",\"width\":630,\"height\":350},{\"@type\":\"BreadcrumbList\",\"@id\":\"https:\/\/remotion.no\/areas\/splash-zone-operations\/#breadcrumb\",\"itemListElement\":[{\"@type\":\"ListItem\",\"position\":1,\"name\":\"Home\",\"item\":\"https:\/\/remotion.no\/\"},{\"@type\":\"ListItem\",\"position\":2,\"name\":\"Our Expertise\",\"item\":\"https:\/\/remotion.no\/areas\/\"},{\"@type\":\"ListItem\",\"position\":3,\"name\":\"SPLASH ZONE OPERATIONS\"}]},{\"@type\":\"WebSite\",\"@id\":\"https:\/\/remotion.no\/#website\",\"url\":\"https:\/\/remotion.no\/\",\"name\":\"Remotion\",\"description\":\"\",\"potentialAction\":[{\"@type\":\"SearchAction\",\"target\":{\"@type\":\"EntryPoint\",\"urlTemplate\":\"https:\/\/remotion.no\/?s={search_term_string}\"},\"query-input\":{\"@type\":\"PropertyValueSpecification\",\"valueRequired\":true,\"valueName\":\"search_term_string\"}}],\"inLanguage\":\"pt-PT\"}]}<\/script>\n<!-- \/ Yoast SEO plugin. -->","yoast_head_json":{"title":"SPLASH ZONE OPERATIONS - Remotion","robots":{"index":"index","follow":"follow","max-snippet":"max-snippet:-1","max-image-preview":"max-image-preview:large","max-video-preview":"max-video-preview:-1"},"canonical":"https:\/\/remotion.no\/pt\/areas\/splash-zone-operations\/","og_locale":"pt_PT","og_type":"article","og_title":"SPLASH ZONE OPERATIONS - Remotion","og_description":"Our unique proven Magnetic Remote Operated Robots address splashing zone operation challenges, delivering cost-savings and HSEQ improvements","og_url":"https:\/\/remotion.no\/pt\/areas\/splash-zone-operations\/","og_site_name":"Remotion","article_modified_time":"2023-03-22T10:04:27+00:00","og_image":[{"width":630,"height":350,"url":"https:\/\/remotion.no\/wp-content\/uploads\/2022\/04\/Splash-Zone.jpg","type":"image\/jpeg"}],"twitter_card":"summary_large_image","twitter_misc":{"Est. reading time":"1 minute"},"schema":{"@context":"https:\/\/schema.org","@graph":[{"@type":"WebPage","@id":"https:\/\/remotion.no\/areas\/splash-zone-operations\/","url":"https:\/\/remotion.no\/areas\/splash-zone-operations\/","name":"SPLASH ZONE OPERATIONS - Remotion","isPartOf":{"@id":"https:\/\/remotion.no\/#website"},"primaryImageOfPage":{"@id":"https:\/\/remotion.no\/areas\/splash-zone-operations\/#primaryimage"},"image":{"@id":"https:\/\/remotion.no\/areas\/splash-zone-operations\/#primaryimage"},"thumbnailUrl":"https:\/\/remotion.no\/wp-content\/uploads\/2022\/04\/Splash-Zone.jpg","datePublished":"2020-09-25T09:58:10+00:00","dateModified":"2023-03-22T10:04:27+00:00","breadcrumb":{"@id":"https:\/\/remotion.no\/areas\/splash-zone-operations\/#breadcrumb"},"inLanguage":"pt-PT","potentialAction":[{"@type":"ReadAction","target":["https:\/\/remotion.no\/areas\/splash-zone-operations\/"]}]},{"@type":"ImageObject","inLanguage":"pt-PT","@id":"https:\/\/remotion.no\/areas\/splash-zone-operations\/#primaryimage","url":"https:\/\/remotion.no\/wp-content\/uploads\/2022\/04\/Splash-Zone.jpg","contentUrl":"https:\/\/remotion.no\/wp-content\/uploads\/2022\/04\/Splash-Zone.jpg","width":630,"height":350},{"@type":"BreadcrumbList","@id":"https:\/\/remotion.no\/areas\/splash-zone-operations\/#breadcrumb","itemListElement":[{"@type":"ListItem","position":1,"name":"Home","item":"https:\/\/remotion.no\/"},{"@type":"ListItem","position":2,"name":"Our Expertise","item":"https:\/\/remotion.no\/areas\/"},{"@type":"ListItem","position":3,"name":"SPLASH ZONE OPERATIONS"}]},{"@type":"WebSite","@id":"https:\/\/remotion.no\/#website","url":"https:\/\/remotion.no\/","name":"Remotion","description":"","potentialAction":[{"@type":"SearchAction","target":{"@type":"EntryPoint","urlTemplate":"https:\/\/remotion.no\/?s={search_term_string}"},"query-input":{"@type":"PropertyValueSpecification","valueRequired":true,"valueName":"search_term_string"}}],"inLanguage":"pt-PT"}]}},"_links":{"self":[{"href":"https:\/\/remotion.no\/pt\/wp-json\/wp\/v2\/pages\/43","targetHints":{"allow":["GET"]}}],"collection":[{"href":"https:\/\/remotion.no\/pt\/wp-json\/wp\/v2\/pages"}],"about":[{"href":"https:\/\/remotion.no\/pt\/wp-json\/wp\/v2\/types\/page"}],"author":[{"embeddable":true,"href":"https:\/\/remotion.no\/pt\/wp-json\/wp\/v2\/users\/12"}],"replies":[{"embeddable":true,"href":"https:\/\/remotion.no\/pt\/wp-json\/wp\/v2\/comments?post=43"}],"version-history":[{"count":50,"href":"https:\/\/remotion.no\/pt\/wp-json\/wp\/v2\/pages\/43\/revisions"}],"predecessor-version":[{"id":2129,"href":"https:\/\/remotion.no\/pt\/wp-json\/wp\/v2\/pages\/43\/revisions\/2129"}],"up":[{"embeddable":true,"href":"https:\/\/remotion.no\/pt\/wp-json\/wp\/v2\/pages\/18"}],"wp:featuredmedia":[{"embeddable":true,"href":"https:\/\/remotion.no\/pt\/wp-json\/wp\/v2\/media\/1774"}],"wp:attachment":[{"href":"https:\/\/remotion.no\/pt\/wp-json\/wp\/v2\/media?parent=43"}],"curies":[{"name":"wp","href":"https:\/\/api.w.org\/{rel}","templated":true}]}}