{"id":83,"date":"2020-10-06T09:52:19","date_gmt":"2020-10-06T09:52:19","guid":{"rendered":"http:\/\/remotion.dev.com\/?page_id=83"},"modified":"2022-04-01T11:38:33","modified_gmt":"2022-04-01T10:38:33","slug":"hseq-policy-certificates","status":"publish","type":"page","link":"https:\/\/remotion.no\/pt\/about-remotion\/hseq-policy-certificates\/","title":{"rendered":"POL\u00cdTICA E CERTIFICADOS DE SSMAQ"},"content":{"rendered":"<ul class=\"wp-block-list\"><li>Nos comprometemos a garantir que os regulamentos estatut\u00e1rios sejam identificados e seguidos<\/li><li>Nos comprometemos a atender \u00e0s necessidades e expectativas de nossos clientes, garantindo a satisfa\u00e7\u00e3o deles; estamos dedicados a fornecer um alto padr\u00e3o de servi\u00e7o por meio de uma gest\u00e3o de alta qualidade\n<\/li><li>Nos comprometemos a melhorar continuamente a efic\u00e1cia de nosso Sistema de Gest\u00e3o da Qualidade, medindo e analisando dados para realizar melhorias necess\u00e1rias\n<\/li><li>Nos comprometemos , por meio de um design otimizado para seguran\u00e7a e meio ambiente, criar a base para prevenir acidentes causados por nossos produtos. Ao focar em opera\u00e7\u00f5es seguras e melhorias no local de trabalho, visamos reduzir o n\u00famero de quase acidentes e, assim, prevenir acidentes\n<\/li><li>Sabemos que funcion\u00e1rios motivados s\u00e3o um crit\u00e9rio-chave para um neg\u00f3cio bem-sucedido. A gest\u00e3o guiar\u00e1 nossos funcion\u00e1rios para ter um local de trabalho seguro e garantir que eles passem por treinamentos necess\u00e1rios para realizar suas atividades de maneira orientada para a qualidade, voltada para o servi\u00e7o e segura. Incentivamos os funcion\u00e1rios a desenvolver e alcan\u00e7ar metas pessoais!\n<\/li><\/ul>","protected":false},"excerpt":{"rendered":"<p>We shall ensure that statutory regulations are identified and followed. We shall meet our customer\u2019s needs, expectations and ensure satisfaction; We are dedicated to providing a high quality of service through a high degree of management. We shall continually improve the effectiveness of our Quality Management System by measuring and analyzing data to perform necessary [&hellip;]<\/p>","protected":false},"author":12,"featured_media":0,"parent":38,"menu_order":0,"comment_status":"closed","ping_status":"closed","template":"templates\/certificates.php","meta":{"_acf_changed":false,"footnotes":""},"class_list":["post-83","page","type-page","status-publish","hentry"],"acf":[],"yoast_head":"<!-- This site is optimized with the Yoast SEO plugin v26.8 - https:\/\/yoast.com\/product\/yoast-seo-wordpress\/ -->\n<title>HSEQ Policy &amp; Certificates - Remotion<\/title>\n<meta name=\"robots\" content=\"index, follow, max-snippet:-1, max-image-preview:large, max-video-preview:-1\" \/>\n<link rel=\"canonical\" href=\"https:\/\/remotion.no\/pt\/about-remotion\/hseq-policy-certificates\/\" \/>\n<meta property=\"og:locale\" content=\"pt_PT\" \/>\n<meta property=\"og:type\" content=\"article\" \/>\n<meta property=\"og:title\" content=\"HSEQ Policy &amp; Certificates - Remotion\" \/>\n<meta property=\"og:description\" content=\"We shall ensure that statutory regulations are identified and followed. We shall meet our customer\u2019s needs, expectations and ensure satisfaction; We are dedicated to providing a high quality of service through a high degree of management. We shall continually improve the effectiveness of our Quality Management System by measuring and analyzing data to perform necessary [&hellip;]\" \/>\n<meta property=\"og:url\" content=\"https:\/\/remotion.no\/pt\/about-remotion\/hseq-policy-certificates\/\" \/>\n<meta property=\"og:site_name\" content=\"Remotion\" \/>\n<meta property=\"article:modified_time\" content=\"2022-04-01T10:38:33+00:00\" \/>\n<meta name=\"twitter:card\" content=\"summary_large_image\" \/>\n<meta name=\"twitter:label1\" content=\"Est. reading time\" \/>\n\t<meta name=\"twitter:data1\" content=\"1 minute\" \/>\n<script type=\"application\/ld+json\" class=\"yoast-schema-graph\">{\"@context\":\"https:\/\/schema.org\",\"@graph\":[{\"@type\":\"WebPage\",\"@id\":\"https:\/\/remotion.no\/about-remotion\/hseq-policy-certificates\/\",\"url\":\"https:\/\/remotion.no\/about-remotion\/hseq-policy-certificates\/\",\"name\":\"HSEQ Policy & Certificates - Remotion\",\"isPartOf\":{\"@id\":\"https:\/\/remotion.no\/#website\"},\"datePublished\":\"2020-10-06T09:52:19+00:00\",\"dateModified\":\"2022-04-01T10:38:33+00:00\",\"breadcrumb\":{\"@id\":\"https:\/\/remotion.no\/about-remotion\/hseq-policy-certificates\/#breadcrumb\"},\"inLanguage\":\"pt-PT\",\"potentialAction\":[{\"@type\":\"ReadAction\",\"target\":[\"https:\/\/remotion.no\/about-remotion\/hseq-policy-certificates\/\"]}]},{\"@type\":\"BreadcrumbList\",\"@id\":\"https:\/\/remotion.no\/about-remotion\/hseq-policy-certificates\/#breadcrumb\",\"itemListElement\":[{\"@type\":\"ListItem\",\"position\":1,\"name\":\"Home\",\"item\":\"https:\/\/remotion.no\/\"},{\"@type\":\"ListItem\",\"position\":2,\"name\":\"About Remotion\",\"item\":\"https:\/\/remotion.no\/about-remotion\/\"},{\"@type\":\"ListItem\",\"position\":3,\"name\":\"HSEQ Policy &#038; Certificates\"}]},{\"@type\":\"WebSite\",\"@id\":\"https:\/\/remotion.no\/#website\",\"url\":\"https:\/\/remotion.no\/\",\"name\":\"Remotion\",\"description\":\"\",\"potentialAction\":[{\"@type\":\"SearchAction\",\"target\":{\"@type\":\"EntryPoint\",\"urlTemplate\":\"https:\/\/remotion.no\/?s={search_term_string}\"},\"query-input\":{\"@type\":\"PropertyValueSpecification\",\"valueRequired\":true,\"valueName\":\"search_term_string\"}}],\"inLanguage\":\"pt-PT\"}]}<\/script>\n<!-- \/ Yoast SEO plugin. -->","yoast_head_json":{"title":"HSEQ Policy & Certificates - Remotion","robots":{"index":"index","follow":"follow","max-snippet":"max-snippet:-1","max-image-preview":"max-image-preview:large","max-video-preview":"max-video-preview:-1"},"canonical":"https:\/\/remotion.no\/pt\/about-remotion\/hseq-policy-certificates\/","og_locale":"pt_PT","og_type":"article","og_title":"HSEQ Policy & Certificates - Remotion","og_description":"We shall ensure that statutory regulations are identified and followed. We shall meet our customer\u2019s needs, expectations and ensure satisfaction; We are dedicated to providing a high quality of service through a high degree of management. We shall continually improve the effectiveness of our Quality Management System by measuring and analyzing data to perform necessary [&hellip;]","og_url":"https:\/\/remotion.no\/pt\/about-remotion\/hseq-policy-certificates\/","og_site_name":"Remotion","article_modified_time":"2022-04-01T10:38:33+00:00","twitter_card":"summary_large_image","twitter_misc":{"Est. reading time":"1 minute"},"schema":{"@context":"https:\/\/schema.org","@graph":[{"@type":"WebPage","@id":"https:\/\/remotion.no\/about-remotion\/hseq-policy-certificates\/","url":"https:\/\/remotion.no\/about-remotion\/hseq-policy-certificates\/","name":"HSEQ Policy & Certificates - Remotion","isPartOf":{"@id":"https:\/\/remotion.no\/#website"},"datePublished":"2020-10-06T09:52:19+00:00","dateModified":"2022-04-01T10:38:33+00:00","breadcrumb":{"@id":"https:\/\/remotion.no\/about-remotion\/hseq-policy-certificates\/#breadcrumb"},"inLanguage":"pt-PT","potentialAction":[{"@type":"ReadAction","target":["https:\/\/remotion.no\/about-remotion\/hseq-policy-certificates\/"]}]},{"@type":"BreadcrumbList","@id":"https:\/\/remotion.no\/about-remotion\/hseq-policy-certificates\/#breadcrumb","itemListElement":[{"@type":"ListItem","position":1,"name":"Home","item":"https:\/\/remotion.no\/"},{"@type":"ListItem","position":2,"name":"About Remotion","item":"https:\/\/remotion.no\/about-remotion\/"},{"@type":"ListItem","position":3,"name":"HSEQ Policy &#038; Certificates"}]},{"@type":"WebSite","@id":"https:\/\/remotion.no\/#website","url":"https:\/\/remotion.no\/","name":"Remotion","description":"","potentialAction":[{"@type":"SearchAction","target":{"@type":"EntryPoint","urlTemplate":"https:\/\/remotion.no\/?s={search_term_string}"},"query-input":{"@type":"PropertyValueSpecification","valueRequired":true,"valueName":"search_term_string"}}],"inLanguage":"pt-PT"}]}},"_links":{"self":[{"href":"https:\/\/remotion.no\/pt\/wp-json\/wp\/v2\/pages\/83","targetHints":{"allow":["GET"]}}],"collection":[{"href":"https:\/\/remotion.no\/pt\/wp-json\/wp\/v2\/pages"}],"about":[{"href":"https:\/\/remotion.no\/pt\/wp-json\/wp\/v2\/types\/page"}],"author":[{"embeddable":true,"href":"https:\/\/remotion.no\/pt\/wp-json\/wp\/v2\/users\/12"}],"replies":[{"embeddable":true,"href":"https:\/\/remotion.no\/pt\/wp-json\/wp\/v2\/comments?post=83"}],"version-history":[{"count":6,"href":"https:\/\/remotion.no\/pt\/wp-json\/wp\/v2\/pages\/83\/revisions"}],"predecessor-version":[{"id":1734,"href":"https:\/\/remotion.no\/pt\/wp-json\/wp\/v2\/pages\/83\/revisions\/1734"}],"up":[{"embeddable":true,"href":"https:\/\/remotion.no\/pt\/wp-json\/wp\/v2\/pages\/38"}],"wp:attachment":[{"href":"https:\/\/remotion.no\/pt\/wp-json\/wp\/v2\/media?parent=83"}],"curies":[{"name":"wp","href":"https:\/\/api.w.org\/{rel}","templated":true}]}}